{"id":6068,"date":"2021-09-03T16:59:38","date_gmt":"2021-09-03T14:59:38","guid":{"rendered":"https:\/\/www.sentou2021.malibellule.com\/?page_id=6068"},"modified":"2025-03-10T18:01:07","modified_gmt":"2025-03-10T16:01:07","slug":"mentions-legales","status":"publish","type":"page","link":"https:\/\/sentou.fr\/el\/mentions-legales\/","title":{"rendered":"Mentions l\u00e9gales"},"content":{"rendered":"<div data-elementor-type=\"wp-page\" data-elementor-id=\"6068\" class=\"elementor elementor-6068\" data-elementor-post-type=\"page\">\n\t\t\t\t<div class=\"elementor-element elementor-element-9abbc8c e-flex e-con-boxed e-con e-parent\" data-id=\"9abbc8c\" data-element_type=\"container\" data-e-type=\"container\">\n\t\t\t\t\t<div class=\"e-con-inner\">\n\t\t<div class=\"elementor-element elementor-element-98cb883 e-con-full e-flex e-con e-child\" data-id=\"98cb883\" data-element_type=\"container\" data-e-type=\"container\">\n\t\t\t\t<div class=\"elementor-element elementor-element-7e54f52 elementor-widget-divider--view-line_text elementor-widget-divider--element-align-left elementor-widget elementor-widget-divider\" data-id=\"7e54f52\" data-element_type=\"widget\" data-e-type=\"widget\" data-widget_type=\"divider.default\">\n\t\t\t\t<div class=\"elementor-widget-container\">\n\t\t\t\t\t\t\t<div class=\"elementor-divider\">\n\t\t\t<span class=\"elementor-divider-separator\">\n\t\t\t\t\t\t\t<h1 class=\"elementor-divider__text elementor-divider__element\">\n\t\t\t\tMentions l\u00e9gales\t\t\t\t<\/h1>\n\t\t\t\t\t\t<\/span>\n\t\t<\/div>\n\t\t\t\t\t\t<\/div>\n\t\t\t\t<\/div>\n\t\t\t\t<\/div>\n\t\t\t\t\t<\/div>\n\t\t\t\t<\/div>\n\t\t<div class=\"elementor-element elementor-element-1a7ce8f e-flex e-con-boxed e-con e-parent\" data-id=\"1a7ce8f\" data-element_type=\"container\" data-e-type=\"container\">\n\t\t\t\t\t<div class=\"e-con-inner\">\n\t\t<div class=\"elementor-element elementor-element-a65106a e-con-full e-flex e-con e-child\" data-id=\"a65106a\" data-element_type=\"container\" data-e-type=\"container\">\n\t\t\t\t<div class=\"elementor-element elementor-element-05209fa elementor-widget elementor-widget-text-editor\" data-id=\"05209fa\" data-element_type=\"widget\" data-e-type=\"widget\" data-widget_type=\"text-editor.default\">\n\t\t\t\t<div class=\"elementor-widget-container\">\n\t\t\t\t\t\t\t\t\t<h4>Informations<\/h4><p>Le site internet www.sentou.fr est \u00e9dit\u00e9 par la soci\u00e9t\u00e9 SENTOU SAS soci\u00e9t\u00e9 par actions simplifi\u00e9e, au capital de 5.000euros, immatricul\u00e9e au Registre du Commerce et des Soci\u00e9t\u00e9s de Paris sous le n 902 412 022 &#8211; num\u00e9ro de TVA intracommunautaire FR 902 412 022 et dont le si\u00e8ge social est situ\u00e9 au 15 rue de la Forge Royale 75011 Paris.<\/p><p>La soci\u00e9t\u00e9 SENTOU SAS peut \u00eatre contact\u00e9e aux coordonn\u00e9es suivantes :<\/p><ul><li>Par t\u00e9l\u00e9phone : 09 50 58 76 96<\/li><li>Par email : sentou@sentou.fr<\/li><\/ul><h4>Directeur de la publication<\/h4><p>Pierre Romanet pr\u00e9sident de la soci\u00e9t\u00e9 SENTOU SAS<\/p><h4>H\u00e9bergement<\/h4><p>Le site www.sentou.fr est h\u00e9berg\u00e9 par Infomaniak dont le si\u00e8ge social est\u00a0Infomaniak Network SA Rue Euge\u0300ne-Marziano, 25 CH &#8211; 1227 Gene\u0300ve &#8211; Suisse<\/p><ul><li>t\u00e9l. +41 22 820 35 44<\/li><li>site internet : www.infomaniak.com<\/li><\/ul><h4>Cr\u00e9ation du site<\/h4><p>Le site www.sentou.fr a \u00e9t\u00e9 d\u00e9velopp\u00e9 et con\u00e7u par Karine Touya et Laurence Fernando <a href=\"https:\/\/www.malibellule.fr\/\" target=\"_blank\" rel=\"noopener\">www.malibellule.fr<\/a><\/p>\t\t\t\t\t\t\t\t<\/div>\n\t\t\t\t<\/div>\n\t\t\t\t<\/div>\n\t\t<div class=\"elementor-element elementor-element-2faa697 e-con-full e-flex e-con e-child\" data-id=\"2faa697\" data-element_type=\"container\" data-e-type=\"container\">\n\t\t\t\t<div class=\"elementor-element elementor-element-742d3bd elementor-widget elementor-widget-text-editor\" data-id=\"742d3bd\" data-element_type=\"widget\" data-e-type=\"widget\" data-widget_type=\"text-editor.default\">\n\t\t\t\t<div class=\"elementor-widget-container\">\n\t\t\t\t\t\t\t\t\t<h4>Propri\u00e9t\u00e9 intellectuelle<\/h4><p>La structure g\u00e9n\u00e9rale, ainsi que les textes, graphiques, bases de donn\u00e9es, images et sons et tout autre \u00e9l\u00e9ment composant ce site sont la propri\u00e9t\u00e9 de Sentou.<\/p><p>Toute repr\u00e9sentation et\/ou reproduction et\/ou exploitation partielle ou totale de ces produits est donc prohib\u00e9e.<\/p><p>L\u2019acc\u00e8s libre au site web ne vous conf\u00e8re en aucune fa\u00e7on et \u00e0 aucun titre le droit d\u2019utiliser, de reproduire ou de repr\u00e9senter l\u2019un quelconque des \u00e9l\u00e9ments du site, et notamment les marques qui y sont repr\u00e9sent\u00e9es.<\/p><p>Toute repr\u00e9sentation et\/ou reproduction et\/ou exploitation partielle ou totale de ce site, en ce compris l\u2019un quelconque des \u00e9l\u00e9ments le composant, et les marques qui y sont repr\u00e9sent\u00e9es, par quelques proc\u00e9d\u00e9s que se soient, sans l\u2019autorisation expresse et pr\u00e9alable de la soci\u00e9t\u00e9 Sentou est interdite et constituerait une contrefa\u00e7on au sens des articles L335-2 et \/ou L716-1 suivants du code de la propri\u00e9t\u00e9 intellectuelle.\u00a0<\/p><h4>Hyperliens<\/h4><p>Les hyperliens propos\u00e9s \u00e0 partir de ce site web, et notamment les hyperliens pointant vers des sites web de partenaires sont mis en oeuvre uniquement avec l\u2019accord des soci\u00e9t\u00e9s et organismes concern\u00e9s. Tout hyperlien mis en oeuvre vers le site web de Sentou doit faire l\u2019objet d\u2019une autorisation pr\u00e9alable et expresse de Sentou que vous pouvez solliciter via <a href=\"https:\/\/sentou.fr\/el\/contact\/\"><span style=\"text-decoration: underline;\">notre formulaire de contact<\/span><\/a><\/p>\t\t\t\t\t\t\t\t<\/div>\n\t\t\t\t<\/div>\n\t\t\t\t<\/div>\n\t\t\t\t\t<\/div>\n\t\t\t\t<\/div>\n\t\t\t\t<\/div>","protected":false},"excerpt":{"rendered":"<p>Mentions l\u00e9gales Informations Le site internet www.sentou.fr est \u00e9dit\u00e9 par la soci\u00e9t\u00e9 SENTOU SAS soci\u00e9t\u00e9 par actions simplifi\u00e9e, au capital de 5.000euros, immatricul\u00e9e au Registre du Commerce et des Soci\u00e9t\u00e9s de Paris sous le n 902 412 022 &#8211; num\u00e9ro de TVA intracommunautaire FR 902 412 022 et dont le si\u00e8ge social est situ\u00e9 au [&hellip;]<\/p>\n","protected":false},"author":3,"featured_media":0,"parent":0,"menu_order":0,"comment_status":"closed","ping_status":"closed","template":"elementor_header_footer","meta":{"site-sidebar-layout":"no-sidebar","site-content-layout":"page-builder","ast-site-content-layout":"default","site-content-style":"default","site-sidebar-style":"default","ast-global-header-display":"","ast-banner-title-visibility":"","ast-main-header-display":"","ast-hfb-above-header-display":"","ast-hfb-below-header-display":"","ast-hfb-mobile-header-display":"","site-post-title":"disabled","ast-breadcrumbs-content":"","ast-featured-img":"disabled","footer-sml-layout":"","ast-disable-related-posts":"","theme-transparent-header-meta":"default","adv-header-id-meta":"","stick-header-meta":"default","header-above-stick-meta":"","header-main-stick-meta":"","header-below-stick-meta":"","astra-migrate-meta-layouts":"default","ast-page-background-enabled":"default","ast-page-background-meta":{"desktop":{"background-color":"","background-image":"","background-repeat":"repeat","background-position":"center center","background-size":"auto","background-attachment":"scroll","background-type":"","background-media":"","overlay-type":"","overlay-color":"","overlay-opacity":"","overlay-gradient":""},"tablet":{"background-color":"","background-image":"","background-repeat":"repeat","background-position":"center center","background-size":"auto","background-attachment":"scroll","background-type":"","background-media":"","overlay-type":"","overlay-color":"","overlay-opacity":"","overlay-gradient":""},"mobile":{"background-color":"","background-image":"","background-repeat":"repeat","background-position":"center center","background-size":"auto","background-attachment":"scroll","background-type":"","background-media":"","overlay-type":"","overlay-color":"","overlay-opacity":"","overlay-gradient":""}},"ast-content-background-meta":{"desktop":{"background-color":"var(--ast-global-color-5)","background-image":"","background-repeat":"repeat","background-position":"center center","background-size":"auto","background-attachment":"scroll","background-type":"","background-media":"","overlay-type":"","overlay-color":"","overlay-opacity":"","overlay-gradient":""},"tablet":{"background-color":"var(--ast-global-color-5)","background-image":"","background-repeat":"repeat","background-position":"center center","background-size":"auto","background-attachment":"scroll","background-type":"","background-media":"","overlay-type":"","overlay-color":"","overlay-opacity":"","overlay-gradient":""},"mobile":{"background-color":"var(--ast-global-color-5)","background-image":"","background-repeat":"repeat","background-position":"center center","background-size":"auto","background-attachment":"scroll","background-type":"","background-media":"","overlay-type":"","overlay-color":"","overlay-opacity":"","overlay-gradient":""}},"footnotes":""},"class_list":["post-6068","page","type-page","status-publish","hentry"],"_links":{"self":[{"href":"https:\/\/sentou.fr\/el\/wp-json\/wp\/v2\/pages\/6068","targetHints":{"allow":["GET"]}}],"collection":[{"href":"https:\/\/sentou.fr\/el\/wp-json\/wp\/v2\/pages"}],"about":[{"href":"https:\/\/sentou.fr\/el\/wp-json\/wp\/v2\/types\/page"}],"author":[{"embeddable":true,"href":"https:\/\/sentou.fr\/el\/wp-json\/wp\/v2\/users\/3"}],"replies":[{"embeddable":true,"href":"https:\/\/sentou.fr\/el\/wp-json\/wp\/v2\/comments?post=6068"}],"version-history":[{"count":0,"href":"https:\/\/sentou.fr\/el\/wp-json\/wp\/v2\/pages\/6068\/revisions"}],"wp:attachment":[{"href":"https:\/\/sentou.fr\/el\/wp-json\/wp\/v2\/media?parent=6068"}],"curies":[{"name":"wp","href":"https:\/\/api.w.org\/{rel}","templated":true}]}}