{"id":6603,"date":"2021-09-06T14:46:36","date_gmt":"2021-09-06T12:46:36","guid":{"rendered":"https:\/\/www.sentou2021.malibellule.com\/?page_id=6603"},"modified":"2025-03-10T18:11:24","modified_gmt":"2025-03-10T16:11:24","slug":"politique-de-confidentialite","status":"publish","type":"page","link":"https:\/\/sentou.fr\/el\/politique-de-confidentialite\/","title":{"rendered":"Politique de confidentialit\u00e9"},"content":{"rendered":"<div data-elementor-type=\"wp-page\" data-elementor-id=\"6603\" class=\"elementor elementor-6603\" data-elementor-post-type=\"page\">\n\t\t\t\t<div class=\"elementor-element elementor-element-b6efbd8 e-flex e-con-boxed e-con e-parent\" data-id=\"b6efbd8\" data-element_type=\"container\" data-e-type=\"container\">\n\t\t\t\t\t<div class=\"e-con-inner\">\n\t\t<div class=\"elementor-element elementor-element-5cf873e e-con-full e-flex e-con e-child\" data-id=\"5cf873e\" data-element_type=\"container\" data-e-type=\"container\">\n\t\t\t\t<div class=\"elementor-element elementor-element-68ae18b elementor-widget-divider--view-line_text elementor-widget-divider--element-align-left elementor-widget elementor-widget-divider\" data-id=\"68ae18b\" data-element_type=\"widget\" data-e-type=\"widget\" data-widget_type=\"divider.default\">\n\t\t\t\t<div class=\"elementor-widget-container\">\n\t\t\t\t\t\t\t<div class=\"elementor-divider\">\n\t\t\t<span class=\"elementor-divider-separator\">\n\t\t\t\t\t\t\t<h1 class=\"elementor-divider__text elementor-divider__element\">\n\t\t\t\tPolitique de confidentialit\u00e9\t\t\t\t<\/h1>\n\t\t\t\t\t\t<\/span>\n\t\t<\/div>\n\t\t\t\t\t\t<\/div>\n\t\t\t\t<\/div>\n\t\t\t\t<div class=\"elementor-element elementor-element-9e097bf elementor-widget elementor-widget-text-editor\" data-id=\"9e097bf\" data-element_type=\"widget\" data-e-type=\"widget\" data-widget_type=\"text-editor.default\">\n\t\t\t\t<div class=\"elementor-widget-container\">\n\t\t\t\t\t\t\t\t\t<p>Dans le cadre de son activit\u00e9 de vente de produits de d\u00e9coration, la soci\u00e9t\u00e9 SENTOU est amen\u00e9e \u00e0\u00a0traiter des informations vous concernant. La pr\u00e9sente Politique de Confidentialit\u00e9 informe les\u00a0utilisateurs de la mani\u00e8re dont SENTOU recueille et traite leurs donn\u00e9es personnelles. Ils sont invit\u00e9s\u00a0\u00e0 la lire attentivement.<\/p>\t\t\t\t\t\t\t\t<\/div>\n\t\t\t\t<\/div>\n\t\t\t\t<\/div>\n\t\t\t\t\t<\/div>\n\t\t\t\t<\/div>\n\t\t<div class=\"elementor-element elementor-element-ca4d45c e-flex e-con-boxed e-con e-parent\" data-id=\"ca4d45c\" data-element_type=\"container\" data-e-type=\"container\">\n\t\t\t\t\t<div class=\"e-con-inner\">\n\t\t<div class=\"elementor-element elementor-element-2581b0c e-con-full e-flex e-con e-child\" data-id=\"2581b0c\" data-element_type=\"container\" data-e-type=\"container\">\n\t\t\t\t<div class=\"elementor-element elementor-element-1d0194a elementor-widget elementor-widget-text-editor\" data-id=\"1d0194a\" data-element_type=\"widget\" data-e-type=\"widget\" data-widget_type=\"text-editor.default\">\n\t\t\t\t<div class=\"elementor-widget-container\">\n\t\t\t\t\t\t\t\t\t<p><strong>1. Cat\u00e9gorie de donn\u00e9es personnelles trait\u00e9es<\/strong><\/p><p><strong>1.1<\/strong> Les donn\u00e9es \u00e0 caract\u00e8re personnel (ci-apr\u00e8s \u00ab\u00a0Donn\u00e9es Personnelles\u00bb) qui sont collect\u00e9es sur le site <a href=\"https:\/\/sentou.fr\/el\/\">sentou.fr<\/a> \u00a0(ci-apr\u00e8s le \u00ab\u00a0Site Internet\u00a0\u00bb ou le \u00ab\u00a0Site\u00a0\u00bb) sont les suivantes\u00a0:<\/p><ul><li><strong>Formulaire de contact :\u00a0<\/strong>Lors de l\u2019envoi d\u2019un formulaire de contact \u00e0 SENTOU, l\u2019utilisateur (ci-apr\u00e8s \u00ab\u00a0l\u2019Utilisateur\u00a0\u00bb) communique\u00a0n\u00e9cessairement\u00a0:\u00a0Pr\u00e9nom, Nom, email, t\u00e9l\u00e9phone<\/li><li><strong>Formulaire de contact professionnel :<\/strong>\u00a0Lors de l\u2019envoi d\u2019un formulaire de contact professionnel \u00e0 SENTOU, l\u2019utilisateur (ci-apr\u00e8s \u00ab\u00a0l\u2019Utilisateur\u00a0\u00bb), communique\u00a0n\u00e9cessairement\u00a0:\u00a0Pr\u00e9nom, Nom, email, soci\u00e9t\u00e9<\/li><li><strong>Formulaire inscription \u00ab\u00a0Newsletter\u00a0\u00bb :<\/strong>\u00a0Lors de l\u2019envoi d\u2019un formulaire d\u2019inscription \u00ab\u00a0Newsletter\u00a0\u00bb SENTOU, l\u2019utilisateur (ci-apr\u00e8s \u00ab\u00a0l\u2019Utilisateur\u00a0\u00bb), communique\u00a0n\u00e9cessairement\u00a0:\u00a0Adresse email<\/li><li><strong>Cookies :\u00a0<\/strong><span style=\"font-size: 16px;\">Les cookies sont des petits fichiers de taille limit\u00e9e envoy\u00e9s par le serveur internet au fichier cookie du navigateur situ\u00e9 sur le disque dur de votre ordinateur, de votre tablette ou votre mobile.<\/span><\/li><\/ul><div><div style=\"padding-left: 80px;\"><strong>N\u00e9cessaires : <\/strong>Certains cookies sont essentiels pour que vous puissiez b\u00e9n\u00e9ficier de toutes les fonctionnalit\u00e9s de notre site. Ils nous permettent de maintenir les sessions des utilisateurs et de pr\u00e9venir toute menace de s\u00e9curit\u00e9. Ils ne collectent ni ne stockent aucune information personnelle. Par exemple, ces cookies vous permettent de vous connecter \u00e0 votre compte et d&rsquo;ajouter des produits \u00e0 votre panier, et de passer \u00e0 la caisse en toute s\u00e9curit\u00e9.<\/div><div>\u00a0<\/div><div style=\"padding-left: 80px;\"><strong>Statistiques :<\/strong> Ces cookies stockent des informations telles que le nombre de visiteurs du site web, le nombre de visiteurs uniques, les pages du site web qui ont \u00e9t\u00e9 visit\u00e9es, la source de la visite, etc. Ces donn\u00e9es nous aident \u00e0 comprendre et \u00e0 analyser les performances du site web et les points \u00e0 am\u00e9liorer.<\/div><div>\u00a0<\/div><\/div><div><div style=\"padding-left: 80px;\"><strong>Marketing :<\/strong> Notre site web affiche des publicit\u00e9s. Ces cookies sont utilis\u00e9s pour personnaliser les publicit\u00e9s que nous vous montrons afin qu&rsquo;elles soient significatives pour vous. Ces cookies nous aident \u00e9galement \u00e0 suivre l&rsquo;efficacit\u00e9 de ces campagnes publicitaires.\u00a0Les informations stock\u00e9es dans ces cookies peuvent \u00e9galement \u00eatre utilis\u00e9es par les fournisseurs de publicit\u00e9 tiers pour vous montrer des publicit\u00e9s sur d&rsquo;autres sites web sur le navigateur \u00e9galement.<\/div><div>\u00a0<\/div><div><div style=\"padding-left: 80px;\"><strong>Fonctionnels<\/strong> : Ce sont les cookies qui aident certaines fonctionnalit\u00e9s non essentielles sur notre site web.\u00a0Ces fonctionnalit\u00e9s comprennent l&rsquo;int\u00e9gration de contenus tels que des vid\u00e9os ou le partage de contenus du site web sur des plateformes de m\u00e9dias sociaux.<\/div><div>\u00a0<\/div><div style=\"padding-left: 80px;\"><strong>Pr\u00e9f\u00e9rences :<\/strong> Ces cookies nous aident \u00e0 stocker vos param\u00e8tres et pr\u00e9f\u00e9rences de navigation, comme les pr\u00e9f\u00e9rences linguistiques, afin que vous ayez une exp\u00e9rience meilleure et efficace lors de vos prochaines visites sur le site web.<\/div><div><div><strong style=\"font-size: 16px;\">1.2 <\/strong><span style=\"font-size: 16px;\">Le responsable de traitement des Donn\u00e9es Personnelles est SENTOU,\u00a0soci\u00e9t\u00e9 par actions simplifi\u00e9e enregistr\u00e9e\u00a0au registre du commerce et des soci\u00e9t\u00e9s de\u00a0Paris\u00a0sous le num\u00e9ro\u00a0902412022, au capital de 5.000euros dont le si\u00e8ge social est situ\u00e9\u00a015 rue de la Forge Royale 75011 Paris, dont\u00a0Pierre Romanet\u00a0est le repr\u00e9sentant l\u00e9gal.<\/span><\/div><\/div><\/div><\/div><div><p><span style=\"font-weight: bold; font-size: 1rem;\">1.3\u00a0<\/span>Les Donn\u00e9es sont recueillies et trait\u00e9es dans la plus stricte confidentialit\u00e9, conform\u00e9ment aux dispositions de la loi n\u00b078-17 du 6 janvier 1978\u00a0relative \u00e0 l&rsquo;Informatique, aux fichiers et aux libert\u00e9s\u00a0modifi\u00e9e (\u00ab\u00a0Loi Informatique et Libert\u00e9s\u00bb) et du R\u00e8glement europ\u00e9en n\u00b02016\/679 du 27 avril 2016,\u00a0relatif \u00e0 la protection des personnes physiques \u00e0 l\u2019\u00e9gard du traitement des donn\u00e9es \u00e0 caract\u00e8re personnel\u00a0(\u00ab\u00a0RGPD\u00a0\u00bb). \u00a0<\/p><p><strong>1.4<\/strong> A l\u2019exception des Donn\u00e9es Personnelles identifi\u00e9es comme \u00e9tant facultatives, les Donn\u00e9es Personnelles sont n\u00e9cessaires \u00e0 la mise en relation avec SENTOU et doivent obligatoirement \u00eatre renseign\u00e9es. A d\u00e9faut, la demande de contact ne pourra \u00eatre prise en compte.<\/p><div><p><strong>2. Finalit\u00e9(s) et base(s) l\u00e9gale(s) du\/des traitements(s)<\/strong><\/p><div><strong>2.1.<\/strong> Les Donn\u00e9es Personnelles d\u00e9clar\u00e9es dans le formulaire de contact par les Utilisateurs sont utilis\u00e9es\u00a0dans le but\u00a0traiter leurs demandes et leurs commandes.\u00a0<span style=\"font-size: 16px;\">Ce traitement\u00a0est naturellement fond\u00e9 sur la n\u00e9cessit\u00e9 contractuelle. Sans ce traitement, SENTOU\u00a0n\u2019est pas en mesure d\u2019assurer\u00a0l\u2019ex\u00e9cution du contrat liant les Utilisateurs \u00e0 SENTOU conclu en adh\u00e9rant aux CGU.\u00a0<\/span><\/div><div>\u00a0<\/div><div><p style=\"text-align: left;\"><strong>2.2.\u00a0<\/strong>\u00a0 Les Donn\u00e9es Personnelles d\u00e9clar\u00e9es sont \u00e9galement utilis\u00e9es pour mener des op\u00e9rations de marketing et de fid\u00e9lisation, et adresser des publicit\u00e9s aux Utilisateurs sur des produits et services analogues et diff\u00e9rents.\u00a0<\/p><ul><li style=\"text-align: left;\">L\u2019envoi de la newsletter\u00a0SENTOU\u00a0et d\u2019invitations \u00e0 des \u00e9v\u00e9nements aux Utilisateurs est fond\u00e9 sur le consentement de ces derniers.<\/li><li style=\"text-align: left;\">Lorsque\u00a0SENTOU\u00a0sollicite les Utilisateurs par courriel \u00e0 des fins commerciales, sur des produits et services analogues, le traitement est justifi\u00e9 par l\u2019int\u00e9r\u00eat l\u00e9gitime de\u00a0\u00a0SENTOU\u00a0\u00e0 promouvoir ses activit\u00e9s et, partant, \u00e0 d\u00e9velopper son activit\u00e9 et \u00e0 fid\u00e9liser sa client\u00e8le.<\/li><li style=\"text-align: left;\">En revanche, s\u2019agissant de publicit\u00e9 pour des produits et services diff\u00e9rents,\u00a0SENTOU\u00a0ne sollicite\u00a0les Utilisateurs\u00a0que s\u2019ils y consentent, comme l\u2019exige l\u2019article L. 34-5 du code des postes et des communications \u00e9lectroniques.<\/li><li style=\"text-align: left;\">L\u2019invitation \u00e0 des \u00e9v\u00e9nements par courriel est \u00e9galement fond\u00e9e sur le consentement des Utilisateurs.<\/li><\/ul><\/div><\/div><\/div>\t\t\t\t\t\t\t\t<\/div>\n\t\t\t\t<\/div>\n\t\t\t\t<\/div>\n\t\t<div class=\"elementor-element elementor-element-3a79765 e-con-full e-flex e-con e-child\" data-id=\"3a79765\" data-element_type=\"container\" data-e-type=\"container\">\n\t\t\t\t<div class=\"elementor-element elementor-element-ccc7db2 elementor-widget elementor-widget-text-editor\" data-id=\"ccc7db2\" data-element_type=\"widget\" data-e-type=\"widget\" data-widget_type=\"text-editor.default\">\n\t\t\t\t<div class=\"elementor-widget-container\">\n\t\t\t\t\t\t\t\t\t<div><div><p style=\"text-align: left;\"><strong>2.3.\u00a0<\/strong>L\u2019utilisation de cookies strictement n\u00e9cessaires \u00e0 la fourniture du service propos\u00e9 par\u00a0SENTOU\u00a0est fond\u00e9e sur son int\u00e9r\u00eat l\u00e9gitime \u00e0 exercer son activit\u00e9 de commerce en ligne. L\u2019utilisation d\u2019autres cookies est fond\u00e9e sur le consentement des Utilisateurs, conform\u00e9ment \u00e0 l\u2019article 82 de la Loi Informatique et Libert\u00e9s.<\/p><p><strong>2.4.<\/strong> Lorsque le traitement est fond\u00e9 sur le consentement de l\u2019Utilisateur, celui-ci est libre de le retirer \u00e0 tout moment et sans motif.<\/p><p><strong>3. Destinataires des donn\u00e9es<\/strong><\/p><\/div><p><strong>3.1.<\/strong> Les Donn\u00e9es Personnelles sont utilis\u00e9es par les personnels habilit\u00e9s en charge du service \u00ab mise en relation \u00bb de SENTOU et par ses sous-traitants et prestataires techniques (informatique, h\u00e9bergement, distribution d\u2019emails, maintenance, etc.), services administratif, comptable et financier, marketing et commercial.<\/p><p><strong>3.2<\/strong>. Les Donn\u00e9es Personnelles recueillies pourront \u00eatre communiqu\u00e9es \u00e0 des tiers dans les cas suivants :<\/p><ul><li>Dans le cadre de partenariats commerciaux avec les soci\u00e9t\u00e9s dont la liste actualis\u00e9e est disponible ;<\/li><li>Si la loi l\u2019exige, SENTOU peut effectuer la transmission de donn\u00e9es pour donner suite aux r\u00e9clamations pr\u00e9sent\u00e9es contre le Site Internet et se conformer aux proc\u00e9dures administratives et judiciaires.<\/li><\/ul><p><strong>4. Transfert hors Union europ\u00e9ennes des donn\u00e9es\u00a0<\/strong><\/p><p>Nous nous effor\u00e7ons de conserver vos donn\u00e9es personnelles dans l\u2019Union europ\u00e9enne. Les Donn\u00e9es Personnelles peuvent toutefois faire l\u2019objet de transferts \u00e0 certains sous-traitants et partenaires commerciaux de SENTOU situ\u00e9s hors de l\u2019Union europ\u00e9enne.<\/p><p>SENTOU s\u2019assure que le traitement soit effectu\u00e9 dans le respect de la pr\u00e9sente Politique de Confidentialit\u00e9 et qu\u2019il soit encadr\u00e9 par les outils mis en place par la r\u00e8glementation europ\u00e9enne (d\u00e9cision d\u2019ad\u00e9quation ou Clauses Contractuelles Types).<\/p><p><strong>5. Dur\u00e9e de de conservation des donn\u00e9es\u00a0<\/strong><\/p><p><strong>5.1.<\/strong> Les Donn\u00e9es Personnelles sont conserv\u00e9es pour la dur\u00e9e de la mise en relation objet du contrat conclu entre l\u2019Utilisateur et SENTOU pendant une dur\u00e9e de trois ans apr\u00e8s le dernier contact \u00e9manant de l\u2019Utilisateur.<\/p><p><strong>5.2<\/strong>. La dur\u00e9e de vie des cookies de mesure d\u2019audience n\u2019exc\u00e8de pas 13 mois et les informations collect\u00e9es par leur biais ne sont pas conserv\u00e9es plus de 25 mois.<\/p><p><strong>6. S\u00e9curit\u00e9 et confidentialit\u00e9<\/strong><\/p><p>SENTOU met en \u0153uvre des mesures organisationnelles, techniques, logicielles et physiques n\u00e9cessaires afin de pr\u00e9server la confidentialit\u00e9, l\u2019int\u00e9grit\u00e9 et la s\u00e9curit\u00e9 des Donn\u00e9es Personnelles et notamment d&#8217;emp\u00eacher qu&rsquo;elles ne soient d\u00e9form\u00e9es, endommag\u00e9es ou communiqu\u00e9es \u00e0 des personnes non autoris\u00e9es, en assurant notamment la s\u00e9curisation de l\u2019acc\u00e8s \u00e0 ses syst\u00e8mes, la sensibilisation aux exigences de confidentialit\u00e9 des personnes amen\u00e9es \u00e0 y acc\u00e9der et la vigilance lors du choix de SENTOU : ses partenaires et sous-traitants.<\/p><p><strong>7. Exercice des droits des utilisateurs\u00a0:<\/strong><\/p><p><strong>7.1.<\/strong> Les Utilisateurs disposent des droits suivants qu\u2019ils peuvent faire valoir en \u00e9crivant \u00e0 l\u2019adresse \u00e9lectronique suivante : websentou@sentou.fr ou par courrier postal : SENTOU 15 rue de la Forge Royale 75011 Paris.<\/p><p>Plus pr\u00e9cis\u00e9ment, ils ont la possibilit\u00e9 de :<\/p><ul><li>Exercer leur droit d\u2019acc\u00e8s, afin de conna\u00eetre les Donn\u00e9es Personnelles les concernant ainsi que les informations mentionn\u00e9es \u00e0 l\u2019article 15 du RGPD ;<\/li><li>Demander \u00e0 ce que les Donn\u00e9es Personnelles les concernant qui seraient inexactes ou incompl\u00e8tes soient rectifi\u00e9es ;<\/li><li>Demander \u00e0 ce que les Donn\u00e9es Personnelles les concernant soient effac\u00e9es dans les conditions pr\u00e9vues \u00e0 l\u2019article 17 du RGPD ;<\/li><li>Demander la limitation des Donn\u00e9es Personnelles les concernant dans les conditions pr\u00e9vues \u00e0 l\u2019article 18 du RGPD ;<\/li><li>S\u2019opposer au traitement aux fins de prospection \u00e0 tout moment ;<\/li><li>Introduire une r\u00e9clamation aupr\u00e8s de la Commission Nationale de l\u2019Informatique et des Libert\u00e9s (CNIL) ;<\/li><li>Le droit de retirer leur consentement \u00e0 tout moment s\u2019agissant du traitement des donn\u00e9es fond\u00e9 sur le consentement de l\u2019Utilisateur.<\/li><\/ul><p>Pour des raisons de s\u00e9curit\u00e9 et \u00e9viter toute demande frauduleuse, SENTOU se r\u00e9serve le droit de demander \u00e0 la personne exer\u00e7ant lesdits droits un justificatif d&rsquo;identit\u00e9. Apr\u00e8s traitement de la demande, ce justificatif sera d\u00e9truit.<\/p><p><strong>7.2<\/strong>. S\u2019agissant des cookies, l\u2019Utilisateur peut d\u2019abord refuser l\u2019installation des cookies n\u00e9cessitant son consentement pr\u00e9alable en cliquant sur \u00ab Tout refuser \u00bb lorsque la banni\u00e8re s\u2019affiche. <br \/>L\u2019Utilisateur peut aussi choisir \u00e0 tout moment de d\u00e9sactiver tout ou une partie de ces cookies en modifiant les param\u00e8tres de son navigateur. <br \/>Lorsque tous les cookies sont d\u00e9sactiv\u00e9s, notamment les cookies techniques n\u00e9cessaires au fonctionnement du Site Internet, certaines fonctionnalit\u00e9s du Site peuvent ne pas fonctionner convenablement.<\/p><p>Le site <a href=\"https:\/\/www.allaboutcookies.org\/manage-cookies\/index.html\" target=\"_blank\" rel=\"noopener\">http:\/\/www.allaboutcookies.org\/manage-cookies\/index.html<\/a> fournit des informations sur les navigateurs les plus utilis\u00e9s.<\/p><p><strong>8. \u00c9volution de la pr\u00e9sente clause<\/strong><\/p><p>SENTOU se r\u00e9serve le droit d\u2019apporter toute modification \u00e0 la pr\u00e9sente Politique de Confidentialit\u00e9 \u00e0 tout moment et s\u2019engage \u00e0 publier la nouvelle version sur le Site Internet. Si l\u2019Utilisateur n\u2019est pas d\u2019accord avec les termes de la nouvelle r\u00e9daction de la Politique de Confidentialit\u00e9, il lui appartient de ne plus utiliser le Site Internet.<\/p><\/div>\t\t\t\t\t\t\t\t<\/div>\n\t\t\t\t<\/div>\n\t\t\t\t<\/div>\n\t\t\t\t\t<\/div>\n\t\t\t\t<\/div>\n\t\t\t\t<\/div>","protected":false},"excerpt":{"rendered":"<p>Politique de confidentialit\u00e9 Dans le cadre de son activit\u00e9 de vente de produits de d\u00e9coration, la soci\u00e9t\u00e9 SENTOU est amen\u00e9e \u00e0\u00a0traiter des informations vous concernant. La pr\u00e9sente Politique de Confidentialit\u00e9 informe les\u00a0utilisateurs de la mani\u00e8re dont SENTOU recueille et traite leurs donn\u00e9es personnelles. Ils sont invit\u00e9s\u00a0\u00e0 la lire attentivement. 1. Cat\u00e9gorie de donn\u00e9es personnelles trait\u00e9es [&hellip;]<\/p>\n","protected":false},"author":3,"featured_media":0,"parent":0,"menu_order":0,"comment_status":"closed","ping_status":"closed","template":"elementor_header_footer","meta":{"site-sidebar-layout":"no-sidebar","site-content-layout":"page-builder","ast-site-content-layout":"default","site-content-style":"default","site-sidebar-style":"default","ast-global-header-display":"","ast-banner-title-visibility":"","ast-main-header-display":"","ast-hfb-above-header-display":"","ast-hfb-below-header-display":"","ast-hfb-mobile-header-display":"","site-post-title":"disabled","ast-breadcrumbs-content":"","ast-featured-img":"disabled","footer-sml-layout":"","ast-disable-related-posts":"","theme-transparent-header-meta":"default","adv-header-id-meta":"","stick-header-meta":"default","header-above-stick-meta":"","header-main-stick-meta":"","header-below-stick-meta":"","astra-migrate-meta-layouts":"default","ast-page-background-enabled":"default","ast-page-background-meta":{"desktop":{"background-color":"","background-image":"","background-repeat":"repeat","background-position":"center center","background-size":"auto","background-attachment":"scroll","background-type":"","background-media":"","overlay-type":"","overlay-color":"","overlay-opacity":"","overlay-gradient":""},"tablet":{"background-color":"","background-image":"","background-repeat":"repeat","background-position":"center center","background-size":"auto","background-attachment":"scroll","background-type":"","background-media":"","overlay-type":"","overlay-color":"","overlay-opacity":"","overlay-gradient":""},"mobile":{"background-color":"","background-image":"","background-repeat":"repeat","background-position":"center center","background-size":"auto","background-attachment":"scroll","background-type":"","background-media":"","overlay-type":"","overlay-color":"","overlay-opacity":"","overlay-gradient":""}},"ast-content-background-meta":{"desktop":{"background-color":"var(--ast-global-color-5)","background-image":"","background-repeat":"repeat","background-position":"center center","background-size":"auto","background-attachment":"scroll","background-type":"","background-media":"","overlay-type":"","overlay-color":"","overlay-opacity":"","overlay-gradient":""},"tablet":{"background-color":"var(--ast-global-color-5)","background-image":"","background-repeat":"repeat","background-position":"center center","background-size":"auto","background-attachment":"scroll","background-type":"","background-media":"","overlay-type":"","overlay-color":"","overlay-opacity":"","overlay-gradient":""},"mobile":{"background-color":"var(--ast-global-color-5)","background-image":"","background-repeat":"repeat","background-position":"center center","background-size":"auto","background-attachment":"scroll","background-type":"","background-media":"","overlay-type":"","overlay-color":"","overlay-opacity":"","overlay-gradient":""}},"footnotes":""},"class_list":["post-6603","page","type-page","status-publish","hentry"],"_links":{"self":[{"href":"https:\/\/sentou.fr\/el\/wp-json\/wp\/v2\/pages\/6603","targetHints":{"allow":["GET"]}}],"collection":[{"href":"https:\/\/sentou.fr\/el\/wp-json\/wp\/v2\/pages"}],"about":[{"href":"https:\/\/sentou.fr\/el\/wp-json\/wp\/v2\/types\/page"}],"author":[{"embeddable":true,"href":"https:\/\/sentou.fr\/el\/wp-json\/wp\/v2\/users\/3"}],"replies":[{"embeddable":true,"href":"https:\/\/sentou.fr\/el\/wp-json\/wp\/v2\/comments?post=6603"}],"version-history":[{"count":0,"href":"https:\/\/sentou.fr\/el\/wp-json\/wp\/v2\/pages\/6603\/revisions"}],"wp:attachment":[{"href":"https:\/\/sentou.fr\/el\/wp-json\/wp\/v2\/media?parent=6603"}],"curies":[{"name":"wp","href":"https:\/\/api.w.org\/{rel}","templated":true}]}}