{"id":10607,"date":"2023-09-13T10:46:29","date_gmt":"2023-09-13T08:46:29","guid":{"rendered":"https:\/\/sentou.fr\/?post_type=product&#038;p=10607"},"modified":"2024-12-13T20:53:06","modified_gmt":"2024-12-13T18:53:06","slug":"akari-10d","status":"publish","type":"product","link":"https:\/\/sentou.fr\/el\/produit\/akari-10d\/","title":{"rendered":"Akari 10D"},"content":{"rendered":"<ul>\n<li><strong style=\"font-weight: bold; color: #4f4f4f;\">Dimensions :<\/strong><span style=\"color: #4f4f4f;\"> L 53 x H 123 cm<\/span><\/li>\n<li><strong style=\"font-weight: bold; color: #4f4f4f;\">Mat\u00e9riaux :<\/strong><span style=\"color: #4f4f4f;\"> Papier washi, structure bambou, pied m\u00e9tal.<\/span><\/li>\n<li><strong>Ann\u00e9e de cr\u00e9ation:<\/strong> 1952<\/li>\n<li><strong style=\"font-weight: bold; color: #4f4f4f;\">Informations compl\u00e9mentaires \u00a0:<\/strong><span style=\"color: #4f4f4f;\"> La lampe AKARI 10D est livr\u00e9e avec un montage \u00e9lectrique aux normes europ\u00e9ennes, douille E27.<\/span><\/li>\n<\/ul>\n<hr \/>\n<p>Les sculptures lumineuses AKARI, mot qui signifie lumi\u00e8re en japonais, diffusent une lumi\u00e8re douce et solaire.<\/p>\n<p>Isamu Noguchi aimait \u00e0 dire que \u00ab pour se cr\u00e9er un chez-\u00adsoi, il suffit d\u2019une pi\u00e8ce, d\u2019un tatami et d\u2019une AKARI \u00bb.<\/p>\n<p>La collection de luminaires AKARI, dessin\u00e9e par Isamu Noguchi \u00e0 partir de 1951, est le fruit d\u2019un v\u00e9ritable travail artisanal perp\u00e9tu\u00e9 depuis le VIIe si\u00e8cle.<\/p>\n<p>Fabriqu\u00e9e artisanalement au Japon, dans le m\u00eame atelier depuis les ann\u00e9es 50, la collection AKARI est r\u00e9alis\u00e9e \u00e0 la main en papier Washi, fabriqu\u00e9 de mani\u00e8re traditionnelle \u00e0 partir de l\u2019\u00e9corce interne du m\u00fbrier. Le papier est ensuite coll\u00e9 \u00e0 la main sur une armature flexible en lamelles de bambou, qui lui donne cette allure si l\u00e9g\u00e8re et d\u00e9licate.<\/p>\n<p>Consid\u00e9r\u00e9 comme un talent universel, Isamu Noguchi marqua son \u0153uvre d\u2019un style sculptural vou\u00e9 \u00e0 un langage formel organique qui influencera durablement le design.<\/p>","protected":false},"excerpt":{"rendered":"<p>Cr\u00e9\u00e9e en 1952, la lampe 10D est un lampadaire qui fait partie de la premi\u00e8re s\u00e9rie de mod\u00e8les imagin\u00e9s par Isamu Noguchi.<\/p>\n<p>Ces luminaires tripodes se diff\u00e9rencient des autres AKARI par leur structure : deux anneaux en bambou maintiennent le papier washi de part et d\u2019autre, pour un design plus traditionnel.<\/p>\n<p>Silhouette iconique de la collection AKARI, la lampe 10D modernise les lanternes traditionnelles japonaises qui l\u2019ont inspir\u00e9e.<\/p>\n<p>Les sculptures lumineuses Akari d&rsquo;Isamu Noguchi sont consid\u00e9r\u00e9es comme des ic\u00f4nes du design moderne du XX\u00e8me si\u00e8cle. Con\u00e7ues par Noguchi \u00e0 partir de 1952 et fabriqu\u00e9es \u00e0 la main depuis un demi-si\u00e8cle par le fabricant d&rsquo;origine \u00e0 Gifu, au Japon, ces lanternes en papier sont l\u2019association parfaite d&rsquo;un artisanat japonais et de formes modernistes.<\/p>\n<p>Les lampes sont r\u00e9alis\u00e9es \u00e0 partir de papier washi coll\u00e9 sur des nervures de fil de bambou, soutenues par une fine structure m\u00e9tallique.<\/p>","protected":false},"featured_media":10747,"template":"","meta":{"site-sidebar-layout":"default","site-content-layout":"default","ast-site-content-layout":"default","site-content-style":"default","site-sidebar-style":"default","ast-global-header-display":"","ast-banner-title-visibility":"","ast-main-header-display":"","ast-hfb-above-header-display":"","ast-hfb-below-header-display":"","ast-hfb-mobile-header-display":"","site-post-title":"","ast-breadcrumbs-content":"","ast-featured-img":"","footer-sml-layout":"","ast-disable-related-posts":"","theme-transparent-header-meta":"default","adv-header-id-meta":"","stick-header-meta":"default","header-above-stick-meta":"","header-main-stick-meta":"","header-below-stick-meta":"","astra-migrate-meta-layouts":"set","ast-page-background-enabled":"default","ast-page-background-meta":{"desktop":{"background-color":"","background-image":"","background-repeat":"repeat","background-position":"center center","background-size":"auto","background-attachment":"scroll","background-type":"","background-media":"","overlay-type":"","overlay-color":"","overlay-opacity":"","overlay-gradient":""},"tablet":{"background-color":"","background-image":"","background-repeat":"repeat","background-position":"center center","background-size":"auto","background-attachment":"scroll","background-type":"","background-media":"","overlay-type":"","overlay-color":"","overlay-opacity":"","overlay-gradient":""},"mobile":{"background-color":"","background-image":"","background-repeat":"repeat","background-position":"center center","background-size":"auto","background-attachment":"scroll","background-type":"","background-media":"","overlay-type":"","overlay-color":"","overlay-opacity":"","overlay-gradient":""}},"ast-content-background-meta":{"desktop":{"background-color":"var(--ast-global-color-5)","background-image":"","background-repeat":"repeat","background-position":"center center","background-size":"auto","background-attachment":"scroll","background-type":"","background-media":"","overlay-type":"","overlay-color":"","overlay-opacity":"","overlay-gradient":""},"tablet":{"background-color":"var(--ast-global-color-5)","background-image":"","background-repeat":"repeat","background-position":"center center","background-size":"auto","background-attachment":"scroll","background-type":"","background-media":"","overlay-type":"","overlay-color":"","overlay-opacity":"","overlay-gradient":""},"mobile":{"background-color":"var(--ast-global-color-5)","background-image":"","background-repeat":"repeat","background-position":"center center","background-size":"auto","background-attachment":"scroll","background-type":"","background-media":"","overlay-type":"","overlay-color":"","overlay-opacity":"","overlay-gradient":""}}},"product_brand":[],"product_cat":[17,299,570,75,93],"product_tag":[197,220],"class_list":{"0":"post-10607","1":"product","2":"type-product","3":"status-publish","4":"has-post-thumbnail","6":"product_cat-luminaires","7":"product_cat-cadeaux","8":"product_cat-collectors","9":"product_cat-isamu-noguchi","10":"product_cat-lampadaires","11":"product_tag-akari","12":"product_tag-isamu-noguchi","13":"desktop-align-left","14":"tablet-align-left","15":"mobile-align-left","16":"ast-product-gallery-layout-horizontal","17":"ast-qv-on-image","19":"first","20":"instock","21":"taxable","22":"shipping-taxable","23":"purchasable","24":"product-type-simple"},"_links":{"self":[{"href":"https:\/\/sentou.fr\/el\/wp-json\/wp\/v2\/product\/10607","targetHints":{"allow":["GET"]}}],"collection":[{"href":"https:\/\/sentou.fr\/el\/wp-json\/wp\/v2\/product"}],"about":[{"href":"https:\/\/sentou.fr\/el\/wp-json\/wp\/v2\/types\/product"}],"wp:featuredmedia":[{"embeddable":true,"href":"https:\/\/sentou.fr\/el\/wp-json\/wp\/v2\/media\/10747"}],"wp:attachment":[{"href":"https:\/\/sentou.fr\/el\/wp-json\/wp\/v2\/media?parent=10607"}],"wp:term":[{"taxonomy":"product_brand","embeddable":true,"href":"https:\/\/sentou.fr\/el\/wp-json\/wp\/v2\/product_brand?post=10607"},{"taxonomy":"product_cat","embeddable":true,"href":"https:\/\/sentou.fr\/el\/wp-json\/wp\/v2\/product_cat?post=10607"},{"taxonomy":"product_tag","embeddable":true,"href":"https:\/\/sentou.fr\/el\/wp-json\/wp\/v2\/product_tag?post=10607"}],"curies":[{"name":"wp","href":"https:\/\/api.w.org\/{rel}","templated":true}]}}