{"id":10877,"date":"2022-09-30T10:48:39","date_gmt":"2022-09-30T08:48:39","guid":{"rendered":"https:\/\/sentou.fr\/?post_type=product&#038;p=10877"},"modified":"2023-12-12T19:13:20","modified_gmt":"2023-12-12T17:13:20","slug":"tabouret-cryptogamme-jaune-coussin-taupe","status":"publish","type":"product","link":"https:\/\/sentou.fr\/el\/produit\/tabouret-cryptogamme-jaune-coussin-taupe\/","title":{"rendered":"Tabouret Cryptogamme jaune coussin taupe"},"content":{"rendered":"<ul>\n<li><strong style=\"font-weight: bold; color: #4f4f4f;\">Dimensions :<\/strong> L 40 x 41,5 cm<\/li>\n<li><span style=\"color: #000000;\"><strong>Structure\u00a0<\/strong>: r\u00e9sine polyester laqu\u00e9e<br \/>\n<\/span><\/li>\n<li><span style=\"color: #000000;\"><strong>Assise<\/strong> : mousse polyur\u00e9thane<br \/>\n<\/span><\/li>\n<li><span style=\"color: #000000;\"><strong>Rev\u00eatement<\/strong> : 100% pure laine vierge, Martindale 50 000.<\/span><\/li>\n<\/ul>","protected":false},"excerpt":{"rendered":"<p>Le tabouret Cryptogamme fait partie d&rsquo;une collection de mobilier imagin\u00e9e par Roger Tallon en 1969 pour un projet de caf\u00e9t\u00e9ria au Grand Palais.<\/p>\n<p>R\u00e9\u00e9dit\u00e9 par Sentou en 2015, il se d\u00e9cline en plusieurs couleurs de pi\u00e8tement et 8 couleurs d&rsquo;assise 100% laine.<\/p>","protected":false},"featured_media":10898,"template":"","meta":{"site-sidebar-layout":"default","site-content-layout":"default","ast-site-content-layout":"default","site-content-style":"default","site-sidebar-style":"default","ast-global-header-display":"","ast-banner-title-visibility":"","ast-main-header-display":"","ast-hfb-above-header-display":"","ast-hfb-below-header-display":"","ast-hfb-mobile-header-display":"","site-post-title":"","ast-breadcrumbs-content":"","ast-featured-img":"","footer-sml-layout":"","ast-disable-related-posts":"","theme-transparent-header-meta":"default","adv-header-id-meta":"","stick-header-meta":"default","header-above-stick-meta":"","header-main-stick-meta":"","header-below-stick-meta":"","astra-migrate-meta-layouts":"set","ast-page-background-enabled":"default","ast-page-background-meta":{"desktop":{"background-color":"","background-image":"","background-repeat":"repeat","background-position":"center center","background-size":"auto","background-attachment":"scroll","background-type":"","background-media":"","overlay-type":"","overlay-color":"","overlay-opacity":"","overlay-gradient":""},"tablet":{"background-color":"","background-image":"","background-repeat":"repeat","background-position":"center center","background-size":"auto","background-attachment":"scroll","background-type":"","background-media":"","overlay-type":"","overlay-color":"","overlay-opacity":"","overlay-gradient":""},"mobile":{"background-color":"","background-image":"","background-repeat":"repeat","background-position":"center center","background-size":"auto","background-attachment":"scroll","background-type":"","background-media":"","overlay-type":"","overlay-color":"","overlay-opacity":"","overlay-gradient":""}},"ast-content-background-meta":{"desktop":{"background-color":"var(--ast-global-color-5)","background-image":"","background-repeat":"repeat","background-position":"center center","background-size":"auto","background-attachment":"scroll","background-type":"","background-media":"","overlay-type":"","overlay-color":"","overlay-opacity":"","overlay-gradient":""},"tablet":{"background-color":"var(--ast-global-color-5)","background-image":"","background-repeat":"repeat","background-position":"center center","background-size":"auto","background-attachment":"scroll","background-type":"","background-media":"","overlay-type":"","overlay-color":"","overlay-opacity":"","overlay-gradient":""},"mobile":{"background-color":"var(--ast-global-color-5)","background-image":"","background-repeat":"repeat","background-position":"center center","background-size":"auto","background-attachment":"scroll","background-type":"","background-media":"","overlay-type":"","overlay-color":"","overlay-opacity":"","overlay-gradient":""}}},"product_brand":[],"product_cat":[18,299,146,74,72,89,421],"product_tag":[206,221],"class_list":{"0":"post-10877","1":"product","2":"type-product","3":"status-publish","4":"has-post-thumbnail","6":"product_cat-mobilier","7":"product_cat-cadeaux","8":"product_cat-e-shop","9":"product_cat-roger-tallon","10":"product_cat-sentou","11":"product_cat-sieges","12":"product_cat-tabouret","13":"product_tag-cryptogamme","14":"product_tag-roger-tallon","15":"desktop-align-left","16":"tablet-align-left","17":"mobile-align-left","18":"ast-product-gallery-layout-horizontal","19":"ast-qv-on-image","21":"first","22":"instock","23":"taxable","24":"shipping-taxable","25":"purchasable","26":"product-type-simple"},"_links":{"self":[{"href":"https:\/\/sentou.fr\/el\/wp-json\/wp\/v2\/product\/10877","targetHints":{"allow":["GET"]}}],"collection":[{"href":"https:\/\/sentou.fr\/el\/wp-json\/wp\/v2\/product"}],"about":[{"href":"https:\/\/sentou.fr\/el\/wp-json\/wp\/v2\/types\/product"}],"wp:featuredmedia":[{"embeddable":true,"href":"https:\/\/sentou.fr\/el\/wp-json\/wp\/v2\/media\/10898"}],"wp:attachment":[{"href":"https:\/\/sentou.fr\/el\/wp-json\/wp\/v2\/media?parent=10877"}],"wp:term":[{"taxonomy":"product_brand","embeddable":true,"href":"https:\/\/sentou.fr\/el\/wp-json\/wp\/v2\/product_brand?post=10877"},{"taxonomy":"product_cat","embeddable":true,"href":"https:\/\/sentou.fr\/el\/wp-json\/wp\/v2\/product_cat?post=10877"},{"taxonomy":"product_tag","embeddable":true,"href":"https:\/\/sentou.fr\/el\/wp-json\/wp\/v2\/product_tag?post=10877"}],"curies":[{"name":"wp","href":"https:\/\/api.w.org\/{rel}","templated":true}]}}