{"id":10904,"date":"2022-10-01T09:36:44","date_gmt":"2022-10-01T07:36:44","guid":{"rendered":"https:\/\/sentou.fr\/?post_type=product&#038;p=10904"},"modified":"2025-04-01T15:37:04","modified_gmt":"2025-04-01T13:37:04","slug":"livre-noguchi-in-paris-the-unesco-garden","status":"publish","type":"product","link":"https:\/\/sentou.fr\/el\/produit\/livre-noguchi-in-paris-the-unesco-garden\/","title":{"rendered":"Livre NOGUCHI IN PARIS: THE UNESCO GARDEN"},"content":{"rendered":"<ul>\n<li style=\"font-weight: 400;\"><strong>Editeur : <\/strong>William K Stout Pub ; Premi\u00e8re \u00e9dition (31 octobre 2003)<\/li>\n<li style=\"font-weight: 400;\"><strong>Langue : <\/strong>Anglais<\/li>\n<li style=\"font-weight: 400;\"><strong>Couverture rigide : <\/strong>147 pages<\/li>\n<li style=\"font-weight: 400;\"><strong>ISBN-10 : <\/strong>0970973144<\/li>\n<li><strong>Dimensions : <\/strong>20,5 x 26cm<\/li>\n<\/ul>","protected":false},"excerpt":{"rendered":"<p style=\"font-weight: 400;\"><strong>Livre NOGUCHI IN PARIS: THE UNESCO GARDEN<\/strong><\/p>\n<p style=\"font-weight: 400;\">En 1958, gr\u00e2ce au projet de jardin command\u00e9 par l\u2019UNESCO pour son nouveau si\u00e8ge \u00e0 Paris, Noguchi r\u00e9alise une \u0153uvre ext\u00e9rieure lui permettant de confronter la sculpture moderne et, d&rsquo;une certaine mani\u00e8re, ses propres origines nippo-am\u00e9ricaines.<\/p>\n<p style=\"font-weight: 400;\">Il a con\u00e7u ce jardin en 2 espaces\u00a0: un jardin inf\u00e9rieur avec des surfaces de pierre model\u00e9es, de la verdure, des arrangements de rochers, une cascade peu profonde et un bassin qui rappelaient directement l&rsquo;h\u00e9ritage de la conception des jardins japonais.<\/p>\n<p style=\"font-weight: 400;\">La partie sup\u00e9rieure est con\u00e7ue comme un balcon sur le jardin inf\u00e9rieur, un terrasse plus min\u00e9rale, plus radicale peupl\u00e9e de sculptures et de mobilier sculptures. Les photographies historiques et contemporaines de ce livre pr\u00e9sentent l&rsquo;\u00e9volution du projet, ainsi que ses couleurs et ses textures au fil des saisons.<\/p>\n<p><strong>EDITION ORIGINALE<\/strong> : nos livres sont en tr\u00e8s bon \u00e9tat mais peuvent pr\u00e9senter quelques d\u00e9fauts d\u00fbs \u00e0 leur \u00e2ge<\/p>","protected":false},"featured_media":10923,"template":"","meta":{"site-sidebar-layout":"default","site-content-layout":"default","ast-site-content-layout":"default","site-content-style":"default","site-sidebar-style":"default","ast-global-header-display":"","ast-banner-title-visibility":"","ast-main-header-display":"","ast-hfb-above-header-display":"","ast-hfb-below-header-display":"","ast-hfb-mobile-header-display":"","site-post-title":"","ast-breadcrumbs-content":"","ast-featured-img":"","footer-sml-layout":"","ast-disable-related-posts":"","theme-transparent-header-meta":"default","adv-header-id-meta":"","stick-header-meta":"default","header-above-stick-meta":"","header-main-stick-meta":"","header-below-stick-meta":"","astra-migrate-meta-layouts":"set","ast-page-background-enabled":"default","ast-page-background-meta":{"desktop":{"background-color":"","background-image":"","background-repeat":"repeat","background-position":"center center","background-size":"auto","background-attachment":"scroll","background-type":"","background-media":"","overlay-type":"","overlay-color":"","overlay-opacity":"","overlay-gradient":""},"tablet":{"background-color":"","background-image":"","background-repeat":"repeat","background-position":"center center","background-size":"auto","background-attachment":"scroll","background-type":"","background-media":"","overlay-type":"","overlay-color":"","overlay-opacity":"","overlay-gradient":""},"mobile":{"background-color":"","background-image":"","background-repeat":"repeat","background-position":"center center","background-size":"auto","background-attachment":"scroll","background-type":"","background-media":"","overlay-type":"","overlay-color":"","overlay-opacity":"","overlay-gradient":""}},"ast-content-background-meta":{"desktop":{"background-color":"var(--ast-global-color-5)","background-image":"","background-repeat":"repeat","background-position":"center center","background-size":"auto","background-attachment":"scroll","background-type":"","background-media":"","overlay-type":"","overlay-color":"","overlay-opacity":"","overlay-gradient":""},"tablet":{"background-color":"var(--ast-global-color-5)","background-image":"","background-repeat":"repeat","background-position":"center center","background-size":"auto","background-attachment":"scroll","background-type":"","background-media":"","overlay-type":"","overlay-color":"","overlay-opacity":"","overlay-gradient":""},"mobile":{"background-color":"var(--ast-global-color-5)","background-image":"","background-repeat":"repeat","background-position":"center center","background-size":"auto","background-attachment":"scroll","background-type":"","background-media":"","overlay-type":"","overlay-color":"","overlay-opacity":"","overlay-gradient":""}}},"product_brand":[],"product_cat":[199,299,570,75,200],"product_tag":[220],"class_list":{"0":"post-10904","1":"product","2":"type-product","3":"status-publish","4":"has-post-thumbnail","6":"product_cat-art-de-vivre","7":"product_cat-cadeaux","8":"product_cat-collectors","9":"product_cat-isamu-noguchi","10":"product_cat-livres","11":"product_tag-isamu-noguchi","12":"desktop-align-left","13":"tablet-align-left","14":"mobile-align-left","15":"ast-product-gallery-layout-horizontal","16":"ast-qv-on-image","18":"first","19":"instock","20":"taxable","21":"shipping-taxable","22":"purchasable","23":"product-type-simple"},"_links":{"self":[{"href":"https:\/\/sentou.fr\/el\/wp-json\/wp\/v2\/product\/10904","targetHints":{"allow":["GET"]}}],"collection":[{"href":"https:\/\/sentou.fr\/el\/wp-json\/wp\/v2\/product"}],"about":[{"href":"https:\/\/sentou.fr\/el\/wp-json\/wp\/v2\/types\/product"}],"wp:featuredmedia":[{"embeddable":true,"href":"https:\/\/sentou.fr\/el\/wp-json\/wp\/v2\/media\/10923"}],"wp:attachment":[{"href":"https:\/\/sentou.fr\/el\/wp-json\/wp\/v2\/media?parent=10904"}],"wp:term":[{"taxonomy":"product_brand","embeddable":true,"href":"https:\/\/sentou.fr\/el\/wp-json\/wp\/v2\/product_brand?post=10904"},{"taxonomy":"product_cat","embeddable":true,"href":"https:\/\/sentou.fr\/el\/wp-json\/wp\/v2\/product_cat?post=10904"},{"taxonomy":"product_tag","embeddable":true,"href":"https:\/\/sentou.fr\/el\/wp-json\/wp\/v2\/product_tag?post=10904"}],"curies":[{"name":"wp","href":"https:\/\/api.w.org\/{rel}","templated":true}]}}