{"id":10906,"date":"2022-10-01T09:54:04","date_gmt":"2022-10-01T07:54:04","guid":{"rendered":"https:\/\/sentou.fr\/?post_type=product&#038;p=10906"},"modified":"2024-11-13T16:55:26","modified_gmt":"2024-11-13T14:55:26","slug":"livre-noguchi-spaces-of-the-minds","status":"publish","type":"product","link":"https:\/\/sentou.fr\/el\/produit\/livre-noguchi-spaces-of-the-minds\/","title":{"rendered":"Livre NOGUCHI SPACES OF THE MIND9"},"content":{"rendered":"<ul>\n<li style=\"font-weight: 400;\"><strong>\u00c9diteur \u200f : \u200e\u00a0<\/strong>Limelight Editions (1 novembre 2000)<\/li>\n<li style=\"font-weight: 400;\"><strong>Langue \u200f : \u200e\u00a0<\/strong>Anglais<\/li>\n<li style=\"font-weight: 400;\"><strong>Broch\u00e9 \u200f : \u200e\u00a0<\/strong>212 pages<\/li>\n<li style=\"font-weight: 400;\"><strong>ISBN-10 \u200f : \u200e\u00a0<\/strong>087910953X<\/li>\n<li style=\"font-weight: 400;\"><strong>Dimensions \u200f : \u200e\u00a0<\/strong>21,5 x 28,6 cm<\/li>\n<\/ul>","protected":false},"excerpt":{"rendered":"<p style=\"font-weight: 400;\"><strong>SPACES OF THE MIND &#8211; <\/strong><strong style=\"font-size: 16px;\">Isamu Noguchi&rsquo;s dance design<\/strong><\/p>\n<p style=\"font-weight: 400;\">L&rsquo;un des plus grands artistes du si\u00e8cle dernier, Noguchi a travaill\u00e9 avec une gamme extraordinaire de mat\u00e9riaux pour produire un \u00e9ventail tout aussi extraordinaire de cr\u00e9ations sculpturales. Parmi les plus puissantes et les plus obs\u00e9dantes, on trouve ses cr\u00e9ations pour le th\u00e9\u00e2tre, en particulier le th\u00e9\u00e2tre de la danse.<\/p>\n<p style=\"font-weight: 400;\">Ce livre c\u00e9l\u00e8bre cette sculpture gr\u00e2ce \u00e0 de splendides photographies de 37 d\u00e9cors, principalement pour Martha Graham, et \u00e0 un commentaire sur chacun d&rsquo;entre eux qui raconte l&rsquo;histoire de la danse ainsi que l&rsquo;histoire derri\u00e8re la cr\u00e9ation du sculpteur, g\u00e9n\u00e9ralement avec ses propres mots. Ce beau livre, de grand format, est un tr\u00e9sor pour les amateurs d&rsquo;art et de danse.<\/p>\n<p><strong>EDITION ORIGINALE<\/strong> : nos livres sont en tr\u00e8s bon \u00e9tat mais peuvent pr\u00e9senter quelques d\u00e9fauts d\u00fbs \u00e0 leur \u00e2ge<\/p>","protected":false},"featured_media":10914,"template":"","meta":{"site-sidebar-layout":"default","site-content-layout":"default","ast-site-content-layout":"default","site-content-style":"default","site-sidebar-style":"default","ast-global-header-display":"","ast-banner-title-visibility":"","ast-main-header-display":"","ast-hfb-above-header-display":"","ast-hfb-below-header-display":"","ast-hfb-mobile-header-display":"","site-post-title":"","ast-breadcrumbs-content":"","ast-featured-img":"","footer-sml-layout":"","ast-disable-related-posts":"","theme-transparent-header-meta":"default","adv-header-id-meta":"","stick-header-meta":"default","header-above-stick-meta":"","header-main-stick-meta":"","header-below-stick-meta":"","astra-migrate-meta-layouts":"set","ast-page-background-enabled":"default","ast-page-background-meta":{"desktop":{"background-color":"","background-image":"","background-repeat":"repeat","background-position":"center center","background-size":"auto","background-attachment":"scroll","background-type":"","background-media":"","overlay-type":"","overlay-color":"","overlay-opacity":"","overlay-gradient":""},"tablet":{"background-color":"","background-image":"","background-repeat":"repeat","background-position":"center center","background-size":"auto","background-attachment":"scroll","background-type":"","background-media":"","overlay-type":"","overlay-color":"","overlay-opacity":"","overlay-gradient":""},"mobile":{"background-color":"","background-image":"","background-repeat":"repeat","background-position":"center center","background-size":"auto","background-attachment":"scroll","background-type":"","background-media":"","overlay-type":"","overlay-color":"","overlay-opacity":"","overlay-gradient":""}},"ast-content-background-meta":{"desktop":{"background-color":"var(--ast-global-color-5)","background-image":"","background-repeat":"repeat","background-position":"center center","background-size":"auto","background-attachment":"scroll","background-type":"","background-media":"","overlay-type":"","overlay-color":"","overlay-opacity":"","overlay-gradient":""},"tablet":{"background-color":"var(--ast-global-color-5)","background-image":"","background-repeat":"repeat","background-position":"center center","background-size":"auto","background-attachment":"scroll","background-type":"","background-media":"","overlay-type":"","overlay-color":"","overlay-opacity":"","overlay-gradient":""},"mobile":{"background-color":"var(--ast-global-color-5)","background-image":"","background-repeat":"repeat","background-position":"center center","background-size":"auto","background-attachment":"scroll","background-type":"","background-media":"","overlay-type":"","overlay-color":"","overlay-opacity":"","overlay-gradient":""}}},"product_brand":[],"product_cat":[199,299,75,200],"product_tag":[220],"class_list":{"0":"post-10906","1":"product","2":"type-product","3":"status-publish","4":"has-post-thumbnail","6":"product_cat-art-de-vivre","7":"product_cat-cadeaux","8":"product_cat-isamu-noguchi","9":"product_cat-livres","10":"product_tag-isamu-noguchi","11":"desktop-align-left","12":"tablet-align-left","13":"mobile-align-left","14":"ast-product-gallery-layout-horizontal","15":"ast-qv-on-image","17":"first","18":"instock","19":"taxable","20":"shipping-taxable","21":"purchasable","22":"product-type-simple"},"_links":{"self":[{"href":"https:\/\/sentou.fr\/el\/wp-json\/wp\/v2\/product\/10906","targetHints":{"allow":["GET"]}}],"collection":[{"href":"https:\/\/sentou.fr\/el\/wp-json\/wp\/v2\/product"}],"about":[{"href":"https:\/\/sentou.fr\/el\/wp-json\/wp\/v2\/types\/product"}],"wp:featuredmedia":[{"embeddable":true,"href":"https:\/\/sentou.fr\/el\/wp-json\/wp\/v2\/media\/10914"}],"wp:attachment":[{"href":"https:\/\/sentou.fr\/el\/wp-json\/wp\/v2\/media?parent=10906"}],"wp:term":[{"taxonomy":"product_brand","embeddable":true,"href":"https:\/\/sentou.fr\/el\/wp-json\/wp\/v2\/product_brand?post=10906"},{"taxonomy":"product_cat","embeddable":true,"href":"https:\/\/sentou.fr\/el\/wp-json\/wp\/v2\/product_cat?post=10906"},{"taxonomy":"product_tag","embeddable":true,"href":"https:\/\/sentou.fr\/el\/wp-json\/wp\/v2\/product_tag?post=10906"}],"curies":[{"name":"wp","href":"https:\/\/api.w.org\/{rel}","templated":true}]}}