{"id":11267,"date":"2023-09-06T19:03:19","date_gmt":"2023-09-06T17:03:19","guid":{"rendered":"https:\/\/sentou.fr\/?post_type=product&#038;p=11267"},"modified":"2024-10-16T11:14:56","modified_gmt":"2024-10-16T09:14:56","slug":"silhouettes","status":"publish","type":"product","link":"https:\/\/sentou.fr\/el\/produit\/silhouettes\/","title":{"rendered":"SILHOUETTES"},"content":{"rendered":"<p><strong>Mat\u00e9riau : <\/strong>fil de laiton martel\u00e9 et form\u00e9 artisanalement. Livr\u00e9 avec vis laiton de fixation.<\/p>\n<ul>\n<li>dimensions Colibri : 24 x 22 cm<\/li>\n<li>dimensions Main : 20 x 14,5 cm<\/li>\n<li>dimensions Toucan : 30,5 x 14 cm<\/li>\n<li>dimensions \u0152il : 20,5 x 11 cm<\/li>\n<\/ul>\n<p><strong>Design<\/strong> : Clara Courtaigne 2017<\/p>","protected":false},"excerpt":{"rendered":"<p style=\"font-weight: 400;\">Silhouettes est une collection de porte-accessoires, v\u00e9ritables objets po\u00e9tiques \u00e0 accrocher au mur.<br \/>\nCette d\u00e9coration murale peut aussi servir de pat\u00e8re.<\/p>\n<p style=\"font-weight: 400;\">Craquez pour ces porte-accessoires cr\u00e9atifs et design, dessin\u00e9s pour Sentou \u00e9dition par la designer Clara Courtaigne<\/p>\n<p>&nbsp;<\/p>","protected":false},"featured_media":11238,"template":"","meta":{"site-sidebar-layout":"default","site-content-layout":"default","ast-site-content-layout":"default","site-content-style":"default","site-sidebar-style":"default","ast-global-header-display":"","ast-banner-title-visibility":"","ast-main-header-display":"","ast-hfb-above-header-display":"","ast-hfb-below-header-display":"","ast-hfb-mobile-header-display":"","site-post-title":"","ast-breadcrumbs-content":"","ast-featured-img":"","footer-sml-layout":"","ast-disable-related-posts":"","theme-transparent-header-meta":"default","adv-header-id-meta":"","stick-header-meta":"default","header-above-stick-meta":"","header-main-stick-meta":"","header-below-stick-meta":"","astra-migrate-meta-layouts":"set","ast-page-background-enabled":"default","ast-page-background-meta":{"desktop":{"background-color":"","background-image":"","background-repeat":"repeat","background-position":"center center","background-size":"auto","background-attachment":"scroll","background-type":"","background-media":"","overlay-type":"","overlay-color":"","overlay-opacity":"","overlay-gradient":""},"tablet":{"background-color":"","background-image":"","background-repeat":"repeat","background-position":"center center","background-size":"auto","background-attachment":"scroll","background-type":"","background-media":"","overlay-type":"","overlay-color":"","overlay-opacity":"","overlay-gradient":""},"mobile":{"background-color":"","background-image":"","background-repeat":"repeat","background-position":"center center","background-size":"auto","background-attachment":"scroll","background-type":"","background-media":"","overlay-type":"","overlay-color":"","overlay-opacity":"","overlay-gradient":""}},"ast-content-background-meta":{"desktop":{"background-color":"var(--ast-global-color-5)","background-image":"","background-repeat":"repeat","background-position":"center center","background-size":"auto","background-attachment":"scroll","background-type":"","background-media":"","overlay-type":"","overlay-color":"","overlay-opacity":"","overlay-gradient":""},"tablet":{"background-color":"var(--ast-global-color-5)","background-image":"","background-repeat":"repeat","background-position":"center center","background-size":"auto","background-attachment":"scroll","background-type":"","background-media":"","overlay-type":"","overlay-color":"","overlay-opacity":"","overlay-gradient":""},"mobile":{"background-color":"var(--ast-global-color-5)","background-image":"","background-repeat":"repeat","background-position":"center center","background-size":"auto","background-attachment":"scroll","background-type":"","background-media":"","overlay-type":"","overlay-color":"","overlay-opacity":"","overlay-gradient":""}}},"product_brand":[],"product_cat":[199,201,299,244,19,67],"product_tag":[251],"class_list":{"0":"post-11267","1":"product","2":"type-product","3":"status-publish","4":"has-post-thumbnail","6":"product_cat-art-de-vivre","7":"product_cat-accessoires","8":"product_cat-cadeaux","9":"product_cat-clara-courtaigne","10":"product_cat-deco","11":"product_cat-designers","12":"product_tag-clara-courtaigne","13":"desktop-align-left","14":"tablet-align-left","15":"mobile-align-left","16":"ast-product-gallery-layout-horizontal","17":"ast-product-single-variable","18":"ast-qv-on-image","20":"first","21":"instock","22":"taxable","23":"shipping-taxable","24":"purchasable","25":"product-type-variable"},"_links":{"self":[{"href":"https:\/\/sentou.fr\/el\/wp-json\/wp\/v2\/product\/11267","targetHints":{"allow":["GET"]}}],"collection":[{"href":"https:\/\/sentou.fr\/el\/wp-json\/wp\/v2\/product"}],"about":[{"href":"https:\/\/sentou.fr\/el\/wp-json\/wp\/v2\/types\/product"}],"wp:featuredmedia":[{"embeddable":true,"href":"https:\/\/sentou.fr\/el\/wp-json\/wp\/v2\/media\/11238"}],"wp:attachment":[{"href":"https:\/\/sentou.fr\/el\/wp-json\/wp\/v2\/media?parent=11267"}],"wp:term":[{"taxonomy":"product_brand","embeddable":true,"href":"https:\/\/sentou.fr\/el\/wp-json\/wp\/v2\/product_brand?post=11267"},{"taxonomy":"product_cat","embeddable":true,"href":"https:\/\/sentou.fr\/el\/wp-json\/wp\/v2\/product_cat?post=11267"},{"taxonomy":"product_tag","embeddable":true,"href":"https:\/\/sentou.fr\/el\/wp-json\/wp\/v2\/product_tag?post=11267"}],"curies":[{"name":"wp","href":"https:\/\/api.w.org\/{rel}","templated":true}]}}