{"id":11425,"date":"2024-11-07T14:58:11","date_gmt":"2024-11-07T12:58:11","guid":{"rendered":"https:\/\/sentou.fr\/?post_type=product&#038;p=11425"},"modified":"2025-12-12T13:34:50","modified_gmt":"2025-12-12T11:34:50","slug":"lampe-eclipse","status":"publish","type":"product","link":"https:\/\/sentou.fr\/el\/produit\/lampe-eclipse\/","title":{"rendered":"Lampe ECLIPSE"},"content":{"rendered":"<p><strong>Dimensions :<\/strong><\/p>\n<ul>\n<li>Petit Mod\u00e8le H.36 x \u00d832 cm<\/li>\n<li>Grand Mod\u00e8le H.52 x \u00d848cm<\/li>\n<\/ul>\n<p><strong>Poids :<\/strong><\/p>\n<ul>\n<li>Petit Mod\u00e8le : 1.2 kg<\/li>\n<li>Grand Mod\u00e8le : 2.4 Kg<\/li>\n<\/ul>\n<p><strong>Mat\u00e9riaux : <\/strong>Acier \/ Polypropyl\u00e8ne \/ Poly\u00e9thyl\u00e8ne<\/p>\n<p>Conforme aux normes CE &#8211; Max 60w<\/p>","protected":false},"excerpt":{"rendered":"<p>Une lampe fascinante, cr\u00e9\u00e9e par Mauricio Klabin, \u00e9lev\u00e9e au rang d\u2019ic\u00f4ne du design en entrant dans la collection du c\u00e9l\u00e8bre MoMA de New York.<\/p>\n<p>Disponible en 2 formats, la lampe Eclipse vous \u00e9tonnera par sa simplicit\u00e9 et son ing\u00e9niosit\u00e9. Elle sera pour vous unique, en changeant sa forme et son inclinaison, et trouvera sa place dans tous les univers.<\/p>\n<p>Fabriqu\u00e9e \u00e0 partir d&rsquo;une unique bande de plastique enroul\u00e9e sur elle m\u00eame, la structure peut \u00eatre manipul\u00e9e afin d&rsquo;en changer la forme et l&rsquo;orientation de l&rsquo;\u00e9clairage.<\/p>\n<p>Les pieds en m\u00e9tal sont \u00e9quip\u00e9s de petites pastilles permettant de maintenir la lampe dans diff\u00e9rentes positions, et peuvent \u00e9galement \u00eatre enlev\u00e9s afin d&rsquo;obtenir une suspension.<\/p>\n<p>La lampe est livr\u00e9e dans un emballage plat s\u00e9rigraphi\u00e9.<\/p>","protected":false},"featured_media":11424,"template":"","meta":{"site-sidebar-layout":"default","site-content-layout":"default","ast-site-content-layout":"default","site-content-style":"default","site-sidebar-style":"default","ast-global-header-display":"","ast-banner-title-visibility":"","ast-main-header-display":"","ast-hfb-above-header-display":"","ast-hfb-below-header-display":"","ast-hfb-mobile-header-display":"","site-post-title":"","ast-breadcrumbs-content":"","ast-featured-img":"","footer-sml-layout":"","ast-disable-related-posts":"","theme-transparent-header-meta":"default","adv-header-id-meta":"","stick-header-meta":"default","header-above-stick-meta":"","header-main-stick-meta":"","header-below-stick-meta":"","astra-migrate-meta-layouts":"set","ast-page-background-enabled":"default","ast-page-background-meta":{"desktop":{"background-color":"","background-image":"","background-repeat":"repeat","background-position":"center center","background-size":"auto","background-attachment":"scroll","background-type":"","background-media":"","overlay-type":"","overlay-color":"","overlay-opacity":"","overlay-gradient":""},"tablet":{"background-color":"","background-image":"","background-repeat":"repeat","background-position":"center center","background-size":"auto","background-attachment":"scroll","background-type":"","background-media":"","overlay-type":"","overlay-color":"","overlay-opacity":"","overlay-gradient":""},"mobile":{"background-color":"","background-image":"","background-repeat":"repeat","background-position":"center center","background-size":"auto","background-attachment":"scroll","background-type":"","background-media":"","overlay-type":"","overlay-color":"","overlay-opacity":"","overlay-gradient":""}},"ast-content-background-meta":{"desktop":{"background-color":"var(--ast-global-color-5)","background-image":"","background-repeat":"repeat","background-position":"center center","background-size":"auto","background-attachment":"scroll","background-type":"","background-media":"","overlay-type":"","overlay-color":"","overlay-opacity":"","overlay-gradient":""},"tablet":{"background-color":"var(--ast-global-color-5)","background-image":"","background-repeat":"repeat","background-position":"center center","background-size":"auto","background-attachment":"scroll","background-type":"","background-media":"","overlay-type":"","overlay-color":"","overlay-opacity":"","overlay-gradient":""},"mobile":{"background-color":"var(--ast-global-color-5)","background-image":"","background-repeat":"repeat","background-position":"center center","background-size":"auto","background-attachment":"scroll","background-type":"","background-media":"","overlay-type":"","overlay-color":"","overlay-opacity":"","overlay-gradient":""}}},"product_brand":[],"product_cat":[146,94,17,393],"product_tag":[],"class_list":{"0":"post-11425","1":"product","2":"type-product","3":"status-publish","4":"has-post-thumbnail","6":"product_cat-e-shop","7":"product_cat-lampes-a-poser","8":"product_cat-luminaires","9":"product_cat-mauricio-klabin","10":"desktop-align-left","11":"tablet-align-left","12":"mobile-align-left","13":"ast-product-gallery-layout-horizontal","14":"ast-product-single-variable","15":"ast-qv-on-image","17":"first","18":"instock","19":"taxable","20":"shipping-taxable","21":"purchasable","22":"product-type-variable"},"_links":{"self":[{"href":"https:\/\/sentou.fr\/el\/wp-json\/wp\/v2\/product\/11425","targetHints":{"allow":["GET"]}}],"collection":[{"href":"https:\/\/sentou.fr\/el\/wp-json\/wp\/v2\/product"}],"about":[{"href":"https:\/\/sentou.fr\/el\/wp-json\/wp\/v2\/types\/product"}],"wp:featuredmedia":[{"embeddable":true,"href":"https:\/\/sentou.fr\/el\/wp-json\/wp\/v2\/media\/11424"}],"wp:attachment":[{"href":"https:\/\/sentou.fr\/el\/wp-json\/wp\/v2\/media?parent=11425"}],"wp:term":[{"taxonomy":"product_brand","embeddable":true,"href":"https:\/\/sentou.fr\/el\/wp-json\/wp\/v2\/product_brand?post=11425"},{"taxonomy":"product_cat","embeddable":true,"href":"https:\/\/sentou.fr\/el\/wp-json\/wp\/v2\/product_cat?post=11425"},{"taxonomy":"product_tag","embeddable":true,"href":"https:\/\/sentou.fr\/el\/wp-json\/wp\/v2\/product_tag?post=11425"}],"curies":[{"name":"wp","href":"https:\/\/api.w.org\/{rel}","templated":true}]}}