{"id":11654,"date":"2025-12-02T15:26:18","date_gmt":"2025-12-02T13:26:18","guid":{"rendered":"https:\/\/sentou.fr\/?post_type=product&#038;p=11654"},"modified":"2026-01-23T11:55:06","modified_gmt":"2026-01-23T09:55:06","slug":"bouteilles-en-verre-cosmos","status":"publish","type":"product","link":"https:\/\/sentou.fr\/el\/produit\/bouteilles-en-verre-cosmos\/","title":{"rendered":"Bouteilles en verre COSMOS"},"content":{"rendered":"<p>Verre teint\u00e9 dans la masse<\/p>\n<p>Usage alimentaire \/ lave-vaisselle<\/p>\n<p><strong>Bouteille haute<\/strong> : diam\u00e8tre 13cm x Hauteur 44 cm<\/p>\n<ul>\n<li>Turquoise\/bouchon jaune<\/li>\n<li>Aubergine\/bouchon turquoise<\/li>\n<\/ul>\n<p><strong>Bouteille basse<\/strong> : diam\u00e8tre 18cm x Hauteur 33cm<\/p>\n<ul>\n<li>Verte\/bouchon rouge<\/li>\n<li>Rouge\/bouchon orange<\/li>\n<\/ul>\n<p>Bouchon : diam\u00e8tre 9cm x Hauteur 12cm<\/p>","protected":false},"excerpt":{"rendered":"<p>Les bouteilles COSMOS, fabriqu\u00e9es en verre color\u00e9, souffl\u00e9es \u00e0 la bouche et travaill\u00e9es \u00e0 la main sont vendues \u00e0 l&rsquo;unit\u00e9.<\/p>\n<p><strong>Bouteille haute<\/strong> : diam\u00e8tre 13cm x Hauteur 44 cm<\/p>\n<ul>\n<li>Turquoise\/bouchon jaune<\/li>\n<li>Aubergine\/bouchon turquoise<\/li>\n<\/ul>\n<p><strong>Bouteille basse<\/strong> : diam\u00e8tre 18cm x Hauteur 33cm<\/p>\n<ul>\n<li>Verte\/bouchon rouge<\/li>\n<li>Rouge\/bouchon orange<\/li>\n<\/ul>\n<p>Usage alimentaire\/ Lave-vaisselle<\/p>","protected":false},"featured_media":11544,"template":"","meta":{"site-sidebar-layout":"default","site-content-layout":"default","ast-site-content-layout":"default","site-content-style":"default","site-sidebar-style":"default","ast-global-header-display":"","ast-banner-title-visibility":"","ast-main-header-display":"","ast-hfb-above-header-display":"","ast-hfb-below-header-display":"","ast-hfb-mobile-header-display":"","site-post-title":"","ast-breadcrumbs-content":"","ast-featured-img":"","footer-sml-layout":"","ast-disable-related-posts":"","theme-transparent-header-meta":"default","adv-header-id-meta":"","stick-header-meta":"default","header-above-stick-meta":"","header-main-stick-meta":"","header-below-stick-meta":"","astra-migrate-meta-layouts":"set","ast-page-background-enabled":"default","ast-page-background-meta":{"desktop":{"background-color":"","background-image":"","background-repeat":"repeat","background-position":"center center","background-size":"auto","background-attachment":"scroll","background-type":"","background-media":"","overlay-type":"","overlay-color":"","overlay-opacity":"","overlay-gradient":""},"tablet":{"background-color":"","background-image":"","background-repeat":"repeat","background-position":"center center","background-size":"auto","background-attachment":"scroll","background-type":"","background-media":"","overlay-type":"","overlay-color":"","overlay-opacity":"","overlay-gradient":""},"mobile":{"background-color":"","background-image":"","background-repeat":"repeat","background-position":"center center","background-size":"auto","background-attachment":"scroll","background-type":"","background-media":"","overlay-type":"","overlay-color":"","overlay-opacity":"","overlay-gradient":""}},"ast-content-background-meta":{"desktop":{"background-color":"var(--ast-global-color-5)","background-image":"","background-repeat":"repeat","background-position":"center center","background-size":"auto","background-attachment":"scroll","background-type":"","background-media":"","overlay-type":"","overlay-color":"","overlay-opacity":"","overlay-gradient":""},"tablet":{"background-color":"var(--ast-global-color-5)","background-image":"","background-repeat":"repeat","background-position":"center center","background-size":"auto","background-attachment":"scroll","background-type":"","background-media":"","overlay-type":"","overlay-color":"","overlay-opacity":"","overlay-gradient":""},"mobile":{"background-color":"var(--ast-global-color-5)","background-image":"","background-repeat":"repeat","background-position":"center center","background-size":"auto","background-attachment":"scroll","background-type":"","background-media":"","overlay-type":"","overlay-color":"","overlay-opacity":"","overlay-gradient":""}}},"product_brand":[],"product_cat":[26,299,146,87,88],"product_tag":[],"class_list":{"0":"post-11654","1":"product","2":"type-product","3":"status-publish","4":"has-post-thumbnail","6":"product_cat-art-de-la-table","7":"product_cat-cadeaux","8":"product_cat-e-shop","9":"product_cat-vaisselle","10":"product_cat-vases","11":"desktop-align-left","12":"tablet-align-left","13":"mobile-align-left","14":"ast-product-gallery-layout-horizontal","15":"ast-product-gallery-with-no-image","16":"ast-product-single-variable","17":"ast-qv-on-image","19":"first","20":"instock","21":"taxable","22":"shipping-taxable","23":"purchasable","24":"product-type-variable"},"_links":{"self":[{"href":"https:\/\/sentou.fr\/el\/wp-json\/wp\/v2\/product\/11654","targetHints":{"allow":["GET"]}}],"collection":[{"href":"https:\/\/sentou.fr\/el\/wp-json\/wp\/v2\/product"}],"about":[{"href":"https:\/\/sentou.fr\/el\/wp-json\/wp\/v2\/types\/product"}],"wp:featuredmedia":[{"embeddable":true,"href":"https:\/\/sentou.fr\/el\/wp-json\/wp\/v2\/media\/11544"}],"wp:attachment":[{"href":"https:\/\/sentou.fr\/el\/wp-json\/wp\/v2\/media?parent=11654"}],"wp:term":[{"taxonomy":"product_brand","embeddable":true,"href":"https:\/\/sentou.fr\/el\/wp-json\/wp\/v2\/product_brand?post=11654"},{"taxonomy":"product_cat","embeddable":true,"href":"https:\/\/sentou.fr\/el\/wp-json\/wp\/v2\/product_cat?post=11654"},{"taxonomy":"product_tag","embeddable":true,"href":"https:\/\/sentou.fr\/el\/wp-json\/wp\/v2\/product_tag?post=11654"}],"curies":[{"name":"wp","href":"https:\/\/api.w.org\/{rel}","templated":true}]}}