{"id":11839,"date":"2023-08-11T18:33:22","date_gmt":"2023-08-11T16:33:22","guid":{"rendered":"https:\/\/sentou.fr\/?post_type=product&#038;p=11839"},"modified":"2025-12-13T13:23:35","modified_gmt":"2025-12-13T11:23:35","slug":"lampe-sunset","status":"publish","type":"product","link":"https:\/\/sentou.fr\/el\/produit\/lampe-sunset\/","title":{"rendered":"Lampe SUNSET"},"content":{"rendered":"<p>Comprend un projecteur + c\u00e2ble USB avec interrupteur + prise USB + 1 set de filtres<\/p>\n<ul>\n<li>Rotation de 180 degr\u00e9s<\/li>\n<li><strong>Dimensions : <\/strong>H.25cm \/ Pied \u00d8 10cm \/ Lampe \u00d8 7cm<\/li>\n<li><strong>Mat\u00e9riaux :<\/strong> 90% plastique, 10% m\u00e9tal<\/li>\n<li>Effets lumineux multiples, ampoule LED int\u00e9gr\u00e9e<\/li>\n<li>Alimentation par c\u00e2ble USB et prise USB fournie<\/li>\n<li>Puissance\/tension : 5W\/5V<\/li>\n<li>Conforme aux normes CE &#8211; Max 60w<\/li>\n<\/ul>","protected":false},"excerpt":{"rendered":"<p>La Lampe SUNSET diffuse une lumi\u00e8re douce et chaleureuse, magique&#8230; un effet bluffant !<\/p>\n<p>C&rsquo;est l&rsquo;objet lumineux id\u00e9al pour cr\u00e9er une v\u00e9ritable oeuvre d&rsquo;art dans toutes les pi\u00e8ces de la maison.<\/p>\n<p>Des filtres sont fournis avec la lampe, vous permettant de cr\u00e9er votre propre version color\u00e9e.<\/p>\n<p>La t\u00eate de la lampe est fix\u00e9e sur une rotule pour une rotation \u00e0 180\u00b0 permettant de la diriger vers le mur\/angle de votre choix et de donner ainsi \u00e0 l&rsquo;\u00e9clairage la forme que vous d\u00e9sirez pour un effet encore plus r\u00e9aliste.<\/p>","protected":false},"featured_media":11842,"template":"","meta":{"site-sidebar-layout":"default","site-content-layout":"default","ast-site-content-layout":"default","site-content-style":"default","site-sidebar-style":"default","ast-global-header-display":"","ast-banner-title-visibility":"","ast-main-header-display":"","ast-hfb-above-header-display":"","ast-hfb-below-header-display":"","ast-hfb-mobile-header-display":"","site-post-title":"","ast-breadcrumbs-content":"","ast-featured-img":"","footer-sml-layout":"","ast-disable-related-posts":"","theme-transparent-header-meta":"default","adv-header-id-meta":"","stick-header-meta":"default","header-above-stick-meta":"","header-main-stick-meta":"","header-below-stick-meta":"","astra-migrate-meta-layouts":"set","ast-page-background-enabled":"default","ast-page-background-meta":{"desktop":{"background-color":"","background-image":"","background-repeat":"repeat","background-position":"center center","background-size":"auto","background-attachment":"scroll","background-type":"","background-media":"","overlay-type":"","overlay-color":"","overlay-opacity":"","overlay-gradient":""},"tablet":{"background-color":"","background-image":"","background-repeat":"repeat","background-position":"center center","background-size":"auto","background-attachment":"scroll","background-type":"","background-media":"","overlay-type":"","overlay-color":"","overlay-opacity":"","overlay-gradient":""},"mobile":{"background-color":"","background-image":"","background-repeat":"repeat","background-position":"center center","background-size":"auto","background-attachment":"scroll","background-type":"","background-media":"","overlay-type":"","overlay-color":"","overlay-opacity":"","overlay-gradient":""}},"ast-content-background-meta":{"desktop":{"background-color":"var(--ast-global-color-5)","background-image":"","background-repeat":"repeat","background-position":"center center","background-size":"auto","background-attachment":"scroll","background-type":"","background-media":"","overlay-type":"","overlay-color":"","overlay-opacity":"","overlay-gradient":""},"tablet":{"background-color":"var(--ast-global-color-5)","background-image":"","background-repeat":"repeat","background-position":"center center","background-size":"auto","background-attachment":"scroll","background-type":"","background-media":"","overlay-type":"","overlay-color":"","overlay-opacity":"","overlay-gradient":""},"mobile":{"background-color":"var(--ast-global-color-5)","background-image":"","background-repeat":"repeat","background-position":"center center","background-size":"auto","background-attachment":"scroll","background-type":"","background-media":"","overlay-type":"","overlay-color":"","overlay-opacity":"","overlay-gradient":""}}},"product_brand":[],"product_cat":[299,146,94,17],"product_tag":[],"class_list":{"0":"post-11839","1":"product","2":"type-product","3":"status-publish","4":"has-post-thumbnail","6":"product_cat-cadeaux","7":"product_cat-e-shop","8":"product_cat-lampes-a-poser","9":"product_cat-luminaires","10":"desktop-align-left","11":"tablet-align-left","12":"mobile-align-left","13":"ast-product-gallery-layout-horizontal","14":"ast-qv-on-image","16":"first","17":"outofstock","18":"taxable","19":"shipping-taxable","20":"purchasable","21":"product-type-simple"},"_links":{"self":[{"href":"https:\/\/sentou.fr\/el\/wp-json\/wp\/v2\/product\/11839","targetHints":{"allow":["GET"]}}],"collection":[{"href":"https:\/\/sentou.fr\/el\/wp-json\/wp\/v2\/product"}],"about":[{"href":"https:\/\/sentou.fr\/el\/wp-json\/wp\/v2\/types\/product"}],"wp:featuredmedia":[{"embeddable":true,"href":"https:\/\/sentou.fr\/el\/wp-json\/wp\/v2\/media\/11842"}],"wp:attachment":[{"href":"https:\/\/sentou.fr\/el\/wp-json\/wp\/v2\/media?parent=11839"}],"wp:term":[{"taxonomy":"product_brand","embeddable":true,"href":"https:\/\/sentou.fr\/el\/wp-json\/wp\/v2\/product_brand?post=11839"},{"taxonomy":"product_cat","embeddable":true,"href":"https:\/\/sentou.fr\/el\/wp-json\/wp\/v2\/product_cat?post=11839"},{"taxonomy":"product_tag","embeddable":true,"href":"https:\/\/sentou.fr\/el\/wp-json\/wp\/v2\/product_tag?post=11839"}],"curies":[{"name":"wp","href":"https:\/\/api.w.org\/{rel}","templated":true}]}}