{"id":138411,"date":"2023-09-11T18:16:39","date_gmt":"2023-09-11T16:16:39","guid":{"rendered":"https:\/\/sentou.fr\/?post_type=product&#038;p=138411"},"modified":"2025-02-14T21:52:33","modified_gmt":"2025-02-14T19:52:33","slug":"vases-terra","status":"publish","type":"product","link":"https:\/\/sentou.fr\/el\/produit\/vases-terra\/","title":{"rendered":"Vases TERRA"},"content":{"rendered":"<p>Vases en terre cuite \u00e9maill\u00e9e, fabriqu\u00e9s \u00e0 la main en France<\/p>\n<ul>\n<li><strong>TGM tr\u00e8s grand mod\u00e8le <\/strong> hauteur 36cm diam\u00e8tre 12cm<\/li>\n<li><strong>GM grand mod\u00e8le <\/strong> hauteur 16cm diam\u00e8tre 11cm<\/li>\n<\/ul>\n<p>Le petit format apparaissant sur les photos est vendu dans la rubrique des tasses : mod\u00e8le <a href=\"https:\/\/sentou.fr\/el\/product\/tasses-terra\/\">Tasse \u00e0 Th\u00e9<\/a><br \/>\nhauteur 10,5cm diam\u00e8tre 8,2cm<\/p>\n<p>10 couleurs disponibles :<br \/>\njaune \/ rouge \/ orange \/ bleu turquoise \/bleu p\u00e9trole \/ bleu cobalt \/ vert \/ noir \/ taupe \/ am\u00e9thyste<br \/>\ncouleur int\u00e9rieur: marron<\/p>","protected":false},"excerpt":{"rendered":"<p>Les vases TERRA sont issus de notre collection de c\u00e9ramique en terre cuite \u00e9maill\u00e9e. De fabrication fran\u00e7aise, cette collection est r\u00e9alis\u00e9e selon un proc\u00e9d\u00e9 artisanal. Chaque pi\u00e8ce est donc unique et peut pr\u00e9senter de l\u00e9g\u00e8res diff\u00e9rences de couleurs et de finition.<\/p>\n<p>Avec leur silhouette moderne et g\u00e9om\u00e9trique, les vases TERRA sont disponibles en 10 couleurs vibrantes, et 2 tailles : Tr\u00e8s Grand Mod\u00e8le et Grand Mod\u00e8le.<\/p>\n<p>3 formats de tasses viennent compl\u00e9ter cette collection, nous avons utilis\u00e9 la <a href=\"https:\/\/sentou.fr\/el\/product-2\/tasses-terra\/\">tasse \u00e0 th\u00e9<\/a> comme vase petit mod\u00e8le sur nos photos !<\/p>\n<p><strong>TGM \u00a0tr\u00e8s grand mod\u00e8le :<\/strong> hauteur 36cm diam\u00e8tre 12cm<br \/>\n<strong>GM grand mod\u00e8le :<\/strong> hauteur 16cm diam\u00e8tre 11cm<br \/>\n<strong>Petit mod\u00e8le (Tasse \u00e0 Th\u00e9) :<\/strong> hauteur 10,5cm diam\u00e8tre 8,2cm<\/p>\n<p>Existe dans 10 coloris diff\u00e9rents<\/p>\n<p><strong>Couleur ext\u00e9rieure:<\/strong> jaune \/ rouge \/ orange \/ bleu turquoise \/bleu p\u00e9trole \/ bleu cobalt \/ am\u00e9thyste \/ vert \/ noir \/ taupe<\/p>\n<p><strong>Couleur int\u00e9rieure<\/strong> : marron<\/p>\n<p>Terre cuite \u00e9maill\u00e9e, r\u00e9sistante au lave-vaisselle<br \/>\nFait main &#8211; Fabriqu\u00e9 en France<\/p>","protected":false},"featured_media":138331,"template":"","meta":{"site-sidebar-layout":"default","site-content-layout":"default","ast-site-content-layout":"default","site-content-style":"default","site-sidebar-style":"default","ast-global-header-display":"","ast-banner-title-visibility":"","ast-main-header-display":"","ast-hfb-above-header-display":"","ast-hfb-below-header-display":"","ast-hfb-mobile-header-display":"","site-post-title":"","ast-breadcrumbs-content":"","ast-featured-img":"","footer-sml-layout":"","ast-disable-related-posts":"","theme-transparent-header-meta":"default","adv-header-id-meta":"","stick-header-meta":"default","header-above-stick-meta":"","header-main-stick-meta":"","header-below-stick-meta":"","astra-migrate-meta-layouts":"set","ast-page-background-enabled":"default","ast-page-background-meta":{"desktop":{"background-color":"","background-image":"","background-repeat":"repeat","background-position":"center center","background-size":"auto","background-attachment":"scroll","background-type":"","background-media":"","overlay-type":"","overlay-color":"","overlay-opacity":"","overlay-gradient":""},"tablet":{"background-color":"","background-image":"","background-repeat":"repeat","background-position":"center center","background-size":"auto","background-attachment":"scroll","background-type":"","background-media":"","overlay-type":"","overlay-color":"","overlay-opacity":"","overlay-gradient":""},"mobile":{"background-color":"","background-image":"","background-repeat":"repeat","background-position":"center center","background-size":"auto","background-attachment":"scroll","background-type":"","background-media":"","overlay-type":"","overlay-color":"","overlay-opacity":"","overlay-gradient":""}},"ast-content-background-meta":{"desktop":{"background-color":"var(--ast-global-color-5)","background-image":"","background-repeat":"repeat","background-position":"center center","background-size":"auto","background-attachment":"scroll","background-type":"","background-media":"","overlay-type":"","overlay-color":"","overlay-opacity":"","overlay-gradient":""},"tablet":{"background-color":"var(--ast-global-color-5)","background-image":"","background-repeat":"repeat","background-position":"center center","background-size":"auto","background-attachment":"scroll","background-type":"","background-media":"","overlay-type":"","overlay-color":"","overlay-opacity":"","overlay-gradient":""},"mobile":{"background-color":"var(--ast-global-color-5)","background-image":"","background-repeat":"repeat","background-position":"center center","background-size":"auto","background-attachment":"scroll","background-type":"","background-media":"","overlay-type":"","overlay-color":"","overlay-opacity":"","overlay-gradient":""}}},"product_brand":[],"product_cat":[26,299,146,88],"product_tag":[],"class_list":{"0":"post-138411","1":"product","2":"type-product","3":"status-publish","4":"has-post-thumbnail","6":"product_cat-art-de-la-table","7":"product_cat-cadeaux","8":"product_cat-e-shop","9":"product_cat-vases","10":"desktop-align-left","11":"tablet-align-left","12":"mobile-align-left","13":"ast-product-gallery-layout-horizontal","14":"ast-product-single-variable","15":"ast-qv-on-image","17":"first","18":"instock","19":"taxable","20":"shipping-taxable","21":"purchasable","22":"product-type-variable"},"_links":{"self":[{"href":"https:\/\/sentou.fr\/el\/wp-json\/wp\/v2\/product\/138411","targetHints":{"allow":["GET"]}}],"collection":[{"href":"https:\/\/sentou.fr\/el\/wp-json\/wp\/v2\/product"}],"about":[{"href":"https:\/\/sentou.fr\/el\/wp-json\/wp\/v2\/types\/product"}],"wp:featuredmedia":[{"embeddable":true,"href":"https:\/\/sentou.fr\/el\/wp-json\/wp\/v2\/media\/138331"}],"wp:attachment":[{"href":"https:\/\/sentou.fr\/el\/wp-json\/wp\/v2\/media?parent=138411"}],"wp:term":[{"taxonomy":"product_brand","embeddable":true,"href":"https:\/\/sentou.fr\/el\/wp-json\/wp\/v2\/product_brand?post=138411"},{"taxonomy":"product_cat","embeddable":true,"href":"https:\/\/sentou.fr\/el\/wp-json\/wp\/v2\/product_cat?post=138411"},{"taxonomy":"product_tag","embeddable":true,"href":"https:\/\/sentou.fr\/el\/wp-json\/wp\/v2\/product_tag?post=138411"}],"curies":[{"name":"wp","href":"https:\/\/api.w.org\/{rel}","templated":true}]}}