{"id":138437,"date":"2023-09-11T17:20:50","date_gmt":"2023-09-11T15:20:50","guid":{"rendered":"https:\/\/sentou.fr\/?post_type=product&#038;p=138437"},"modified":"2026-01-17T15:42:44","modified_gmt":"2026-01-17T13:42:44","slug":"tasses-terra","status":"publish","type":"product","link":"https:\/\/sentou.fr\/el\/produit\/tasses-terra\/","title":{"rendered":"Tasses TERRA"},"content":{"rendered":"<p>Tasses en terre cuite \u00e9maill\u00e9e, r\u00e9sistante au lave-vaisselle, fabriqu\u00e9es \u00e0 la main en France<\/p>\n<ul>\n<li><strong>Tasse Expresso<\/strong> hauteur 6cm diam\u00e8tre 6,5cm<br \/>\nVendue \u00e0 l&rsquo;unit\u00e9 \u00e0 la couleur<\/li>\n<li><strong>Tasse Caf\u00e9 <\/strong> hauteur 8cm diam\u00e8tre 7,5cm<br \/>\nVendue \u00e0 l&rsquo;unit\u00e9 \u00e0 la couleur<\/li>\n<li><strong>Tasse MUG \u00a0Th\u00e9 <\/strong>hauteur 10,5cm diam\u00e8tre 8,2cm<br \/>\nVendue \u00e0 l&rsquo;unit\u00e9 \u00e0 la couleur<\/li>\n<\/ul>\n<p>Disponibles dans 11 coloris diff\u00e9rents : jaune \/ rouge \/ orange \/ bleu turquoise \/ bleu p\u00e9trole \/ bleu cobalt \/ vert mousse \/ vert \u00e9pinard \/ noir \/ taupe \/ am\u00e9thyste<\/p>","protected":false},"excerpt":{"rendered":"<p>Les tasses TERRA font partie de notre collection de c\u00e9ramique design en terre cuite \u00e9maill\u00e9e, fabriqu\u00e9e en France de fa\u00e7on artisanale.<\/p>\n<p>Chaque pi\u00e8ce est unique car r\u00e9alis\u00e9e \u00e0 la main, et peut pr\u00e9senter de l\u00e9g\u00e8res diff\u00e9rences de couleurs et de finition.<\/p>\n<p>Avec leur silhouette moderne et g\u00e9om\u00e9trique, les tasses TERRA sont disponibles en 10 coloris pop et lumineux, et 3 formats : tasse \u00e0 expresso , tasse \u00e0 caf\u00e9 \u00a0et tasse MUG Th\u00e9.<\/p>\n<p>2 formats de <a href=\"https:\/\/sentou.fr\/el\/product-2\/vases-terra\/\">vases<\/a> viennent compl\u00e9ter cette collection.<\/p>","protected":false},"featured_media":138371,"template":"","meta":{"site-sidebar-layout":"default","site-content-layout":"default","ast-site-content-layout":"default","site-content-style":"default","site-sidebar-style":"default","ast-global-header-display":"","ast-banner-title-visibility":"","ast-main-header-display":"","ast-hfb-above-header-display":"","ast-hfb-below-header-display":"","ast-hfb-mobile-header-display":"","site-post-title":"","ast-breadcrumbs-content":"","ast-featured-img":"","footer-sml-layout":"","ast-disable-related-posts":"","theme-transparent-header-meta":"default","adv-header-id-meta":"","stick-header-meta":"default","header-above-stick-meta":"","header-main-stick-meta":"","header-below-stick-meta":"","astra-migrate-meta-layouts":"set","ast-page-background-enabled":"default","ast-page-background-meta":{"desktop":{"background-color":"","background-image":"","background-repeat":"repeat","background-position":"center center","background-size":"auto","background-attachment":"scroll","background-type":"","background-media":"","overlay-type":"","overlay-color":"","overlay-opacity":"","overlay-gradient":""},"tablet":{"background-color":"","background-image":"","background-repeat":"repeat","background-position":"center center","background-size":"auto","background-attachment":"scroll","background-type":"","background-media":"","overlay-type":"","overlay-color":"","overlay-opacity":"","overlay-gradient":""},"mobile":{"background-color":"","background-image":"","background-repeat":"repeat","background-position":"center center","background-size":"auto","background-attachment":"scroll","background-type":"","background-media":"","overlay-type":"","overlay-color":"","overlay-opacity":"","overlay-gradient":""}},"ast-content-background-meta":{"desktop":{"background-color":"var(--ast-global-color-5)","background-image":"","background-repeat":"repeat","background-position":"center center","background-size":"auto","background-attachment":"scroll","background-type":"","background-media":"","overlay-type":"","overlay-color":"","overlay-opacity":"","overlay-gradient":""},"tablet":{"background-color":"var(--ast-global-color-5)","background-image":"","background-repeat":"repeat","background-position":"center center","background-size":"auto","background-attachment":"scroll","background-type":"","background-media":"","overlay-type":"","overlay-color":"","overlay-opacity":"","overlay-gradient":""},"mobile":{"background-color":"var(--ast-global-color-5)","background-image":"","background-repeat":"repeat","background-position":"center center","background-size":"auto","background-attachment":"scroll","background-type":"","background-media":"","overlay-type":"","overlay-color":"","overlay-opacity":"","overlay-gradient":""}}},"product_brand":[],"product_cat":[26,299,146,87],"product_tag":[],"class_list":{"0":"post-138437","1":"product","2":"type-product","3":"status-publish","4":"has-post-thumbnail","6":"product_cat-art-de-la-table","7":"product_cat-cadeaux","8":"product_cat-e-shop","9":"product_cat-vaisselle","10":"desktop-align-left","11":"tablet-align-left","12":"mobile-align-left","13":"ast-product-gallery-layout-horizontal","14":"ast-product-single-variable","15":"ast-qv-on-image","17":"first","18":"instock","19":"taxable","20":"shipping-taxable","21":"purchasable","22":"product-type-variable"},"_links":{"self":[{"href":"https:\/\/sentou.fr\/el\/wp-json\/wp\/v2\/product\/138437","targetHints":{"allow":["GET"]}}],"collection":[{"href":"https:\/\/sentou.fr\/el\/wp-json\/wp\/v2\/product"}],"about":[{"href":"https:\/\/sentou.fr\/el\/wp-json\/wp\/v2\/types\/product"}],"wp:featuredmedia":[{"embeddable":true,"href":"https:\/\/sentou.fr\/el\/wp-json\/wp\/v2\/media\/138371"}],"wp:attachment":[{"href":"https:\/\/sentou.fr\/el\/wp-json\/wp\/v2\/media?parent=138437"}],"wp:term":[{"taxonomy":"product_brand","embeddable":true,"href":"https:\/\/sentou.fr\/el\/wp-json\/wp\/v2\/product_brand?post=138437"},{"taxonomy":"product_cat","embeddable":true,"href":"https:\/\/sentou.fr\/el\/wp-json\/wp\/v2\/product_cat?post=138437"},{"taxonomy":"product_tag","embeddable":true,"href":"https:\/\/sentou.fr\/el\/wp-json\/wp\/v2\/product_tag?post=138437"}],"curies":[{"name":"wp","href":"https:\/\/api.w.org\/{rel}","templated":true}]}}