{"id":138782,"date":"2023-09-13T10:45:30","date_gmt":"2023-09-13T08:45:30","guid":{"rendered":"https:\/\/sentou.fr\/?post_type=product&#038;p=138782"},"modified":"2026-04-30T19:54:05","modified_gmt":"2026-04-30T17:54:05","slug":"plateaux-baki","status":"publish","type":"product","link":"https:\/\/sentou.fr\/el\/produit\/plateaux-baki\/","title":{"rendered":"Plateaux BAKI"},"content":{"rendered":"<p><strong>Formats rectangles :<\/strong><\/p>\n<ul>\n<li>Petit mod\u00e8le : 36cm x 28cm<\/li>\n<li>Grand mod\u00e8le : 48cm x 37cm<\/li>\n<\/ul>\n<p><strong>Formats ronds :<\/strong><\/p>\n<ul>\n<li>Petit mod\u00e8le : Diam\u00e8tre 38cm<\/li>\n<li>Grand mod\u00e8le : Diam\u00e8tre 46cm<\/li>\n<\/ul>","protected":false},"excerpt":{"rendered":"<p>La collection de plateaux BAKI est une cr\u00e9ation exclusive Sentou \u00e9dition.<\/p>\n<p>Disponibles en 2 formats ronds, 2 formats rectangulaires et 4 d\u00e9cors color\u00e9s, ces plateaux sont r\u00e9alis\u00e9s en multiplis de bois stratifi\u00e9 sur les 2 faces.<\/p>","protected":false},"featured_media":138938,"template":"","meta":{"site-sidebar-layout":"default","site-content-layout":"default","ast-site-content-layout":"default","site-content-style":"default","site-sidebar-style":"default","ast-global-header-display":"","ast-banner-title-visibility":"","ast-main-header-display":"","ast-hfb-above-header-display":"","ast-hfb-below-header-display":"","ast-hfb-mobile-header-display":"","site-post-title":"","ast-breadcrumbs-content":"","ast-featured-img":"","footer-sml-layout":"","ast-disable-related-posts":"","theme-transparent-header-meta":"default","adv-header-id-meta":"","stick-header-meta":"default","header-above-stick-meta":"","header-main-stick-meta":"","header-below-stick-meta":"","astra-migrate-meta-layouts":"set","ast-page-background-enabled":"default","ast-page-background-meta":{"desktop":{"background-color":"","background-image":"","background-repeat":"repeat","background-position":"center center","background-size":"auto","background-attachment":"scroll","background-type":"","background-media":"","overlay-type":"","overlay-color":"","overlay-opacity":"","overlay-gradient":""},"tablet":{"background-color":"","background-image":"","background-repeat":"repeat","background-position":"center center","background-size":"auto","background-attachment":"scroll","background-type":"","background-media":"","overlay-type":"","overlay-color":"","overlay-opacity":"","overlay-gradient":""},"mobile":{"background-color":"","background-image":"","background-repeat":"repeat","background-position":"center center","background-size":"auto","background-attachment":"scroll","background-type":"","background-media":"","overlay-type":"","overlay-color":"","overlay-opacity":"","overlay-gradient":""}},"ast-content-background-meta":{"desktop":{"background-color":"var(--ast-global-color-5)","background-image":"","background-repeat":"repeat","background-position":"center center","background-size":"auto","background-attachment":"scroll","background-type":"","background-media":"","overlay-type":"","overlay-color":"","overlay-opacity":"","overlay-gradient":""},"tablet":{"background-color":"var(--ast-global-color-5)","background-image":"","background-repeat":"repeat","background-position":"center center","background-size":"auto","background-attachment":"scroll","background-type":"","background-media":"","overlay-type":"","overlay-color":"","overlay-opacity":"","overlay-gradient":""},"mobile":{"background-color":"var(--ast-global-color-5)","background-image":"","background-repeat":"repeat","background-position":"center center","background-size":"auto","background-attachment":"scroll","background-type":"","background-media":"","overlay-type":"","overlay-color":"","overlay-opacity":"","overlay-gradient":""}}},"product_brand":[],"product_cat":[26,299,19,146,73,400,72],"product_tag":[223,401,222],"class_list":{"0":"post-138782","1":"product","2":"type-product","3":"status-publish","4":"has-post-thumbnail","6":"product_cat-art-de-la-table","7":"product_cat-cadeaux","8":"product_cat-deco","9":"product_cat-e-shop","10":"product_cat-pierre-romanet","11":"product_cat-plateaux","12":"product_cat-sentou","13":"product_tag-pierre-romanet","14":"product_tag-plateaux","15":"product_tag-sentou-edition","16":"desktop-align-left","17":"tablet-align-left","18":"mobile-align-left","19":"ast-product-gallery-layout-horizontal","20":"ast-product-single-variable","21":"ast-qv-on-image","23":"first","24":"instock","25":"featured","26":"taxable","27":"shipping-taxable","28":"purchasable","29":"product-type-variable"},"_links":{"self":[{"href":"https:\/\/sentou.fr\/el\/wp-json\/wp\/v2\/product\/138782","targetHints":{"allow":["GET"]}}],"collection":[{"href":"https:\/\/sentou.fr\/el\/wp-json\/wp\/v2\/product"}],"about":[{"href":"https:\/\/sentou.fr\/el\/wp-json\/wp\/v2\/types\/product"}],"wp:featuredmedia":[{"embeddable":true,"href":"https:\/\/sentou.fr\/el\/wp-json\/wp\/v2\/media\/138938"}],"wp:attachment":[{"href":"https:\/\/sentou.fr\/el\/wp-json\/wp\/v2\/media?parent=138782"}],"wp:term":[{"taxonomy":"product_brand","embeddable":true,"href":"https:\/\/sentou.fr\/el\/wp-json\/wp\/v2\/product_brand?post=138782"},{"taxonomy":"product_cat","embeddable":true,"href":"https:\/\/sentou.fr\/el\/wp-json\/wp\/v2\/product_cat?post=138782"},{"taxonomy":"product_tag","embeddable":true,"href":"https:\/\/sentou.fr\/el\/wp-json\/wp\/v2\/product_tag?post=138782"}],"curies":[{"name":"wp","href":"https:\/\/api.w.org\/{rel}","templated":true}]}}