{"id":138836,"date":"2023-09-13T10:54:02","date_gmt":"2023-09-13T08:54:02","guid":{"rendered":"https:\/\/sentou.fr\/?post_type=product&#038;p=138836"},"modified":"2023-12-07T11:15:51","modified_gmt":"2023-12-07T09:15:51","slug":"cabas-sentou-paros","status":"publish","type":"product","link":"https:\/\/sentou.fr\/el\/produit\/cabas-sentou-paros\/","title":{"rendered":"Cabas SENTOU PAROS"},"content":{"rendered":"<p><strong>Mat\u00e9riau :<\/strong><\/p>\n<ul>\n<li>Toile 100% coton avec impression num\u00e9rique multicolore<\/li>\n<li>Int\u00e9rieur doubl\u00e9: toile jaune 100% coton<\/li>\n<\/ul>\n<p><strong>Dimensions :<\/strong><\/p>\n<ul>\n<li>Largeur 58cm<\/li>\n<li>Hauteur 38cm (sans les anses)<\/li>\n<li>Epaisseur soufflet 14cm<\/li>\n<li>Anses longueur 28cm<\/li>\n<li>Format et coloris unique<\/li>\n<\/ul>","protected":false},"excerpt":{"rendered":"<p>Sentou c&rsquo;est aussi un espace galerie sur l&rsquo;\u00eele grecque de Paros dans les Cyclades : Paros Modern by Sentou.<\/p>\n<p>Avec ses couleurs estivales et son format XL, le cabas SENTOU PAROS sera votre nouveau \u00ab\u00a0it bag\u00a0\u00bb et vous accompagnera toute l&rsquo;ann\u00e9e, de la plage au bureau&#8230; en attendant les vacances !<\/p>\n<p>Il est 100% coton, enti\u00e8rement doubl\u00e9 de\u00a0 coton jaune, et le motif multicolore imprim\u00e9 sur le sac est inspir\u00e9 par le d\u00e9cor ext\u00e9rieur de notre galerie grecque.<\/p>","protected":false},"featured_media":138929,"template":"","meta":{"site-sidebar-layout":"default","site-content-layout":"default","ast-site-content-layout":"default","site-content-style":"default","site-sidebar-style":"default","ast-global-header-display":"","ast-banner-title-visibility":"","ast-main-header-display":"","ast-hfb-above-header-display":"","ast-hfb-below-header-display":"","ast-hfb-mobile-header-display":"","site-post-title":"","ast-breadcrumbs-content":"","ast-featured-img":"","footer-sml-layout":"","ast-disable-related-posts":"","theme-transparent-header-meta":"default","adv-header-id-meta":"","stick-header-meta":"default","header-above-stick-meta":"","header-main-stick-meta":"","header-below-stick-meta":"","astra-migrate-meta-layouts":"set","ast-page-background-enabled":"default","ast-page-background-meta":{"desktop":{"background-color":"","background-image":"","background-repeat":"repeat","background-position":"center center","background-size":"auto","background-attachment":"scroll","background-type":"","background-media":"","overlay-type":"","overlay-color":"","overlay-opacity":"","overlay-gradient":""},"tablet":{"background-color":"","background-image":"","background-repeat":"repeat","background-position":"center center","background-size":"auto","background-attachment":"scroll","background-type":"","background-media":"","overlay-type":"","overlay-color":"","overlay-opacity":"","overlay-gradient":""},"mobile":{"background-color":"","background-image":"","background-repeat":"repeat","background-position":"center center","background-size":"auto","background-attachment":"scroll","background-type":"","background-media":"","overlay-type":"","overlay-color":"","overlay-opacity":"","overlay-gradient":""}},"ast-content-background-meta":{"desktop":{"background-color":"var(--ast-global-color-5)","background-image":"","background-repeat":"repeat","background-position":"center center","background-size":"auto","background-attachment":"scroll","background-type":"","background-media":"","overlay-type":"","overlay-color":"","overlay-opacity":"","overlay-gradient":""},"tablet":{"background-color":"var(--ast-global-color-5)","background-image":"","background-repeat":"repeat","background-position":"center center","background-size":"auto","background-attachment":"scroll","background-type":"","background-media":"","overlay-type":"","overlay-color":"","overlay-opacity":"","overlay-gradient":""},"mobile":{"background-color":"var(--ast-global-color-5)","background-image":"","background-repeat":"repeat","background-position":"center center","background-size":"auto","background-attachment":"scroll","background-type":"","background-media":"","overlay-type":"","overlay-color":"","overlay-opacity":"","overlay-gradient":""}}},"product_brand":[],"product_cat":[199,201,299,72],"product_tag":[386,222,385],"class_list":{"0":"post-138836","1":"product","2":"type-product","3":"status-publish","4":"has-post-thumbnail","6":"product_cat-art-de-vivre","7":"product_cat-accessoires","8":"product_cat-cadeaux","9":"product_cat-sentou","10":"product_tag-paros-modern-by-sentou","11":"product_tag-sentou-edition","12":"product_tag-sentou-paros","13":"desktop-align-left","14":"tablet-align-left","15":"mobile-align-left","16":"ast-product-gallery-layout-horizontal","17":"ast-qv-on-image","19":"first","20":"instock","21":"taxable","22":"shipping-taxable","23":"purchasable","24":"product-type-simple"},"_links":{"self":[{"href":"https:\/\/sentou.fr\/el\/wp-json\/wp\/v2\/product\/138836","targetHints":{"allow":["GET"]}}],"collection":[{"href":"https:\/\/sentou.fr\/el\/wp-json\/wp\/v2\/product"}],"about":[{"href":"https:\/\/sentou.fr\/el\/wp-json\/wp\/v2\/types\/product"}],"wp:featuredmedia":[{"embeddable":true,"href":"https:\/\/sentou.fr\/el\/wp-json\/wp\/v2\/media\/138929"}],"wp:attachment":[{"href":"https:\/\/sentou.fr\/el\/wp-json\/wp\/v2\/media?parent=138836"}],"wp:term":[{"taxonomy":"product_brand","embeddable":true,"href":"https:\/\/sentou.fr\/el\/wp-json\/wp\/v2\/product_brand?post=138836"},{"taxonomy":"product_cat","embeddable":true,"href":"https:\/\/sentou.fr\/el\/wp-json\/wp\/v2\/product_cat?post=138836"},{"taxonomy":"product_tag","embeddable":true,"href":"https:\/\/sentou.fr\/el\/wp-json\/wp\/v2\/product_tag?post=138836"}],"curies":[{"name":"wp","href":"https:\/\/api.w.org\/{rel}","templated":true}]}}