{"id":139876,"date":"2023-11-04T10:28:23","date_gmt":"2023-11-04T08:28:23","guid":{"rendered":"https:\/\/sentou.fr\/?post_type=product&#038;p=139876"},"modified":"2025-08-06T09:25:45","modified_gmt":"2025-08-06T07:25:45","slug":"livre-roger-tallon-itineraire-dun-designer-industriel","status":"publish","type":"product","link":"https:\/\/sentou.fr\/el\/produit\/livre-roger-tallon-itineraire-dun-designer-industriel\/","title":{"rendered":"Livre Roger TALLON   Itin\u00e9raire d&rsquo;un Designer industriel"},"content":{"rendered":"<p>Collection Monographie du Centre Pompidou Paris<\/p>\n<p><strong>Textes: <\/strong>Roger Tallon, Fran\u00e7ois Barr\u00e9, Germain Viatte, Raymond Guidot, Fran\u00e7oise Jollant, Catherine Millet<\/p>\n<ul>\n<li><strong>Date de publication :<\/strong> novembre 1993<\/li>\n<li><strong>Editeur: \u00a0<\/strong>Editions du Centre Pompidou<\/li>\n<li><strong>Langue:<\/strong> Fran\u00e7ais<\/li>\n<li><strong>Nombre de Pages :<\/strong> 174<\/li>\n<li><strong>Format: \u00a0<\/strong>22 x 2 x 31 cm<\/li>\n<\/ul>","protected":false},"excerpt":{"rendered":"<p style=\"font-weight: 400;\">Publi\u00e9 \u00e0 l&rsquo;occasion de l&rsquo;exposition pr\u00e9sent\u00e9e par le Centre Georges Pompidou du 20 octobre 1993 au 10 janvier 1994, cet ouvrage est le panorama professionnel d&rsquo;un des plus brillants designers du 20\u00e8me si\u00e8cle.<\/p>\n<p>De nombreux t\u00e9moignages dont ceux de Massimo Vignelli, Pierre Restany, Arthur J.Pulos, Marc Lebailly.<\/p>\n<p>Ce livre a \u00e9t\u00e9 r\u00e9alis\u00e9 du vivant de Roger Tallon et sous sa supervision, garantissant ainsi la justesse des r\u00e9cits.<\/p>","protected":false},"featured_media":139918,"template":"","meta":{"site-sidebar-layout":"default","site-content-layout":"default","ast-site-content-layout":"default","site-content-style":"default","site-sidebar-style":"default","ast-global-header-display":"","ast-banner-title-visibility":"","ast-main-header-display":"","ast-hfb-above-header-display":"","ast-hfb-below-header-display":"","ast-hfb-mobile-header-display":"","site-post-title":"","ast-breadcrumbs-content":"","ast-featured-img":"","footer-sml-layout":"","ast-disable-related-posts":"","theme-transparent-header-meta":"default","adv-header-id-meta":"","stick-header-meta":"default","header-above-stick-meta":"","header-main-stick-meta":"","header-below-stick-meta":"","astra-migrate-meta-layouts":"set","ast-page-background-enabled":"default","ast-page-background-meta":{"desktop":{"background-color":"","background-image":"","background-repeat":"repeat","background-position":"center center","background-size":"auto","background-attachment":"scroll","background-type":"","background-media":"","overlay-type":"","overlay-color":"","overlay-opacity":"","overlay-gradient":""},"tablet":{"background-color":"","background-image":"","background-repeat":"repeat","background-position":"center center","background-size":"auto","background-attachment":"scroll","background-type":"","background-media":"","overlay-type":"","overlay-color":"","overlay-opacity":"","overlay-gradient":""},"mobile":{"background-color":"","background-image":"","background-repeat":"repeat","background-position":"center center","background-size":"auto","background-attachment":"scroll","background-type":"","background-media":"","overlay-type":"","overlay-color":"","overlay-opacity":"","overlay-gradient":""}},"ast-content-background-meta":{"desktop":{"background-color":"var(--ast-global-color-5)","background-image":"","background-repeat":"repeat","background-position":"center center","background-size":"auto","background-attachment":"scroll","background-type":"","background-media":"","overlay-type":"","overlay-color":"","overlay-opacity":"","overlay-gradient":""},"tablet":{"background-color":"var(--ast-global-color-5)","background-image":"","background-repeat":"repeat","background-position":"center center","background-size":"auto","background-attachment":"scroll","background-type":"","background-media":"","overlay-type":"","overlay-color":"","overlay-opacity":"","overlay-gradient":""},"mobile":{"background-color":"var(--ast-global-color-5)","background-image":"","background-repeat":"repeat","background-position":"center center","background-size":"auto","background-attachment":"scroll","background-type":"","background-media":"","overlay-type":"","overlay-color":"","overlay-opacity":"","overlay-gradient":""}}},"product_brand":[],"product_cat":[74,199,299,200],"product_tag":[221],"class_list":{"0":"post-139876","1":"product","2":"type-product","3":"status-publish","4":"has-post-thumbnail","6":"product_cat-roger-tallon","7":"product_cat-art-de-vivre","8":"product_cat-cadeaux","9":"product_cat-livres","10":"product_tag-roger-tallon","11":"desktop-align-left","12":"tablet-align-left","13":"mobile-align-left","14":"ast-product-gallery-layout-horizontal","15":"ast-qv-on-image","17":"first","18":"instock","19":"taxable","20":"shipping-taxable","21":"purchasable","22":"product-type-simple"},"_links":{"self":[{"href":"https:\/\/sentou.fr\/el\/wp-json\/wp\/v2\/product\/139876","targetHints":{"allow":["GET"]}}],"collection":[{"href":"https:\/\/sentou.fr\/el\/wp-json\/wp\/v2\/product"}],"about":[{"href":"https:\/\/sentou.fr\/el\/wp-json\/wp\/v2\/types\/product"}],"wp:featuredmedia":[{"embeddable":true,"href":"https:\/\/sentou.fr\/el\/wp-json\/wp\/v2\/media\/139918"}],"wp:attachment":[{"href":"https:\/\/sentou.fr\/el\/wp-json\/wp\/v2\/media?parent=139876"}],"wp:term":[{"taxonomy":"product_brand","embeddable":true,"href":"https:\/\/sentou.fr\/el\/wp-json\/wp\/v2\/product_brand?post=139876"},{"taxonomy":"product_cat","embeddable":true,"href":"https:\/\/sentou.fr\/el\/wp-json\/wp\/v2\/product_cat?post=139876"},{"taxonomy":"product_tag","embeddable":true,"href":"https:\/\/sentou.fr\/el\/wp-json\/wp\/v2\/product_tag?post=139876"}],"curies":[{"name":"wp","href":"https:\/\/api.w.org\/{rel}","templated":true}]}}