{"id":139881,"date":"2023-11-04T11:56:56","date_gmt":"2023-11-04T09:56:56","guid":{"rendered":"https:\/\/sentou.fr\/?post_type=product&#038;p=139881"},"modified":"2025-06-29T16:47:14","modified_gmt":"2025-06-29T14:47:14","slug":"livre-isamu-noguchi-et-la-grece","status":"publish","type":"product","link":"https:\/\/sentou.fr\/el\/produit\/livre-isamu-noguchi-et-la-grece\/","title":{"rendered":"Livre NOGUCHI et la GRECE"},"content":{"rendered":"<ul>\n<li><strong><span style=\"font-size: 16px; font-style: normal;\">Broch\u00e9, coffret en deux volumes<\/span><\/strong><\/li>\n<li><strong>Format:<\/strong> 17<span style=\"font-size: 16px;\">cm \u00a0x 23,5cm<\/span><\/li>\n<li><strong>Editions:\u00a0<\/strong> Atelier \u00c9ditions<\/li>\n<li><strong>Langue:<\/strong> Anglais<\/li>\n<li><strong>Nombre de Pages :<\/strong> 320<\/li>\n<li><strong>Nombre d&rsquo;Illustrations :<\/strong> <span style=\"font-size: 16px; font-style: normal;\">60 images en noir et blanc, 60 images en couleur<\/span><\/li>\n<\/ul>\n<p>ISBN 9781733622080<\/p>","protected":false},"excerpt":{"rendered":"<div>\n<p>Un livre magnifique, d\u00e9j\u00e0 Collector&#8230;<\/p>\n<p>Une fouille d&rsquo;archives en deux volumes sur la relation durable de Noguchi avec la Gr\u00e8ce.<\/p>\n<p><em>Noguchi and Greece, Greece and Noguchi<\/em><span class=\"apple-converted-space\"><i>\u00a0<\/i><\/span>examinent la relation entre l&rsquo;un des artistes les plus c\u00e9l\u00e8bres du XXe si\u00e8cle, Isamu Noguchi, et le pays m\u00e9diterran\u00e9en qu&rsquo;il a r\u00e9guli\u00e8rement visit\u00e9 pendant des d\u00e9cennies, \u00e0 travers le prisme des objets d&rsquo;int\u00e9r\u00eat commun (OoCI). Cet ensemble de deux volumes examine l&rsquo;influence de la culture grecque sur l&rsquo;\u0153uvre de Noguchi et l&rsquo;identit\u00e9 m\u00e9tamorphos\u00e9e qu&rsquo;il a \u00e9tablie en s&rsquo;engageant avec de multiples cultures, divers praticiens et une vari\u00e9t\u00e9 de m\u00e9diums.<\/p>\n<p>Des lettres, des photographies, des croquis et des mots de l&rsquo;artiste lui-m\u00eame &#8211; certains in\u00e9dits &#8211; r\u00e9v\u00e8lent la relation intime que Noguchi entretenait avec la Gr\u00e8ce. De nouveaux textes explorent la communaut\u00e9 cr\u00e9ative de l&rsquo;interdisciplinaire nippo-am\u00e9ricain, notamment le futuriste Buckminster Fuller et la chor\u00e9graphe Martha Graham, tandis que des essais visuels contemporains r\u00e9interpr\u00e8tent l&rsquo;h\u00e9ritage durable de Noguchi \u00e0 travers les pratiques artistiques et de design d&rsquo;aujourd&rsquo;hui.<\/p>\n<\/div>\n<div>\n<p>De nouveaux textes explorent les collaborations fructueuses de Noguchi avec sa communaut\u00e9 cr\u00e9ative, notamment l&rsquo;architecte futuriste Buckminster Fuller et la chor\u00e9graphe Martha Graham, et r\u00e9interpr\u00e8tent l&rsquo;h\u00e9ritage durable de Noguchi \u00e0 travers les pratiques artistiques et de design d&rsquo;aujourd&rsquo;hui. Les textes pr\u00e9sent\u00e9s sont ceux de Diane Apostolos-Cappadona, Hsiao-Yun Chu, Dakin Hart, Noguchi, Fuller, Jannis Varelas, Nicholas Paissios et Katerina Koskina. Les photographes Marco Arguello, Iwan Baan, Yiannis Bournias, Lauren Coleman, Brian W Ferry, Adrianna Glaviano, Brooke Holmes, Naho Kubota, Mathjis Labadie, Jana Romanova, Omar Sator, Matthieu Salvaing et Stefanos Tsakiris apportent des r\u00e9ponses visuelles au travail de l&rsquo;OoCI, en lien avec la pratique en constante \u00e9volution de Noguchi.<\/p>\n<p><em>Noguchi and Greece, Greece and Noguchi\u00a0<\/em>est une extension d&rsquo;un projet de recherche et d&rsquo;exposition initi\u00e9 par OoCI avec le Mus\u00e9e Noguchi de New York.<\/p>\n<\/div>\n<p>TEXTES de Diane Apostolos-Cappadona, Hsiao-Yun Chu, Dakin Hart, Isamu Noguchi, Nicolas Paissios, Jannis Varelas et Objets d&rsquo;int\u00e9r\u00eat commun<br \/>\n\u00c9DIT\u00c9 par Ananda Pellerin<\/p>","protected":false},"featured_media":139905,"template":"","meta":{"site-sidebar-layout":"default","site-content-layout":"default","ast-site-content-layout":"default","site-content-style":"default","site-sidebar-style":"default","ast-global-header-display":"","ast-banner-title-visibility":"","ast-main-header-display":"","ast-hfb-above-header-display":"","ast-hfb-below-header-display":"","ast-hfb-mobile-header-display":"","site-post-title":"","ast-breadcrumbs-content":"","ast-featured-img":"","footer-sml-layout":"","ast-disable-related-posts":"","theme-transparent-header-meta":"default","adv-header-id-meta":"","stick-header-meta":"default","header-above-stick-meta":"","header-main-stick-meta":"","header-below-stick-meta":"","astra-migrate-meta-layouts":"set","ast-page-background-enabled":"default","ast-page-background-meta":{"desktop":{"background-color":"","background-image":"","background-repeat":"repeat","background-position":"center center","background-size":"auto","background-attachment":"scroll","background-type":"","background-media":"","overlay-type":"","overlay-color":"","overlay-opacity":"","overlay-gradient":""},"tablet":{"background-color":"","background-image":"","background-repeat":"repeat","background-position":"center center","background-size":"auto","background-attachment":"scroll","background-type":"","background-media":"","overlay-type":"","overlay-color":"","overlay-opacity":"","overlay-gradient":""},"mobile":{"background-color":"","background-image":"","background-repeat":"repeat","background-position":"center center","background-size":"auto","background-attachment":"scroll","background-type":"","background-media":"","overlay-type":"","overlay-color":"","overlay-opacity":"","overlay-gradient":""}},"ast-content-background-meta":{"desktop":{"background-color":"var(--ast-global-color-5)","background-image":"","background-repeat":"repeat","background-position":"center center","background-size":"auto","background-attachment":"scroll","background-type":"","background-media":"","overlay-type":"","overlay-color":"","overlay-opacity":"","overlay-gradient":""},"tablet":{"background-color":"var(--ast-global-color-5)","background-image":"","background-repeat":"repeat","background-position":"center center","background-size":"auto","background-attachment":"scroll","background-type":"","background-media":"","overlay-type":"","overlay-color":"","overlay-opacity":"","overlay-gradient":""},"mobile":{"background-color":"var(--ast-global-color-5)","background-image":"","background-repeat":"repeat","background-position":"center center","background-size":"auto","background-attachment":"scroll","background-type":"","background-media":"","overlay-type":"","overlay-color":"","overlay-opacity":"","overlay-gradient":""}}},"product_brand":[],"product_cat":[199,299,570,75,200],"product_tag":[220],"class_list":{"0":"post-139881","1":"product","2":"type-product","3":"status-publish","4":"has-post-thumbnail","6":"product_cat-art-de-vivre","7":"product_cat-cadeaux","8":"product_cat-collectors","9":"product_cat-isamu-noguchi","10":"product_cat-livres","11":"product_tag-isamu-noguchi","12":"desktop-align-left","13":"tablet-align-left","14":"mobile-align-left","15":"ast-product-gallery-layout-horizontal","16":"ast-qv-on-image","18":"first","19":"outofstock","20":"taxable","21":"shipping-taxable","22":"purchasable","23":"product-type-simple"},"_links":{"self":[{"href":"https:\/\/sentou.fr\/el\/wp-json\/wp\/v2\/product\/139881","targetHints":{"allow":["GET"]}}],"collection":[{"href":"https:\/\/sentou.fr\/el\/wp-json\/wp\/v2\/product"}],"about":[{"href":"https:\/\/sentou.fr\/el\/wp-json\/wp\/v2\/types\/product"}],"wp:featuredmedia":[{"embeddable":true,"href":"https:\/\/sentou.fr\/el\/wp-json\/wp\/v2\/media\/139905"}],"wp:attachment":[{"href":"https:\/\/sentou.fr\/el\/wp-json\/wp\/v2\/media?parent=139881"}],"wp:term":[{"taxonomy":"product_brand","embeddable":true,"href":"https:\/\/sentou.fr\/el\/wp-json\/wp\/v2\/product_brand?post=139881"},{"taxonomy":"product_cat","embeddable":true,"href":"https:\/\/sentou.fr\/el\/wp-json\/wp\/v2\/product_cat?post=139881"},{"taxonomy":"product_tag","embeddable":true,"href":"https:\/\/sentou.fr\/el\/wp-json\/wp\/v2\/product_tag?post=139881"}],"curies":[{"name":"wp","href":"https:\/\/api.w.org\/{rel}","templated":true}]}}