{"id":139952,"date":"2023-11-04T11:58:52","date_gmt":"2023-11-04T09:58:52","guid":{"rendered":"https:\/\/sentou.fr\/?post_type=product&#038;p=139952"},"modified":"2024-12-13T20:58:59","modified_gmt":"2024-12-13T18:58:59","slug":"roger-tallon-par-chloe-braunstein-et-gilles-de-bure","status":"publish","type":"product","link":"https:\/\/sentou.fr\/el\/produit\/roger-tallon-par-chloe-braunstein-et-gilles-de-bure\/","title":{"rendered":"ROGER TALLON  par Chlo\u00e9 Braunstein et Gilles de Bure"},"content":{"rendered":"<p><strong>Textes: <\/strong>Chlo\u00e9 Braunstein et Gilles de Bure<\/p>\n<ul>\n<li><strong>Date de publication :<\/strong> 1999<\/li>\n<li><strong>Editeur: \u00a0<\/strong>Editions DIS VOIR collection Design &amp; Architecture<\/li>\n<li><strong>Langue:<\/strong> texte en anglais<\/li>\n<li><strong>Nombre de Pages :<\/strong> 128<\/li>\n<li><strong>Illustrations:<\/strong> 60 photos noir\/blanc et couleurs<\/li>\n<li><strong>Format: \u00a0<\/strong>21,5\u00a0x 16,5 cm<\/li>\n<\/ul>","protected":false},"excerpt":{"rendered":"<div>\n<p>Figure fondamentale du<span class=\"apple-converted-space\">\u00a0<\/span><a href=\"https:\/\/www.lespressesdureel.com\/index_theme.php?id=182&amp;menu=4\">design<\/a><span class=\"apple-converted-space\">\u00a0<\/span>en France,<span class=\"apple-converted-space\">\u00a0<\/span><strong>Roger Tallon<\/strong><span class=\"apple-converted-space\">\u00a0<\/span>(1929-2011) est une figure embl\u00e9matique du design \u00e0 la fran\u00e7aise. Principalement impliqu\u00e9 dans le design int\u00e9rieur \u00e0 ses d\u00e9buts, il \u00e9voluera vers des projets institutionnels et artistiques avant de choisir la voie industrielle. La t\u00e9l\u00e9vision transportable T\u00e9l\u00e9avia, les montres Lip, le premier TGV et les trains Corail, le m\u00e9tro de Mexico ainsi que l\u2019introduction de l\u2019enseignement du design dans les \u00e9coles d\u2019art en France comptent parmi ses r\u00e9ussites les plus importantes. Sa reconnaissance internationale et sa personnalit\u00e9 extr\u00eamement marquante lui valent en France une place de p\u00e8re fondateur respect\u00e9.<\/p>\n<\/div>\n<div>\n<p><strong>Chlo\u00e9 Braunstein<\/strong><span class=\"apple-converted-space\"> est l\u2019auteure d\u2019ouvrages et commissaire d&rsquo;expositions consacr\u00e9s au design. Elle <\/span>\u00e9tait la directrice artistique de la galerie Mouvements Moderne. .<\/p>\n<\/div>\n<div>\n<p><strong>Gilles de Bure<\/strong>(1940-2013) \u00e9tait journaliste pour le<em>Journal des Arts<\/em>.<\/p>\n<\/div>\n<p>Textes en ANGLAIS<\/p>","protected":false},"featured_media":139977,"template":"","meta":{"site-sidebar-layout":"default","site-content-layout":"default","ast-site-content-layout":"default","site-content-style":"default","site-sidebar-style":"default","ast-global-header-display":"","ast-banner-title-visibility":"","ast-main-header-display":"","ast-hfb-above-header-display":"","ast-hfb-below-header-display":"","ast-hfb-mobile-header-display":"","site-post-title":"","ast-breadcrumbs-content":"","ast-featured-img":"","footer-sml-layout":"","ast-disable-related-posts":"","theme-transparent-header-meta":"default","adv-header-id-meta":"","stick-header-meta":"default","header-above-stick-meta":"","header-main-stick-meta":"","header-below-stick-meta":"","astra-migrate-meta-layouts":"set","ast-page-background-enabled":"default","ast-page-background-meta":{"desktop":{"background-color":"","background-image":"","background-repeat":"repeat","background-position":"center center","background-size":"auto","background-attachment":"scroll","background-type":"","background-media":"","overlay-type":"","overlay-color":"","overlay-opacity":"","overlay-gradient":""},"tablet":{"background-color":"","background-image":"","background-repeat":"repeat","background-position":"center center","background-size":"auto","background-attachment":"scroll","background-type":"","background-media":"","overlay-type":"","overlay-color":"","overlay-opacity":"","overlay-gradient":""},"mobile":{"background-color":"","background-image":"","background-repeat":"repeat","background-position":"center center","background-size":"auto","background-attachment":"scroll","background-type":"","background-media":"","overlay-type":"","overlay-color":"","overlay-opacity":"","overlay-gradient":""}},"ast-content-background-meta":{"desktop":{"background-color":"var(--ast-global-color-5)","background-image":"","background-repeat":"repeat","background-position":"center center","background-size":"auto","background-attachment":"scroll","background-type":"","background-media":"","overlay-type":"","overlay-color":"","overlay-opacity":"","overlay-gradient":""},"tablet":{"background-color":"var(--ast-global-color-5)","background-image":"","background-repeat":"repeat","background-position":"center center","background-size":"auto","background-attachment":"scroll","background-type":"","background-media":"","overlay-type":"","overlay-color":"","overlay-opacity":"","overlay-gradient":""},"mobile":{"background-color":"var(--ast-global-color-5)","background-image":"","background-repeat":"repeat","background-position":"center center","background-size":"auto","background-attachment":"scroll","background-type":"","background-media":"","overlay-type":"","overlay-color":"","overlay-opacity":"","overlay-gradient":""}}},"product_brand":[],"product_cat":[74,199,299,573,200],"product_tag":[221],"class_list":{"0":"post-139952","1":"product","2":"type-product","3":"status-publish","4":"has-post-thumbnail","6":"product_cat-roger-tallon","7":"product_cat-art-de-vivre","8":"product_cat-cadeaux","9":"product_cat-design","10":"product_cat-livres","11":"product_tag-roger-tallon","12":"desktop-align-left","13":"tablet-align-left","14":"mobile-align-left","15":"ast-product-gallery-layout-horizontal","16":"ast-qv-on-image","18":"first","19":"instock","20":"taxable","21":"shipping-taxable","22":"purchasable","23":"product-type-simple"},"_links":{"self":[{"href":"https:\/\/sentou.fr\/el\/wp-json\/wp\/v2\/product\/139952","targetHints":{"allow":["GET"]}}],"collection":[{"href":"https:\/\/sentou.fr\/el\/wp-json\/wp\/v2\/product"}],"about":[{"href":"https:\/\/sentou.fr\/el\/wp-json\/wp\/v2\/types\/product"}],"wp:featuredmedia":[{"embeddable":true,"href":"https:\/\/sentou.fr\/el\/wp-json\/wp\/v2\/media\/139977"}],"wp:attachment":[{"href":"https:\/\/sentou.fr\/el\/wp-json\/wp\/v2\/media?parent=139952"}],"wp:term":[{"taxonomy":"product_brand","embeddable":true,"href":"https:\/\/sentou.fr\/el\/wp-json\/wp\/v2\/product_brand?post=139952"},{"taxonomy":"product_cat","embeddable":true,"href":"https:\/\/sentou.fr\/el\/wp-json\/wp\/v2\/product_cat?post=139952"},{"taxonomy":"product_tag","embeddable":true,"href":"https:\/\/sentou.fr\/el\/wp-json\/wp\/v2\/product_tag?post=139952"}],"curies":[{"name":"wp","href":"https:\/\/api.w.org\/{rel}","templated":true}]}}