{"id":140104,"date":"2023-11-20T16:52:04","date_gmt":"2023-11-20T14:52:04","guid":{"rendered":"https:\/\/sentou.fr\/?post_type=product&#038;p=140104"},"modified":"2025-01-28T18:23:21","modified_gmt":"2025-01-28T16:23:21","slug":"table-basse-lalinde-ronde-tgm","status":"publish","type":"product","link":"https:\/\/sentou.fr\/el\/produit\/table-basse-lalinde-ronde-tgm\/","title":{"rendered":"Table Basse LALINDE Ronde TGM"},"content":{"rendered":"<p><strong>Diam\u00e8tre :<\/strong> 95cm<\/p>\n<p><strong>Hauteur totale<\/strong> : 38cm<\/p>\n<p><strong>Finition\/mati\u00e8re :<\/strong><\/p>\n<p><strong>. Plateau :<\/strong> panneaux MDF laque brillante<\/p>\n<p><strong>. 4 Pieds:<\/strong> ch\u00eane massif verni naturel<\/p>\n<p><span style=\"font-size: 16px;\">la table est livr\u00e9e d\u00e9mont\u00e9e, les 4 pieds sont \u00e0 visser suivant notice incluse dans le colis<\/span><\/p>","protected":false},"excerpt":{"rendered":"<div>\n<p><strong>Un des plus grands <\/strong><b>classiques des collections \u00a0Sentou \u00e9dition, <\/b><\/p>\n<p><b>Produit dans les ateliers de Robert Sentou du P\u00e9rigord d\u00e8s les ann\u00e9es 60, <\/b><b>Sentou \u00e9dition l&rsquo;a r\u00e9interpr\u00e9t\u00e9 dans les ann\u00e9es 2000 en la d\u00e9clinant dans diff\u00e9rents formats et diff\u00e9rents coloris de laque.<\/b><\/p>\n<p><span style=\"font-size: 16px;\">Cre\u0301ation SENTOU \u00e9dition<\/span><\/p>\n<p><span style=\"font-size: 16px;\">Quelques exemplaires Collectors&#8230;\u00a0<\/span><\/p>\n<\/div>\n<div><\/div>\n<div><\/div>","protected":false},"featured_media":140140,"template":"","meta":{"site-sidebar-layout":"default","site-content-layout":"default","ast-site-content-layout":"default","site-content-style":"default","site-sidebar-style":"default","ast-global-header-display":"","ast-banner-title-visibility":"","ast-main-header-display":"","ast-hfb-above-header-display":"","ast-hfb-below-header-display":"","ast-hfb-mobile-header-display":"","site-post-title":"","ast-breadcrumbs-content":"","ast-featured-img":"","footer-sml-layout":"","ast-disable-related-posts":"","theme-transparent-header-meta":"default","adv-header-id-meta":"","stick-header-meta":"default","header-above-stick-meta":"","header-main-stick-meta":"","header-below-stick-meta":"","astra-migrate-meta-layouts":"set","ast-page-background-enabled":"default","ast-page-background-meta":{"desktop":{"background-color":"","background-image":"","background-repeat":"repeat","background-position":"center center","background-size":"auto","background-attachment":"scroll","background-type":"","background-media":"","overlay-type":"","overlay-color":"","overlay-opacity":"","overlay-gradient":""},"tablet":{"background-color":"","background-image":"","background-repeat":"repeat","background-position":"center center","background-size":"auto","background-attachment":"scroll","background-type":"","background-media":"","overlay-type":"","overlay-color":"","overlay-opacity":"","overlay-gradient":""},"mobile":{"background-color":"","background-image":"","background-repeat":"repeat","background-position":"center center","background-size":"auto","background-attachment":"scroll","background-type":"","background-media":"","overlay-type":"","overlay-color":"","overlay-opacity":"","overlay-gradient":""}},"ast-content-background-meta":{"desktop":{"background-color":"var(--ast-global-color-5)","background-image":"","background-repeat":"repeat","background-position":"center center","background-size":"auto","background-attachment":"scroll","background-type":"","background-media":"","overlay-type":"","overlay-color":"","overlay-opacity":"","overlay-gradient":""},"tablet":{"background-color":"var(--ast-global-color-5)","background-image":"","background-repeat":"repeat","background-position":"center center","background-size":"auto","background-attachment":"scroll","background-type":"","background-media":"","overlay-type":"","overlay-color":"","overlay-opacity":"","overlay-gradient":""},"mobile":{"background-color":"var(--ast-global-color-5)","background-image":"","background-repeat":"repeat","background-position":"center center","background-size":"auto","background-attachment":"scroll","background-type":"","background-media":"","overlay-type":"","overlay-color":"","overlay-opacity":"","overlay-gradient":""}}},"product_brand":[],"product_cat":[146,67,18,72,415],"product_tag":[],"class_list":{"0":"post-140104","1":"product","2":"type-product","3":"status-publish","4":"has-post-thumbnail","6":"product_cat-e-shop","7":"product_cat-designers","8":"product_cat-mobilier","9":"product_cat-sentou","10":"product_cat-table-basse-mobilier","11":"desktop-align-left","12":"tablet-align-left","13":"mobile-align-left","14":"ast-product-gallery-layout-horizontal","15":"ast-product-gallery-with-no-image","16":"ast-product-single-variable","17":"ast-qv-on-image","19":"first","20":"instock","21":"taxable","22":"shipping-taxable","23":"purchasable","24":"product-type-variable"},"_links":{"self":[{"href":"https:\/\/sentou.fr\/el\/wp-json\/wp\/v2\/product\/140104","targetHints":{"allow":["GET"]}}],"collection":[{"href":"https:\/\/sentou.fr\/el\/wp-json\/wp\/v2\/product"}],"about":[{"href":"https:\/\/sentou.fr\/el\/wp-json\/wp\/v2\/types\/product"}],"wp:featuredmedia":[{"embeddable":true,"href":"https:\/\/sentou.fr\/el\/wp-json\/wp\/v2\/media\/140140"}],"wp:attachment":[{"href":"https:\/\/sentou.fr\/el\/wp-json\/wp\/v2\/media?parent=140104"}],"wp:term":[{"taxonomy":"product_brand","embeddable":true,"href":"https:\/\/sentou.fr\/el\/wp-json\/wp\/v2\/product_brand?post=140104"},{"taxonomy":"product_cat","embeddable":true,"href":"https:\/\/sentou.fr\/el\/wp-json\/wp\/v2\/product_cat?post=140104"},{"taxonomy":"product_tag","embeddable":true,"href":"https:\/\/sentou.fr\/el\/wp-json\/wp\/v2\/product_tag?post=140104"}],"curies":[{"name":"wp","href":"https:\/\/api.w.org\/{rel}","templated":true}]}}