{"id":140150,"date":"2023-11-22T17:15:58","date_gmt":"2023-11-22T15:15:58","guid":{"rendered":"https:\/\/sentou.fr\/?post_type=product&#038;p=140150"},"modified":"2025-03-17T13:10:44","modified_gmt":"2025-03-17T11:10:44","slug":"uten-silo-chrome","status":"publish","type":"product","link":"https:\/\/sentou.fr\/el\/produit\/uten-silo-chrome\/","title":{"rendered":"UTEN.SILO chrom\u00e9"},"content":{"rendered":"<p><strong>UTEN.SILO chrom\u00e9<\/strong><\/p>\n<p><strong>Design: <\/strong>Doroth\u00e9e Becker<\/p>\n<p><strong>Ann\u00e9e de cr\u00e9ation :<\/strong> 1969 &#8211; \u00a0le mod\u00e8le vendu est une \u00e9dition s\u00e9rie limit\u00e9e VITRA DESIGN MUSEUM de 2002 dans son emballage d&rsquo;origine<\/p>\n<p><strong>Dimensions :<\/strong> Hauteur 68 cm x largeur 52 cm x \u00e9paisseur 7cm<\/p>\n<p><strong>Finition\/mati\u00e8re : <\/strong>Mati\u00e8re plastique ABS et crochets m\u00e9tal nickel\u00e9<\/p>\n<p><strong>Coloris:<\/strong> pelliculage chrome brillant<\/p>","protected":false},"excerpt":{"rendered":"<p style=\"font-weight: 400;\">Uten.Silo est \u00e9quip\u00e9 de pinces, de crochets et de r\u00e9ceptacles de formes et de tailles vari\u00e9es, offrant un espace de rangement pratique pour toutes sortes d&rsquo;objets de tous les jours et permettant de les retrouver plus facilement.<\/p>\n<p>Dorothee Becker l&rsquo;a dessin\u00e9 en 1969 dans 2 formats. Le mod\u00e8le vendu est la version Uten.silo II, la petite version.<\/p>\n<p><strong>PIECE UNIQUE COLLECTOR : le mod\u00e8le vendu est une \u00e9dition s\u00e9rie limit\u00e9e VITRA de 2002<\/strong><\/p>","protected":false},"featured_media":140157,"template":"","meta":{"site-sidebar-layout":"default","site-content-layout":"","ast-site-content-layout":"default","site-content-style":"default","site-sidebar-style":"default","ast-global-header-display":"","ast-banner-title-visibility":"","ast-main-header-display":"","ast-hfb-above-header-display":"","ast-hfb-below-header-display":"","ast-hfb-mobile-header-display":"","site-post-title":"","ast-breadcrumbs-content":"","ast-featured-img":"","footer-sml-layout":"","ast-disable-related-posts":"","theme-transparent-header-meta":"default","adv-header-id-meta":"","stick-header-meta":"default","header-above-stick-meta":"","header-main-stick-meta":"","header-below-stick-meta":"","astra-migrate-meta-layouts":"set","ast-page-background-enabled":"default","ast-page-background-meta":{"desktop":{"background-color":"","background-image":"","background-repeat":"repeat","background-position":"center center","background-size":"auto","background-attachment":"scroll","background-type":"","background-media":"","overlay-type":"","overlay-color":"","overlay-opacity":"","overlay-gradient":""},"tablet":{"background-color":"","background-image":"","background-repeat":"repeat","background-position":"center center","background-size":"auto","background-attachment":"scroll","background-type":"","background-media":"","overlay-type":"","overlay-color":"","overlay-opacity":"","overlay-gradient":""},"mobile":{"background-color":"","background-image":"","background-repeat":"repeat","background-position":"center center","background-size":"auto","background-attachment":"scroll","background-type":"","background-media":"","overlay-type":"","overlay-color":"","overlay-opacity":"","overlay-gradient":""}},"ast-content-background-meta":{"desktop":{"background-color":"var(--ast-global-color-5)","background-image":"","background-repeat":"repeat","background-position":"center center","background-size":"auto","background-attachment":"scroll","background-type":"","background-media":"","overlay-type":"","overlay-color":"","overlay-opacity":"","overlay-gradient":""},"tablet":{"background-color":"var(--ast-global-color-5)","background-image":"","background-repeat":"repeat","background-position":"center center","background-size":"auto","background-attachment":"scroll","background-type":"","background-media":"","overlay-type":"","overlay-color":"","overlay-opacity":"","overlay-gradient":""},"mobile":{"background-color":"var(--ast-global-color-5)","background-image":"","background-repeat":"repeat","background-position":"center center","background-size":"auto","background-attachment":"scroll","background-type":"","background-media":"","overlay-type":"","overlay-color":"","overlay-opacity":"","overlay-gradient":""}}},"product_brand":[],"product_cat":[201,199,299,570,146,15],"product_tag":[],"class_list":{"0":"post-140150","1":"product","2":"type-product","3":"status-publish","4":"has-post-thumbnail","6":"product_cat-accessoires","7":"product_cat-art-de-vivre","8":"product_cat-cadeaux","9":"product_cat-collectors","10":"product_cat-e-shop","11":"product_cat-non-classe","12":"desktop-align-left","13":"tablet-align-left","14":"mobile-align-left","15":"ast-product-gallery-layout-horizontal","16":"ast-qv-on-image","18":"first","19":"outofstock","20":"taxable","21":"shipping-taxable","22":"purchasable","23":"product-type-simple"},"_links":{"self":[{"href":"https:\/\/sentou.fr\/el\/wp-json\/wp\/v2\/product\/140150","targetHints":{"allow":["GET"]}}],"collection":[{"href":"https:\/\/sentou.fr\/el\/wp-json\/wp\/v2\/product"}],"about":[{"href":"https:\/\/sentou.fr\/el\/wp-json\/wp\/v2\/types\/product"}],"wp:featuredmedia":[{"embeddable":true,"href":"https:\/\/sentou.fr\/el\/wp-json\/wp\/v2\/media\/140157"}],"wp:attachment":[{"href":"https:\/\/sentou.fr\/el\/wp-json\/wp\/v2\/media?parent=140150"}],"wp:term":[{"taxonomy":"product_brand","embeddable":true,"href":"https:\/\/sentou.fr\/el\/wp-json\/wp\/v2\/product_brand?post=140150"},{"taxonomy":"product_cat","embeddable":true,"href":"https:\/\/sentou.fr\/el\/wp-json\/wp\/v2\/product_cat?post=140150"},{"taxonomy":"product_tag","embeddable":true,"href":"https:\/\/sentou.fr\/el\/wp-json\/wp\/v2\/product_tag?post=140150"}],"curies":[{"name":"wp","href":"https:\/\/api.w.org\/{rel}","templated":true}]}}