{"id":140380,"date":"2023-12-06T16:02:19","date_gmt":"2023-12-06T14:02:19","guid":{"rendered":"https:\/\/sentou.fr\/?post_type=product&#038;p=140380"},"modified":"2024-12-13T20:51:31","modified_gmt":"2024-12-13T18:51:31","slug":"sori-yanagi-design","status":"publish","type":"product","link":"https:\/\/sentou.fr\/el\/produit\/sori-yanagi-design\/","title":{"rendered":"SORI YANAGI Design"},"content":{"rendered":"<ul>\n<li><strong><span style=\"font-size: 16px; font-style: normal;\">couverture souple<\/span><\/strong><\/li>\n<li><strong>Format:<\/strong> 23<span style=\"font-size: 16px;\">cm \u00a0x 29,5cm<\/span><\/li>\n<li><strong>Editions:\u00a0<\/strong> Sezon museum of Art\/NihonKeiza Shimbun,Inc<\/li>\n<li><strong>Ann\u00e9e de parution<\/strong> : 1998<\/li>\n<li><strong>Langue:<\/strong> Anglais &amp; Japonais<\/li>\n<li><strong>Nombre de Pages :<\/strong> 232<\/li>\n<li>90% du livre est constitu\u00e9 d&rsquo;illustrations couleurs et noir\/blanc pleine page<\/li>\n<\/ul>\n<p>&nbsp;<\/p>","protected":false},"excerpt":{"rendered":"<div>\n<p>Avec sa pr\u00e9face \u00e9crite par Charlotte Perriand, ce livre est l&rsquo;\u00e9quivalent du catalogue raisonn\u00e9 de l&rsquo;Oeuvre de Sori Yanagi.<\/p>\n<p>Co-\u00e9dit\u00e9 par le designer, il pr\u00e9sente les multiples facettes du talent de ce monument de la cr\u00e9ation Design \u00a0japonaise de la 2\u00e8me moiti\u00e9 du 20\u00e8me si\u00e8cle.<\/p>\n<p>Mobilier, arts de la Table, architecture, mobilier urbain, graphisme,&#8230; les talents sont innombrables&#8230;<\/p>\n<\/div>\n<p>Vous \u00eates amateur et admirateur du travail de Sori Yanagi, c&rsquo;est un ouvrage de r\u00e9f\u00e9rence.<\/p>","protected":false},"featured_media":140341,"template":"","meta":{"site-sidebar-layout":"default","site-content-layout":"default","ast-site-content-layout":"default","site-content-style":"default","site-sidebar-style":"default","ast-global-header-display":"","ast-banner-title-visibility":"","ast-main-header-display":"","ast-hfb-above-header-display":"","ast-hfb-below-header-display":"","ast-hfb-mobile-header-display":"","site-post-title":"","ast-breadcrumbs-content":"","ast-featured-img":"","footer-sml-layout":"","ast-disable-related-posts":"","theme-transparent-header-meta":"default","adv-header-id-meta":"","stick-header-meta":"default","header-above-stick-meta":"","header-main-stick-meta":"","header-below-stick-meta":"","astra-migrate-meta-layouts":"set","ast-page-background-enabled":"default","ast-page-background-meta":{"desktop":{"background-color":"","background-image":"","background-repeat":"repeat","background-position":"center center","background-size":"auto","background-attachment":"scroll","background-type":"","background-media":"","overlay-type":"","overlay-color":"","overlay-opacity":"","overlay-gradient":""},"tablet":{"background-color":"","background-image":"","background-repeat":"repeat","background-position":"center center","background-size":"auto","background-attachment":"scroll","background-type":"","background-media":"","overlay-type":"","overlay-color":"","overlay-opacity":"","overlay-gradient":""},"mobile":{"background-color":"","background-image":"","background-repeat":"repeat","background-position":"center center","background-size":"auto","background-attachment":"scroll","background-type":"","background-media":"","overlay-type":"","overlay-color":"","overlay-opacity":"","overlay-gradient":""}},"ast-content-background-meta":{"desktop":{"background-color":"var(--ast-global-color-5)","background-image":"","background-repeat":"repeat","background-position":"center center","background-size":"auto","background-attachment":"scroll","background-type":"","background-media":"","overlay-type":"","overlay-color":"","overlay-opacity":"","overlay-gradient":""},"tablet":{"background-color":"var(--ast-global-color-5)","background-image":"","background-repeat":"repeat","background-position":"center center","background-size":"auto","background-attachment":"scroll","background-type":"","background-media":"","overlay-type":"","overlay-color":"","overlay-opacity":"","overlay-gradient":""},"mobile":{"background-color":"var(--ast-global-color-5)","background-image":"","background-repeat":"repeat","background-position":"center center","background-size":"auto","background-attachment":"scroll","background-type":"","background-media":"","overlay-type":"","overlay-color":"","overlay-opacity":"","overlay-gradient":""}}},"product_brand":[],"product_cat":[199,299,570,67,200,429],"product_tag":[220],"class_list":{"0":"post-140380","1":"product","2":"type-product","3":"status-publish","4":"has-post-thumbnail","6":"product_cat-art-de-vivre","7":"product_cat-cadeaux","8":"product_cat-collectors","9":"product_cat-designers","10":"product_cat-livres","11":"product_cat-sori-yanagi","12":"product_tag-isamu-noguchi","13":"desktop-align-left","14":"tablet-align-left","15":"mobile-align-left","16":"ast-product-gallery-layout-horizontal","17":"ast-qv-on-image","19":"first","20":"instock","21":"taxable","22":"shipping-taxable","23":"product-type-simple"},"_links":{"self":[{"href":"https:\/\/sentou.fr\/el\/wp-json\/wp\/v2\/product\/140380","targetHints":{"allow":["GET"]}}],"collection":[{"href":"https:\/\/sentou.fr\/el\/wp-json\/wp\/v2\/product"}],"about":[{"href":"https:\/\/sentou.fr\/el\/wp-json\/wp\/v2\/types\/product"}],"wp:featuredmedia":[{"embeddable":true,"href":"https:\/\/sentou.fr\/el\/wp-json\/wp\/v2\/media\/140341"}],"wp:attachment":[{"href":"https:\/\/sentou.fr\/el\/wp-json\/wp\/v2\/media?parent=140380"}],"wp:term":[{"taxonomy":"product_brand","embeddable":true,"href":"https:\/\/sentou.fr\/el\/wp-json\/wp\/v2\/product_brand?post=140380"},{"taxonomy":"product_cat","embeddable":true,"href":"https:\/\/sentou.fr\/el\/wp-json\/wp\/v2\/product_cat?post=140380"},{"taxonomy":"product_tag","embeddable":true,"href":"https:\/\/sentou.fr\/el\/wp-json\/wp\/v2\/product_tag?post=140380"}],"curies":[{"name":"wp","href":"https:\/\/api.w.org\/{rel}","templated":true}]}}