{"id":140391,"date":"2023-12-06T16:15:41","date_gmt":"2023-12-06T14:15:41","guid":{"rendered":"https:\/\/sentou.fr\/?post_type=product&#038;p=140391"},"modified":"2024-01-15T08:51:01","modified_gmt":"2024-01-15T06:51:01","slug":"jean-prouve-livre","status":"publish","type":"product","link":"https:\/\/sentou.fr\/el\/produit\/jean-prouve-livre\/","title":{"rendered":"JEAN PROUVE livre"},"content":{"rendered":"<ul>\n<li><strong>Couverture: <\/strong>Rigide m\u00e9tallique et jaquette plastique<\/li>\n<li><strong>Format:<\/strong> 23,5<span style=\"font-size: 16px;\">cm \u00a0x 28,5cm<\/span><\/li>\n<li><strong>Editions:\u00a0<\/strong> Vitra<\/li>\n<li><strong>Ann\u00e9e de parution<\/strong> : 2006<\/li>\n<li><strong>Langue:<\/strong> Francais<\/li>\n<li><strong>Nombre de Pages :<\/strong> 380, <span style=\"font-size: 16px; font-style: normal;\">tr\u00e8s abondamment illustr\u00e9 en couleur et en noir et blanc tout au long du livre.<\/span><\/li>\n<li><strong>Neuf sous blister<\/strong><\/li>\n<\/ul>\n<p>&nbsp;<\/p>\n<p>&nbsp;<\/p>","protected":false},"excerpt":{"rendered":"<p class=\"9ab89a9d\"><strong>La po\u00e9tique de l&rsquo;objet technique <\/strong><\/p>\n<p class=\"9ab89a9d\">Premi\u00e8re \u00e9dition fran\u00e7aise, 2006 &#8211; Livre neuf sous blister<\/p>\n<p>Couverture en t\u00f4le m\u00e9tallique ondul\u00e9e<\/p>\n<p class=\"9ab89a9d\">Publi\u00e9 par Vitra Design Museum, ce catalogue d&rsquo;exposition brillant et profond\u00e9ment engag\u00e9 a \u00e9t\u00e9 con\u00e7u pour accompagner l&rsquo;exposition \u00ab\u00a0Jean Prouv\u00e9 : The Poetics of the Technical Object\u00a0\u00bb au Vitra Design Museum. Il contient une grande vari\u00e9t\u00e9 d&rsquo;essais critiques et informatifs r\u00e9dig\u00e9s par un certain nombre d&rsquo;auteurs qui explorent diff\u00e9rents aspects de ce ma\u00eetre de l&rsquo;architecture, de l&rsquo;ing\u00e9nierie et du design.<\/p>\n<p class=\"9ab89a9d\">En repla\u00e7ant ce moderniste unique et innovant dans son contexte, parmi d&rsquo;autres designers comme Charlotte Perriand et Le Corbusier, en explorant ses mat\u00e9riaux, ses m\u00e9thodes, sa pens\u00e9e technique, sa r\u00e9ception et son h\u00e9ritage, ce livre est complet et essentiel pour comprendre l&rsquo;une des figures les plus importantes du design du 20e si\u00e8cle.<\/p>\n<p class=\"9ab89a9d\">","protected":false},"featured_media":140336,"template":"","meta":{"site-sidebar-layout":"default","site-content-layout":"default","ast-site-content-layout":"default","site-content-style":"default","site-sidebar-style":"default","ast-global-header-display":"","ast-banner-title-visibility":"","ast-main-header-display":"","ast-hfb-above-header-display":"","ast-hfb-below-header-display":"","ast-hfb-mobile-header-display":"","site-post-title":"","ast-breadcrumbs-content":"","ast-featured-img":"","footer-sml-layout":"","ast-disable-related-posts":"","theme-transparent-header-meta":"default","adv-header-id-meta":"","stick-header-meta":"default","header-above-stick-meta":"","header-main-stick-meta":"","header-below-stick-meta":"","astra-migrate-meta-layouts":"set","ast-page-background-enabled":"default","ast-page-background-meta":{"desktop":{"background-color":"","background-image":"","background-repeat":"repeat","background-position":"center center","background-size":"auto","background-attachment":"scroll","background-type":"","background-media":"","overlay-type":"","overlay-color":"","overlay-opacity":"","overlay-gradient":""},"tablet":{"background-color":"","background-image":"","background-repeat":"repeat","background-position":"center center","background-size":"auto","background-attachment":"scroll","background-type":"","background-media":"","overlay-type":"","overlay-color":"","overlay-opacity":"","overlay-gradient":""},"mobile":{"background-color":"","background-image":"","background-repeat":"repeat","background-position":"center center","background-size":"auto","background-attachment":"scroll","background-type":"","background-media":"","overlay-type":"","overlay-color":"","overlay-opacity":"","overlay-gradient":""}},"ast-content-background-meta":{"desktop":{"background-color":"var(--ast-global-color-5)","background-image":"","background-repeat":"repeat","background-position":"center center","background-size":"auto","background-attachment":"scroll","background-type":"","background-media":"","overlay-type":"","overlay-color":"","overlay-opacity":"","overlay-gradient":""},"tablet":{"background-color":"var(--ast-global-color-5)","background-image":"","background-repeat":"repeat","background-position":"center center","background-size":"auto","background-attachment":"scroll","background-type":"","background-media":"","overlay-type":"","overlay-color":"","overlay-opacity":"","overlay-gradient":""},"mobile":{"background-color":"var(--ast-global-color-5)","background-image":"","background-repeat":"repeat","background-position":"center center","background-size":"auto","background-attachment":"scroll","background-type":"","background-media":"","overlay-type":"","overlay-color":"","overlay-opacity":"","overlay-gradient":""}}},"product_brand":[],"product_cat":[199,299,67,430,200],"product_tag":[220],"class_list":{"0":"post-140391","1":"product","2":"type-product","3":"status-publish","4":"has-post-thumbnail","6":"product_cat-art-de-vivre","7":"product_cat-cadeaux","8":"product_cat-designers","9":"product_cat-jean-prouve","10":"product_cat-livres","11":"product_tag-isamu-noguchi","12":"desktop-align-left","13":"tablet-align-left","14":"mobile-align-left","15":"ast-product-gallery-layout-horizontal","16":"ast-qv-on-image","18":"first","19":"outofstock","20":"taxable","21":"shipping-taxable","22":"purchasable","23":"product-type-simple"},"_links":{"self":[{"href":"https:\/\/sentou.fr\/el\/wp-json\/wp\/v2\/product\/140391","targetHints":{"allow":["GET"]}}],"collection":[{"href":"https:\/\/sentou.fr\/el\/wp-json\/wp\/v2\/product"}],"about":[{"href":"https:\/\/sentou.fr\/el\/wp-json\/wp\/v2\/types\/product"}],"wp:featuredmedia":[{"embeddable":true,"href":"https:\/\/sentou.fr\/el\/wp-json\/wp\/v2\/media\/140336"}],"wp:attachment":[{"href":"https:\/\/sentou.fr\/el\/wp-json\/wp\/v2\/media?parent=140391"}],"wp:term":[{"taxonomy":"product_brand","embeddable":true,"href":"https:\/\/sentou.fr\/el\/wp-json\/wp\/v2\/product_brand?post=140391"},{"taxonomy":"product_cat","embeddable":true,"href":"https:\/\/sentou.fr\/el\/wp-json\/wp\/v2\/product_cat?post=140391"},{"taxonomy":"product_tag","embeddable":true,"href":"https:\/\/sentou.fr\/el\/wp-json\/wp\/v2\/product_tag?post=140391"}],"curies":[{"name":"wp","href":"https:\/\/api.w.org\/{rel}","templated":true}]}}