{"id":140409,"date":"2023-12-06T19:23:04","date_gmt":"2023-12-06T17:23:04","guid":{"rendered":"https:\/\/sentou.fr\/?post_type=product&#038;p=140409"},"modified":"2025-06-20T20:33:43","modified_gmt":"2025-06-20T18:33:43","slug":"noguchi-serigraphie-sun-encadree","status":"publish","type":"product","link":"https:\/\/sentou.fr\/el\/produit\/noguchi-serigraphie-sun-encadree\/","title":{"rendered":"NOGUCHI s\u00e9rigraphie SUN encadr\u00e9e"},"content":{"rendered":"<ul>\n<li><strong>Dimensions de la s\u00e9rigraphie:<\/strong> L 45 x H 57 cm<\/li>\n<li><strong style=\"font-weight: bold; color: #4f4f4f;\">Dimensions du cadre:<\/strong> L 51 x H 63 cm<\/li>\n<li><strong style=\"font-weight: bold; color: #4f4f4f;\">Mat\u00e9riaux :<\/strong><span style=\"color: #4f4f4f;\">\u00a0\u00a0<span style=\"color: #000000;\">Papier washi s\u00e9rigraphi\u00e9, imprim\u00e9 au Japon par l\u2019atelier OZEKI&amp;Co<\/span><\/span><\/li>\n<li><span style=\"color: #4f4f4f;\"><span style=\"color: #000000;\"><strong>Cadre :<\/strong> bois laqu\u00e9 noir satin\u00e9 et plexiglass transparent<\/span><\/span><\/li>\n<li><span style=\"color: #4f4f4f;\"><span style=\"caret-color: #4f4f4f;\"><b>Ann\u00e9e de cr\u00e9ation: <\/b>1954<\/span><\/span><\/li>\n<\/ul>","protected":false},"excerpt":{"rendered":"<p>Disponible en 5 couleurs : gris, jaune, vert, rouge et en orange, la s\u00e9rigraphie SUN d\u2019Isamu Noguchi est imprim\u00e9e au Japon par l\u2019atelier OZEKI&amp;Co qui fabrique la collection de luminaires Akari depuis les ann\u00e9es 50.<\/p>\n<p>Cr\u00e9\u00e9e en 1954 pour habiller la version 1AT (terracotta orange), 1AR (red), 1AY (yellow), 1AV (vert) et 1AG (grey) de la lampe AKARI, cette s\u00e9rigraphie originale est livr\u00e9e dans un cadre en bois massif laqu\u00e9 noir et plexiglass.<\/p>\n<p>Ces s\u00e9rigraphies sont imprim\u00e9es sur un papier washi artisanal fabriqu\u00e9 au Japon, qui peut comporter des petits d\u00e9fauts, des plis et minuscules taches, inh\u00e9rents au caract\u00e8re artisanal du mat\u00e9riau.<\/p>\n<p>&nbsp;<\/p>","protected":false},"featured_media":140404,"template":"","meta":{"site-sidebar-layout":"default","site-content-layout":"default","ast-site-content-layout":"default","site-content-style":"default","site-sidebar-style":"default","ast-global-header-display":"","ast-banner-title-visibility":"","ast-main-header-display":"","ast-hfb-above-header-display":"","ast-hfb-below-header-display":"","ast-hfb-mobile-header-display":"","site-post-title":"","ast-breadcrumbs-content":"","ast-featured-img":"","footer-sml-layout":"","ast-disable-related-posts":"","theme-transparent-header-meta":"default","adv-header-id-meta":"","stick-header-meta":"default","header-above-stick-meta":"","header-main-stick-meta":"","header-below-stick-meta":"","astra-migrate-meta-layouts":"set","ast-page-background-enabled":"default","ast-page-background-meta":{"desktop":{"background-color":"","background-image":"","background-repeat":"repeat","background-position":"center center","background-size":"auto","background-attachment":"scroll","background-type":"","background-media":"","overlay-type":"","overlay-color":"","overlay-opacity":"","overlay-gradient":""},"tablet":{"background-color":"","background-image":"","background-repeat":"repeat","background-position":"center center","background-size":"auto","background-attachment":"scroll","background-type":"","background-media":"","overlay-type":"","overlay-color":"","overlay-opacity":"","overlay-gradient":""},"mobile":{"background-color":"","background-image":"","background-repeat":"repeat","background-position":"center center","background-size":"auto","background-attachment":"scroll","background-type":"","background-media":"","overlay-type":"","overlay-color":"","overlay-opacity":"","overlay-gradient":""}},"ast-content-background-meta":{"desktop":{"background-color":"var(--ast-global-color-5)","background-image":"","background-repeat":"repeat","background-position":"center center","background-size":"auto","background-attachment":"scroll","background-type":"","background-media":"","overlay-type":"","overlay-color":"","overlay-opacity":"","overlay-gradient":""},"tablet":{"background-color":"var(--ast-global-color-5)","background-image":"","background-repeat":"repeat","background-position":"center center","background-size":"auto","background-attachment":"scroll","background-type":"","background-media":"","overlay-type":"","overlay-color":"","overlay-opacity":"","overlay-gradient":""},"mobile":{"background-color":"var(--ast-global-color-5)","background-image":"","background-repeat":"repeat","background-position":"center center","background-size":"auto","background-attachment":"scroll","background-type":"","background-media":"","overlay-type":"","overlay-color":"","overlay-opacity":"","overlay-gradient":""}}},"product_brand":[],"product_cat":[19,299,236,146,75],"product_tag":[197,220],"class_list":{"0":"post-140409","1":"product","2":"type-product","3":"status-publish","4":"has-post-thumbnail","6":"product_cat-deco","7":"product_cat-cadeaux","8":"product_cat-cadres","9":"product_cat-e-shop","10":"product_cat-isamu-noguchi","11":"product_tag-akari","12":"product_tag-isamu-noguchi","13":"desktop-align-left","14":"tablet-align-left","15":"mobile-align-left","16":"ast-product-gallery-layout-horizontal","17":"ast-product-single-variable","18":"ast-qv-on-image","20":"first","21":"instock","22":"featured","23":"taxable","24":"shipping-taxable","25":"purchasable","26":"product-type-variable"},"_links":{"self":[{"href":"https:\/\/sentou.fr\/el\/wp-json\/wp\/v2\/product\/140409","targetHints":{"allow":["GET"]}}],"collection":[{"href":"https:\/\/sentou.fr\/el\/wp-json\/wp\/v2\/product"}],"about":[{"href":"https:\/\/sentou.fr\/el\/wp-json\/wp\/v2\/types\/product"}],"wp:featuredmedia":[{"embeddable":true,"href":"https:\/\/sentou.fr\/el\/wp-json\/wp\/v2\/media\/140404"}],"wp:attachment":[{"href":"https:\/\/sentou.fr\/el\/wp-json\/wp\/v2\/media?parent=140409"}],"wp:term":[{"taxonomy":"product_brand","embeddable":true,"href":"https:\/\/sentou.fr\/el\/wp-json\/wp\/v2\/product_brand?post=140409"},{"taxonomy":"product_cat","embeddable":true,"href":"https:\/\/sentou.fr\/el\/wp-json\/wp\/v2\/product_cat?post=140409"},{"taxonomy":"product_tag","embeddable":true,"href":"https:\/\/sentou.fr\/el\/wp-json\/wp\/v2\/product_tag?post=140409"}],"curies":[{"name":"wp","href":"https:\/\/api.w.org\/{rel}","templated":true}]}}