{"id":141014,"date":"2024-04-12T20:31:22","date_gmt":"2024-04-12T18:31:22","guid":{"rendered":"https:\/\/sentou.fr\/?post_type=product&#038;p=141014"},"modified":"2025-12-07T21:44:41","modified_gmt":"2025-12-07T19:44:41","slug":"lampe-square-pm","status":"publish","type":"product","link":"https:\/\/sentou.fr\/el\/produit\/lampe-square-pm\/","title":{"rendered":"Lampe Square PM"},"content":{"rendered":"<ul>\n<li><strong>Dimensions : <\/strong>L 19,5 cm x P 18 cm x H 18 cm<\/li>\n<li><strong>Mat\u00e9riaux :<\/strong> panneaux acrylique, ampoule verre opale, inox<\/li>\n<\/ul>\n<hr \/>\n<p>Fabriqu\u00e9e avec pr\u00e9cision, chaque lampe pr\u00e9sente un assemblage fascinant de verre opale et de panneaux acryliques, donnant l&rsquo;illusion d&rsquo;une sph\u00e8re flottant dans l&rsquo;espace.<\/p>\n<p>&nbsp;<\/p>","protected":false},"excerpt":{"rendered":"<p>Design Thomas Vincent<\/p>\n<p>La lampe Square PM est une sculpture lumineuse en forme de cube, compos\u00e9e de plusieurs strates de panneaux acryliques translucides au milieu desquels flotte une sph\u00e8re lumineuse comme en suspension.<\/p>\n<p>Luminaire moderne au design audacieux, elle diffuse une lumi\u00e8re douce \u00e0 travers un jeu de reflets et de transparences subtiles qui se d\u00e9cline en 8 coloris : transparent, blanc, orange, rose, rouge, bleu, vert et gris.<\/p>\n<p>La lampe Square PM est le plus petit des 2 mod\u00e8les avec une largeur de 18.5 cm.<\/p>\n<p>Elle existe aussi en <a href=\"https:\/\/sentou.fr\/el\/product-2\/lampe-square-gm\/\">Grand Mod\u00e8le<\/a> d&rsquo;une largeur de 25.5cm.<\/p>","protected":false},"featured_media":141056,"template":"","meta":{"site-sidebar-layout":"default","site-content-layout":"","ast-site-content-layout":"default","site-content-style":"default","site-sidebar-style":"default","ast-global-header-display":"","ast-banner-title-visibility":"","ast-main-header-display":"","ast-hfb-above-header-display":"","ast-hfb-below-header-display":"","ast-hfb-mobile-header-display":"","site-post-title":"","ast-breadcrumbs-content":"","ast-featured-img":"","footer-sml-layout":"","ast-disable-related-posts":"","theme-transparent-header-meta":"default","adv-header-id-meta":"","stick-header-meta":"default","header-above-stick-meta":"","header-main-stick-meta":"","header-below-stick-meta":"","astra-migrate-meta-layouts":"set","ast-page-background-enabled":"default","ast-page-background-meta":{"desktop":{"background-color":"","background-image":"","background-repeat":"repeat","background-position":"center center","background-size":"auto","background-attachment":"scroll","background-type":"","background-media":"","overlay-type":"","overlay-color":"","overlay-opacity":"","overlay-gradient":""},"tablet":{"background-color":"","background-image":"","background-repeat":"repeat","background-position":"center center","background-size":"auto","background-attachment":"scroll","background-type":"","background-media":"","overlay-type":"","overlay-color":"","overlay-opacity":"","overlay-gradient":""},"mobile":{"background-color":"","background-image":"","background-repeat":"repeat","background-position":"center center","background-size":"auto","background-attachment":"scroll","background-type":"","background-media":"","overlay-type":"","overlay-color":"","overlay-opacity":"","overlay-gradient":""}},"ast-content-background-meta":{"desktop":{"background-color":"var(--ast-global-color-5)","background-image":"","background-repeat":"repeat","background-position":"center center","background-size":"auto","background-attachment":"scroll","background-type":"","background-media":"","overlay-type":"","overlay-color":"","overlay-opacity":"","overlay-gradient":""},"tablet":{"background-color":"var(--ast-global-color-5)","background-image":"","background-repeat":"repeat","background-position":"center center","background-size":"auto","background-attachment":"scroll","background-type":"","background-media":"","overlay-type":"","overlay-color":"","overlay-opacity":"","overlay-gradient":""},"mobile":{"background-color":"var(--ast-global-color-5)","background-image":"","background-repeat":"repeat","background-position":"center center","background-size":"auto","background-attachment":"scroll","background-type":"","background-media":"","overlay-type":"","overlay-color":"","overlay-opacity":"","overlay-gradient":""}}},"product_brand":[],"product_cat":[146,299,94,17],"product_tag":[],"class_list":{"0":"post-141014","1":"product","2":"type-product","3":"status-publish","4":"has-post-thumbnail","6":"product_cat-e-shop","7":"product_cat-cadeaux","8":"product_cat-lampes-a-poser","9":"product_cat-luminaires","10":"desktop-align-left","11":"tablet-align-left","12":"mobile-align-left","13":"ast-product-gallery-layout-horizontal","14":"ast-product-single-variable","15":"ast-qv-on-image","17":"first","18":"instock","19":"taxable","20":"shipping-taxable","21":"purchasable","22":"product-type-variable"},"_links":{"self":[{"href":"https:\/\/sentou.fr\/el\/wp-json\/wp\/v2\/product\/141014","targetHints":{"allow":["GET"]}}],"collection":[{"href":"https:\/\/sentou.fr\/el\/wp-json\/wp\/v2\/product"}],"about":[{"href":"https:\/\/sentou.fr\/el\/wp-json\/wp\/v2\/types\/product"}],"wp:featuredmedia":[{"embeddable":true,"href":"https:\/\/sentou.fr\/el\/wp-json\/wp\/v2\/media\/141056"}],"wp:attachment":[{"href":"https:\/\/sentou.fr\/el\/wp-json\/wp\/v2\/media?parent=141014"}],"wp:term":[{"taxonomy":"product_brand","embeddable":true,"href":"https:\/\/sentou.fr\/el\/wp-json\/wp\/v2\/product_brand?post=141014"},{"taxonomy":"product_cat","embeddable":true,"href":"https:\/\/sentou.fr\/el\/wp-json\/wp\/v2\/product_cat?post=141014"},{"taxonomy":"product_tag","embeddable":true,"href":"https:\/\/sentou.fr\/el\/wp-json\/wp\/v2\/product_tag?post=141014"}],"curies":[{"name":"wp","href":"https:\/\/api.w.org\/{rel}","templated":true}]}}