{"id":141339,"date":"2024-07-18T10:49:01","date_gmt":"2024-07-18T08:49:01","guid":{"rendered":"https:\/\/sentou.fr\/?post_type=product&#038;p=141339"},"modified":"2025-12-08T17:07:58","modified_gmt":"2025-12-08T15:07:58","slug":"ettore-sottsass","status":"publish","type":"product","link":"https:\/\/sentou.fr\/el\/produit\/ettore-sottsass\/","title":{"rendered":"ETTORE SOTTSASS  livre"},"content":{"rendered":"<ul>\n<li><strong>Ouvrage faisant partie de la collection Biblioth\u00e8que de l&rsquo;Amateur\/ \u00e9ditions les Ar\u00e8nes<\/strong><\/li>\n<li><strong>Couverture: <\/strong>souple broch\u00e9<\/li>\n<li><strong>Format:<\/strong> 14,4 <span style=\"font-size: 16px;\">cm \u00a0x 19,4 cm x \u00e9pais. 1,4cm<\/span><\/li>\n<li><strong>Editions:\u00a0<\/strong> Les ARENES France<\/li>\n<li><strong>Ann\u00e9e de parution<\/strong> : Octobre 2023<\/li>\n<li><strong>Langue:<\/strong> Francais<\/li>\n<li><strong>Nombre de Pages :<\/strong> 180<\/li>\n<li><strong>Auteur<\/strong> : Emmanuel Berard<\/li>\n<\/ul>\n<p>&nbsp;<\/p>\n<p>&nbsp;<\/p>","protected":false},"excerpt":{"rendered":"<p>Architecture, Design, Arts D\u00e9coratifs&#8230; Les ma\u00eetres du XXe si\u00e8cle. Cr\u00e9ateur inclassable, Ettore Sottsass (1917 &#8211; 2007) s&rsquo;est r\u00eav\u00e9 peintre et sculpteur avant de devenir architecte. Mais c&rsquo;est surtout dans le domaine du design qu&rsquo;il s&rsquo;est illustr\u00e9 : il a dessin\u00e9 le tout premier ordinateur europ\u00e9en, invent\u00e9 un nouveau vocabulaire pour la c\u00e9ramique et le verre&#8230; et \u00e0 65 ans, il est devenu l&rsquo;incarnation de la nouvelle avant-garde des ann\u00e9es 1980 avec la cr\u00e9ation du groupe Memphis et son mobilier color\u00e9 aux lignes toujours culte aujourd&rsquo;hui.<br \/>\nSon parcours (re)bondissant, entre architecture et design, industrie et artisanat, po\u00e9sie et m\u00e9taphysique, a marqu\u00e9 le xxe si\u00e8cle d&rsquo;une empreinte singuli\u00e8re et durable.<\/p>","protected":false},"featured_media":141367,"template":"","meta":{"site-sidebar-layout":"default","site-content-layout":"default","ast-site-content-layout":"default","site-content-style":"default","site-sidebar-style":"default","ast-global-header-display":"","ast-banner-title-visibility":"","ast-main-header-display":"","ast-hfb-above-header-display":"","ast-hfb-below-header-display":"","ast-hfb-mobile-header-display":"","site-post-title":"","ast-breadcrumbs-content":"","ast-featured-img":"","footer-sml-layout":"","ast-disable-related-posts":"","theme-transparent-header-meta":"default","adv-header-id-meta":"","stick-header-meta":"default","header-above-stick-meta":"","header-main-stick-meta":"","header-below-stick-meta":"","astra-migrate-meta-layouts":"set","ast-page-background-enabled":"default","ast-page-background-meta":{"desktop":{"background-color":"","background-image":"","background-repeat":"repeat","background-position":"center center","background-size":"auto","background-attachment":"scroll","background-type":"","background-media":"","overlay-type":"","overlay-color":"","overlay-opacity":"","overlay-gradient":""},"tablet":{"background-color":"","background-image":"","background-repeat":"repeat","background-position":"center center","background-size":"auto","background-attachment":"scroll","background-type":"","background-media":"","overlay-type":"","overlay-color":"","overlay-opacity":"","overlay-gradient":""},"mobile":{"background-color":"","background-image":"","background-repeat":"repeat","background-position":"center center","background-size":"auto","background-attachment":"scroll","background-type":"","background-media":"","overlay-type":"","overlay-color":"","overlay-opacity":"","overlay-gradient":""}},"ast-content-background-meta":{"desktop":{"background-color":"var(--ast-global-color-5)","background-image":"","background-repeat":"repeat","background-position":"center center","background-size":"auto","background-attachment":"scroll","background-type":"","background-media":"","overlay-type":"","overlay-color":"","overlay-opacity":"","overlay-gradient":""},"tablet":{"background-color":"var(--ast-global-color-5)","background-image":"","background-repeat":"repeat","background-position":"center center","background-size":"auto","background-attachment":"scroll","background-type":"","background-media":"","overlay-type":"","overlay-color":"","overlay-opacity":"","overlay-gradient":""},"mobile":{"background-color":"var(--ast-global-color-5)","background-image":"","background-repeat":"repeat","background-position":"center center","background-size":"auto","background-attachment":"scroll","background-type":"","background-media":"","overlay-type":"","overlay-color":"","overlay-opacity":"","overlay-gradient":""}}},"product_brand":[],"product_cat":[199,299,67,200],"product_tag":[472],"class_list":{"0":"post-141339","1":"product","2":"type-product","3":"status-publish","4":"has-post-thumbnail","6":"product_cat-art-de-vivre","7":"product_cat-cadeaux","8":"product_cat-designers","9":"product_cat-livres","10":"product_tag-ettore-sottsass","11":"desktop-align-left","12":"tablet-align-left","13":"mobile-align-left","14":"ast-product-gallery-layout-horizontal","15":"ast-qv-on-image","17":"first","18":"instock","19":"taxable","20":"shipping-taxable","21":"purchasable","22":"product-type-simple"},"_links":{"self":[{"href":"https:\/\/sentou.fr\/el\/wp-json\/wp\/v2\/product\/141339","targetHints":{"allow":["GET"]}}],"collection":[{"href":"https:\/\/sentou.fr\/el\/wp-json\/wp\/v2\/product"}],"about":[{"href":"https:\/\/sentou.fr\/el\/wp-json\/wp\/v2\/types\/product"}],"wp:featuredmedia":[{"embeddable":true,"href":"https:\/\/sentou.fr\/el\/wp-json\/wp\/v2\/media\/141367"}],"wp:attachment":[{"href":"https:\/\/sentou.fr\/el\/wp-json\/wp\/v2\/media?parent=141339"}],"wp:term":[{"taxonomy":"product_brand","embeddable":true,"href":"https:\/\/sentou.fr\/el\/wp-json\/wp\/v2\/product_brand?post=141339"},{"taxonomy":"product_cat","embeddable":true,"href":"https:\/\/sentou.fr\/el\/wp-json\/wp\/v2\/product_cat?post=141339"},{"taxonomy":"product_tag","embeddable":true,"href":"https:\/\/sentou.fr\/el\/wp-json\/wp\/v2\/product_tag?post=141339"}],"curies":[{"name":"wp","href":"https:\/\/api.w.org\/{rel}","templated":true}]}}