{"id":141497,"date":"2024-10-04T10:44:30","date_gmt":"2024-10-04T08:44:30","guid":{"rendered":"https:\/\/sentou.fr\/?post_type=product&#038;p=141497"},"modified":"2025-12-16T18:41:52","modified_gmt":"2025-12-16T16:41:52","slug":"max-vaisselle-vignelli","status":"publish","type":"product","link":"https:\/\/sentou.fr\/el\/produit\/max-vaisselle-vignelli\/","title":{"rendered":"MAX Vaisselle VIGNELLI"},"content":{"rendered":"<ul>\n<li><strong>Cr\u00e9ation 1964 par Lella et Massimo Vignelli<\/strong><\/li>\n<li><strong><strong>Dimensions :<\/strong><\/strong>\n<p style=\"font-weight: 400;\">Petite assiette : diam. 19 cm x 1,9 cm \/ Grande assiette: diam. 25 cm x 2,5 cm<\/p>\n<p>Bol : diam. 19 cm x 1,9 cm \/ Mug: diam. 19 cm x 1,9 cm<\/p>\n<div>\n<p class=\"font8\"><span class=\"wixui-rich-texttext\">Tasses (diam. 8.5 cm \/H. 6.3 cm) et <\/span><span style=\"font-size: 16px;\">soucoupes (diam. 14.6 cm \/H. 0.6 cm)<\/span><\/p>\n<\/div>\n<\/li>\n<li><strong>Sets de 6 vendus \u00e0 la couleur <\/strong>Blanc \/ Noir \/ Vert\/ Orange \/ Jaune ou en version Rainbow multicolore<\/li>\n<li><strong style=\"font-size: 16px;\">MAX 1, le set de 25 pi\u00e8ces, est disponible exclusivement en Blanc<\/strong>. Il comprend: <span style=\"font-size: 16px;\">6 grandes assiettes + <\/span><span style=\"font-size: 16px;\">6 petites assiettes + <\/span><span style=\"font-size: 16px;\">6 bols + <\/span><span style=\"font-size: 16px;\">2 Bols avec couvercle + <\/span><span style=\"font-size: 16px;\">1 saladier avec couvercle (diam. 24.7 cm) + <\/span><span style=\"font-size: 16px;\">1 plateau (36.8 cm x 24.7 cm)<\/span><\/li>\n<li><strong>Mat\u00e9riaux :<\/strong> M\u00e9lamine sans BPA ni BPS et pour les tasses\/soucoupes :<span style=\"font-size: 16px;\">polystyr\u00e8ne 100 % recyclable<\/span>\n<div>\n<p class=\"font8\"><span class=\"wixui-rich-texttext\">sans BPA ni BPS<\/span><\/p>\n<\/div>\n<\/li>\n<li><strong>Consignes d&rsquo;utilisation:<\/strong> <span style=\"font-weight: 400;\">Laver avant utilisation \/ Lavable au lave-vaisselle<br \/>\nNe convient pas aux micro-ondes, aux fours, aux lampes chauffantes ou aux tiroirs chauffants.<br \/>\nLorsque vous servez des aliments chauds, en particulier des soupes et des boissons, leur temp\u00e9rature ne doit pas d\u00e9passer 82\u00b0C.<\/span><\/li>\n<\/ul>\n<p>&nbsp;<\/p>","protected":false},"excerpt":{"rendered":"<p style=\"font-weight: 400;\">Empilable, color\u00e9e et amusante, et tr\u00e8s pratique\u2026 R\u00e9f\u00e9rence incontournable dans le monde du Design, la collection MAX a \u00e9t\u00e9 con\u00e7ue en 1964 par Lella et Massimo Vignelli. Elle a remport\u00e9 alors le Compasso d&rsquo;Oro &#8211; le prix le plus prestigieux de design industriel au monde.<\/p>\n<p style=\"font-weight: 400;\">Con\u00e7ue pour \u00eatre empil\u00e9e en colonne qui maximise l&rsquo;espace de stockage, chaque pi\u00e8ce s&#8217;embo\u00eete dans l&rsquo;autre. Cette collection est compos\u00e9e d\u2019assiettes en 2 formats (19 et 25cm), de bols, de mugs, de tasses, et en coloris blanc de saladier\/bols avec couvercles. La vaisselle Max 1 de Heller allie esth\u00e9tique moderne et fonctionnalit\u00e9<\/p>\n<p style=\"font-weight: 400;\">R\u00e9\u00e9dit\u00e9e en 2024, Heller r\u00e9introduit ce design intemporel dans sa couleur et son mat\u00e9riau d&rsquo;origine.<\/p>\n<p>Disponible dans la version monochromatique d&rsquo;origine ou dans la variante multicolore \u00e9labor\u00e9e en 1971, o\u00f9 chaque pi\u00e8ce arbore une teinte diff\u00e9rente de l&rsquo;arc-en-ciel.<\/p>","protected":false},"featured_media":141650,"template":"","meta":{"site-sidebar-layout":"default","site-content-layout":"","ast-site-content-layout":"default","site-content-style":"default","site-sidebar-style":"default","ast-global-header-display":"","ast-banner-title-visibility":"","ast-main-header-display":"","ast-hfb-above-header-display":"","ast-hfb-below-header-display":"","ast-hfb-mobile-header-display":"","site-post-title":"","ast-breadcrumbs-content":"","ast-featured-img":"","footer-sml-layout":"","ast-disable-related-posts":"","theme-transparent-header-meta":"default","adv-header-id-meta":"","stick-header-meta":"default","header-above-stick-meta":"","header-main-stick-meta":"","header-below-stick-meta":"","astra-migrate-meta-layouts":"set","ast-page-background-enabled":"default","ast-page-background-meta":{"desktop":{"background-color":"","background-image":"","background-repeat":"repeat","background-position":"center center","background-size":"auto","background-attachment":"scroll","background-type":"","background-media":"","overlay-type":"","overlay-color":"","overlay-opacity":"","overlay-gradient":""},"tablet":{"background-color":"","background-image":"","background-repeat":"repeat","background-position":"center center","background-size":"auto","background-attachment":"scroll","background-type":"","background-media":"","overlay-type":"","overlay-color":"","overlay-opacity":"","overlay-gradient":""},"mobile":{"background-color":"","background-image":"","background-repeat":"repeat","background-position":"center center","background-size":"auto","background-attachment":"scroll","background-type":"","background-media":"","overlay-type":"","overlay-color":"","overlay-opacity":"","overlay-gradient":""}},"ast-content-background-meta":{"desktop":{"background-color":"var(--ast-global-color-5)","background-image":"","background-repeat":"repeat","background-position":"center center","background-size":"auto","background-attachment":"scroll","background-type":"","background-media":"","overlay-type":"","overlay-color":"","overlay-opacity":"","overlay-gradient":""},"tablet":{"background-color":"var(--ast-global-color-5)","background-image":"","background-repeat":"repeat","background-position":"center center","background-size":"auto","background-attachment":"scroll","background-type":"","background-media":"","overlay-type":"","overlay-color":"","overlay-opacity":"","overlay-gradient":""},"mobile":{"background-color":"var(--ast-global-color-5)","background-image":"","background-repeat":"repeat","background-position":"center center","background-size":"auto","background-attachment":"scroll","background-type":"","background-media":"","overlay-type":"","overlay-color":"","overlay-opacity":"","overlay-gradient":""}}},"product_brand":[],"product_cat":[26,299,146,87],"product_tag":[],"class_list":{"0":"post-141497","1":"product","2":"type-product","3":"status-publish","4":"has-post-thumbnail","6":"product_cat-art-de-la-table","7":"product_cat-cadeaux","8":"product_cat-e-shop","9":"product_cat-vaisselle","10":"desktop-align-left","11":"tablet-align-left","12":"mobile-align-left","13":"ast-product-gallery-layout-horizontal","14":"ast-product-single-variable","15":"ast-qv-on-image","17":"first","18":"instock","19":"taxable","20":"shipping-taxable","21":"purchasable","22":"product-type-variable"},"_links":{"self":[{"href":"https:\/\/sentou.fr\/el\/wp-json\/wp\/v2\/product\/141497","targetHints":{"allow":["GET"]}}],"collection":[{"href":"https:\/\/sentou.fr\/el\/wp-json\/wp\/v2\/product"}],"about":[{"href":"https:\/\/sentou.fr\/el\/wp-json\/wp\/v2\/types\/product"}],"wp:featuredmedia":[{"embeddable":true,"href":"https:\/\/sentou.fr\/el\/wp-json\/wp\/v2\/media\/141650"}],"wp:attachment":[{"href":"https:\/\/sentou.fr\/el\/wp-json\/wp\/v2\/media?parent=141497"}],"wp:term":[{"taxonomy":"product_brand","embeddable":true,"href":"https:\/\/sentou.fr\/el\/wp-json\/wp\/v2\/product_brand?post=141497"},{"taxonomy":"product_cat","embeddable":true,"href":"https:\/\/sentou.fr\/el\/wp-json\/wp\/v2\/product_cat?post=141497"},{"taxonomy":"product_tag","embeddable":true,"href":"https:\/\/sentou.fr\/el\/wp-json\/wp\/v2\/product_tag?post=141497"}],"curies":[{"name":"wp","href":"https:\/\/api.w.org\/{rel}","templated":true}]}}