{"id":141734,"date":"2024-10-09T10:10:18","date_gmt":"2024-10-09T08:10:18","guid":{"rendered":"https:\/\/sentou.fr\/?post_type=product&#038;p=141734"},"modified":"2025-12-16T15:20:59","modified_gmt":"2025-12-16T13:20:59","slug":"vase-reversible-duo","status":"publish","type":"product","link":"https:\/\/sentou.fr\/el\/produit\/vase-reversible-duo\/","title":{"rendered":"Vase reversible DUO"},"content":{"rendered":"<ul>\n<li><strong>Dimensions<\/strong><\/li>\n<li>Petit mod\u00e8le Diam\u00e8tre 6,5 cm x H 10 cm<\/li>\n<li>Grand mod\u00e8le Diam\u00e8tre 8 cm x H 24 cm<\/li>\n<\/ul>\n<ul>\n<li><strong>Mat\u00e9riaux :<\/strong> Verre Borosilicate<\/li>\n<li><strong>Coloris :<\/strong> 4 couleurs \u00a0Rose\/vert, \u00a0Bleu\/jaune, \u00a0Orange\/bleu, \u00a0Lilas\/orange<\/li>\n<li><strong>Design :<\/strong> Block Design<\/li>\n<li><strong>Conseils d&rsquo;entretien :<\/strong> laver \u00e0 la main uniquement<\/li>\n<\/ul>","protected":false},"excerpt":{"rendered":"<p><strong>Le Vase r\u00e9versible DUO, \u00a0comme son nom le laisse supposer, offre 2 fa\u00e7ons de fleurir votre int\u00e9rieur, un cot\u00e9 en soliflore, et de l&rsquo;autre pour beaucoup plus&#8230;<\/strong><\/p>\n<p>Il existe dans 2 formats, chacun d\u00e9clin\u00e9 dans 4 coloris<\/p>\n<p>Fabriqu\u00e9 en verre borosilicate<\/p>\n<h4><\/h4>\n<h4><\/h4>","protected":false},"featured_media":141769,"template":"","meta":{"site-sidebar-layout":"default","site-content-layout":"","ast-site-content-layout":"default","site-content-style":"default","site-sidebar-style":"default","ast-global-header-display":"","ast-banner-title-visibility":"","ast-main-header-display":"","ast-hfb-above-header-display":"","ast-hfb-below-header-display":"","ast-hfb-mobile-header-display":"","site-post-title":"","ast-breadcrumbs-content":"","ast-featured-img":"","footer-sml-layout":"","ast-disable-related-posts":"","theme-transparent-header-meta":"default","adv-header-id-meta":"","stick-header-meta":"default","header-above-stick-meta":"","header-main-stick-meta":"","header-below-stick-meta":"","astra-migrate-meta-layouts":"set","ast-page-background-enabled":"default","ast-page-background-meta":{"desktop":{"background-color":"","background-image":"","background-repeat":"repeat","background-position":"center center","background-size":"auto","background-attachment":"scroll","background-type":"","background-media":"","overlay-type":"","overlay-color":"","overlay-opacity":"","overlay-gradient":""},"tablet":{"background-color":"","background-image":"","background-repeat":"repeat","background-position":"center center","background-size":"auto","background-attachment":"scroll","background-type":"","background-media":"","overlay-type":"","overlay-color":"","overlay-opacity":"","overlay-gradient":""},"mobile":{"background-color":"","background-image":"","background-repeat":"repeat","background-position":"center center","background-size":"auto","background-attachment":"scroll","background-type":"","background-media":"","overlay-type":"","overlay-color":"","overlay-opacity":"","overlay-gradient":""}},"ast-content-background-meta":{"desktop":{"background-color":"var(--ast-global-color-5)","background-image":"","background-repeat":"repeat","background-position":"center center","background-size":"auto","background-attachment":"scroll","background-type":"","background-media":"","overlay-type":"","overlay-color":"","overlay-opacity":"","overlay-gradient":""},"tablet":{"background-color":"var(--ast-global-color-5)","background-image":"","background-repeat":"repeat","background-position":"center center","background-size":"auto","background-attachment":"scroll","background-type":"","background-media":"","overlay-type":"","overlay-color":"","overlay-opacity":"","overlay-gradient":""},"mobile":{"background-color":"var(--ast-global-color-5)","background-image":"","background-repeat":"repeat","background-position":"center center","background-size":"auto","background-attachment":"scroll","background-type":"","background-media":"","overlay-type":"","overlay-color":"","overlay-opacity":"","overlay-gradient":""}}},"product_brand":[],"product_cat":[26,299,19,146,15,88],"product_tag":[],"class_list":{"0":"post-141734","1":"product","2":"type-product","3":"status-publish","4":"has-post-thumbnail","6":"product_cat-art-de-la-table","7":"product_cat-cadeaux","8":"product_cat-deco","9":"product_cat-e-shop","10":"product_cat-non-classe","11":"product_cat-vases","12":"desktop-align-left","13":"tablet-align-left","14":"mobile-align-left","15":"ast-product-gallery-layout-horizontal","16":"ast-product-single-variable","17":"ast-qv-on-image","19":"first","20":"instock","21":"taxable","22":"shipping-taxable","23":"purchasable","24":"product-type-variable"},"_links":{"self":[{"href":"https:\/\/sentou.fr\/el\/wp-json\/wp\/v2\/product\/141734","targetHints":{"allow":["GET"]}}],"collection":[{"href":"https:\/\/sentou.fr\/el\/wp-json\/wp\/v2\/product"}],"about":[{"href":"https:\/\/sentou.fr\/el\/wp-json\/wp\/v2\/types\/product"}],"wp:featuredmedia":[{"embeddable":true,"href":"https:\/\/sentou.fr\/el\/wp-json\/wp\/v2\/media\/141769"}],"wp:attachment":[{"href":"https:\/\/sentou.fr\/el\/wp-json\/wp\/v2\/media?parent=141734"}],"wp:term":[{"taxonomy":"product_brand","embeddable":true,"href":"https:\/\/sentou.fr\/el\/wp-json\/wp\/v2\/product_brand?post=141734"},{"taxonomy":"product_cat","embeddable":true,"href":"https:\/\/sentou.fr\/el\/wp-json\/wp\/v2\/product_cat?post=141734"},{"taxonomy":"product_tag","embeddable":true,"href":"https:\/\/sentou.fr\/el\/wp-json\/wp\/v2\/product_tag?post=141734"}],"curies":[{"name":"wp","href":"https:\/\/api.w.org\/{rel}","templated":true}]}}