{"id":141840,"date":"2024-11-12T16:22:54","date_gmt":"2024-11-12T14:22:54","guid":{"rendered":"https:\/\/sentou.fr\/?post_type=product&#038;p=141840"},"modified":"2025-12-12T15:44:41","modified_gmt":"2025-12-12T13:44:41","slug":"stylo-karim-rashid","status":"publish","type":"product","link":"https:\/\/sentou.fr\/el\/produit\/stylo-karim-rashid\/","title":{"rendered":"Stylo Karim Rashid"},"content":{"rendered":"<ul>\n<li><strong>Dimensions : <\/strong>Diam\u00e8tre 1,5cm x Longueur 13,5 cm<\/li>\n<li><strong>Mat\u00e9riaux : <\/strong>Laiton et m\u00e9tal d\u00e9cor\u00e9, avec garniture chrom\u00e9e<\/li>\n<li><strong>Coloris :<\/strong> unique<\/li>\n<li><span style=\"font-size: 16px; font-style: normal;\"><strong>Type de stylo :<\/strong> Rollerball &#8211; Couleur de l&rsquo;encre : Noir<\/span><\/li>\n<li><strong>Design :<\/strong> Karin Rashid &#8211; signature de l&rsquo;artiste grav\u00e9 sur la bande du capuchon<\/li>\n<li><strong>Date d&rsquo;\u00e9dition: <\/strong>2003<\/li>\n<\/ul>\n<p>Fabriqu\u00e9 \u00e0 la main<br \/>\n\u00c9dition limit\u00e9e, id\u00e9ale pour les collectionneurs<\/p>\n<p>Le stylo est vendu dans une bo\u00eete m\u00e9tallique ACME<\/p>","protected":false},"excerpt":{"rendered":"<p style=\"font-weight: 400;\"><strong>PIECE COLLECTOR<\/strong><\/p>\n<p style=\"font-weight: 400;\">ACME Studio est une soci\u00e9t\u00e9 internationale de cr\u00e9ation qui produit et commercialise des instruments d&rsquo;\u00e9criture, des accessoires de papeterie, et d&rsquo;autres objets de design. Ses produits sont le fruit d&rsquo;une collaboration avec les plus grands architectes, designers, artistes du monde entier.<\/p>\n<p style=\"font-weight: 400;\">De nombreuses pi\u00e8ces de la collection ACME figurent dans les collections permanentes de mus\u00e9es de r\u00e9f\u00e9renc , notamment le mus\u00e9e des beaux-arts de Houston, le mus\u00e9e de Brooklyn, le mus\u00e9e des arts d\u00e9coratifs de Francfort, et l&rsquo;ensemble de la s\u00e9rie fait partie de la collection permanente du mus\u00e9e Groninger aux Pays-Bas.<\/p>\n<p>KARIM RASHID est l&rsquo;un des designers les plus prolifiques de sa g\u00e9n\u00e9ration. Plus de 3 000 cr\u00e9ations en cours de production, plus de 300 r\u00e9compenses et un travail dans plus de 35 pays t\u00e9moignent de la l\u00e9gende du design de Karim. Ses cr\u00e9ations prim\u00e9es comprennent des objets d\u00e9mocratiques tels que l&rsquo;omnipr\u00e9sente poubelle Garbo et la chaise Oh pour Umbra, des int\u00e9rieurs tels que le restaurant Morimoto, \u00e0 Philadelphie, et l&rsquo;h\u00f4tel Semiramis, \u00e0 Ath\u00e8nes. Karim a collabor\u00e9 avec des clients pour cr\u00e9er un design d\u00e9mocratique pour Method et Dirt Devil, du mobilier pour Artemide et Magis, une identit\u00e9 de marque pour Citibank et Hyundai, des produits de haute technologie pour LaCie et Samsung, et des produits de luxe pour Veuve Clicquot et Swarovski, pour n&rsquo;en citer que quelques-uns. Les \u0153uvres de Karim figurent dans 20 collections permanentes et il expose dans des galeries du monde entier. Karim est r\u00e9guli\u00e8rement laur\u00e9at du prix Red Dot, du Chicago Athenaeum Good Design award, de l&rsquo;I.D. Magazine Annual Design Review et de l&rsquo;IDSA Industrial Design Excellence Award.<\/p>","protected":false},"featured_media":141844,"template":"","meta":{"site-sidebar-layout":"default","site-content-layout":"","ast-site-content-layout":"default","site-content-style":"default","site-sidebar-style":"default","ast-global-header-display":"","ast-banner-title-visibility":"","ast-main-header-display":"","ast-hfb-above-header-display":"","ast-hfb-below-header-display":"","ast-hfb-mobile-header-display":"","site-post-title":"","ast-breadcrumbs-content":"","ast-featured-img":"","footer-sml-layout":"","ast-disable-related-posts":"","theme-transparent-header-meta":"default","adv-header-id-meta":"","stick-header-meta":"default","header-above-stick-meta":"","header-main-stick-meta":"","header-below-stick-meta":"","astra-migrate-meta-layouts":"set","ast-page-background-enabled":"default","ast-page-background-meta":{"desktop":{"background-color":"","background-image":"","background-repeat":"repeat","background-position":"center center","background-size":"auto","background-attachment":"scroll","background-type":"","background-media":"","overlay-type":"","overlay-color":"","overlay-opacity":"","overlay-gradient":""},"tablet":{"background-color":"","background-image":"","background-repeat":"repeat","background-position":"center center","background-size":"auto","background-attachment":"scroll","background-type":"","background-media":"","overlay-type":"","overlay-color":"","overlay-opacity":"","overlay-gradient":""},"mobile":{"background-color":"","background-image":"","background-repeat":"repeat","background-position":"center center","background-size":"auto","background-attachment":"scroll","background-type":"","background-media":"","overlay-type":"","overlay-color":"","overlay-opacity":"","overlay-gradient":""}},"ast-content-background-meta":{"desktop":{"background-color":"var(--ast-global-color-5)","background-image":"","background-repeat":"repeat","background-position":"center center","background-size":"auto","background-attachment":"scroll","background-type":"","background-media":"","overlay-type":"","overlay-color":"","overlay-opacity":"","overlay-gradient":""},"tablet":{"background-color":"var(--ast-global-color-5)","background-image":"","background-repeat":"repeat","background-position":"center center","background-size":"auto","background-attachment":"scroll","background-type":"","background-media":"","overlay-type":"","overlay-color":"","overlay-opacity":"","overlay-gradient":""},"mobile":{"background-color":"var(--ast-global-color-5)","background-image":"","background-repeat":"repeat","background-position":"center center","background-size":"auto","background-attachment":"scroll","background-type":"","background-media":"","overlay-type":"","overlay-color":"","overlay-opacity":"","overlay-gradient":""}}},"product_brand":[],"product_cat":[201,199,299,493,494],"product_tag":[],"class_list":{"0":"post-141840","1":"product","2":"type-product","3":"status-publish","4":"has-post-thumbnail","6":"product_cat-accessoires","7":"product_cat-art-de-vivre","8":"product_cat-cadeaux","9":"product_cat-stylos","10":"product_cat-stylos-art-de-vivre","11":"desktop-align-left","12":"tablet-align-left","13":"mobile-align-left","14":"ast-product-gallery-layout-horizontal","15":"ast-qv-on-image","17":"first","18":"instock","19":"taxable","20":"shipping-taxable","21":"purchasable","22":"product-type-simple"},"_links":{"self":[{"href":"https:\/\/sentou.fr\/el\/wp-json\/wp\/v2\/product\/141840","targetHints":{"allow":["GET"]}}],"collection":[{"href":"https:\/\/sentou.fr\/el\/wp-json\/wp\/v2\/product"}],"about":[{"href":"https:\/\/sentou.fr\/el\/wp-json\/wp\/v2\/types\/product"}],"wp:featuredmedia":[{"embeddable":true,"href":"https:\/\/sentou.fr\/el\/wp-json\/wp\/v2\/media\/141844"}],"wp:attachment":[{"href":"https:\/\/sentou.fr\/el\/wp-json\/wp\/v2\/media?parent=141840"}],"wp:term":[{"taxonomy":"product_brand","embeddable":true,"href":"https:\/\/sentou.fr\/el\/wp-json\/wp\/v2\/product_brand?post=141840"},{"taxonomy":"product_cat","embeddable":true,"href":"https:\/\/sentou.fr\/el\/wp-json\/wp\/v2\/product_cat?post=141840"},{"taxonomy":"product_tag","embeddable":true,"href":"https:\/\/sentou.fr\/el\/wp-json\/wp\/v2\/product_tag?post=141840"}],"curies":[{"name":"wp","href":"https:\/\/api.w.org\/{rel}","templated":true}]}}