{"id":141845,"date":"2024-11-12T16:23:41","date_gmt":"2024-11-12T14:23:41","guid":{"rendered":"https:\/\/sentou.fr\/?post_type=product&#038;p=141845"},"modified":"2025-12-12T15:44:50","modified_gmt":"2025-12-12T13:44:50","slug":"stylo-robin-day","status":"publish","type":"product","link":"https:\/\/sentou.fr\/el\/produit\/stylo-robin-day\/","title":{"rendered":"Stylo Robin Day"},"content":{"rendered":"<ul>\n<li><strong>Dimensions : <\/strong>Diam\u00e8tre 1,5cm x Longueur 13,5 cm<\/li>\n<li><strong>Mat\u00e9riaux : <\/strong>Laiton et m\u00e9tal d\u00e9cor\u00e9, avec garniture chrom\u00e9e<\/li>\n<li><strong>Coloris :<\/strong> unique<\/li>\n<li><span style=\"font-size: 16px; font-style: normal;\"><strong>Type de stylo :<\/strong> Rollerball &#8211; Couleur de l&rsquo;encre : Noir<\/span><\/li>\n<li><strong>Design :<\/strong> Robin Day &#8211; signature de l&rsquo;artiste grav\u00e9 sur la bande du capuchon<\/li>\n<li><strong>Date d&rsquo;\u00e9dition: <\/strong>2005<\/li>\n<\/ul>\n<p>Fabriqu\u00e9 \u00e0 la main<br \/>\n\u00c9dition limit\u00e9e, id\u00e9ale pour les collectionneurs<\/p>\n<p>Le stylo est vendu dans une bo\u00eete m\u00e9tallique ACME<\/p>","protected":false},"excerpt":{"rendered":"<p style=\"font-weight: 400;\"><strong>PIECE COLLECTOR<\/strong><\/p>\n<p style=\"font-weight: 400;\">ACME Studio est une soci\u00e9t\u00e9 internationale de cr\u00e9ation qui produit et commercialise des instruments d&rsquo;\u00e9criture, des accessoires de papeterie, et d&rsquo;autres objets de design. Ses produits sont le fruit d&rsquo;une collaboration avec les plus grands architectes, designers, artistes du monde entier.<\/p>\n<p style=\"font-weight: 400;\">De nombreuses pi\u00e8ces de la collection ACME figurent dans les collections permanentes de mus\u00e9es de r\u00e9f\u00e9renc , notamment le mus\u00e9e des beaux-arts de Houston, le mus\u00e9e de Brooklyn, le mus\u00e9e des arts d\u00e9coratifs de Francfort, et l&rsquo;ensemble de la s\u00e9rie fait partie de la collection permanente du mus\u00e9e Groninger aux Pays-Bas.<\/p>\n<p>Bien qu&rsquo;il soit surtout connu comme cr\u00e9ateur de meubles, <strong>ROBIN DAY<\/strong> a travaill\u00e9 dans de nombreux domaines du design, notamment le graphisme, l&rsquo;exposition et la d\u00e9coration d&rsquo;int\u00e9rieur, les industries des r\u00e9cepteurs de radio et de t\u00e9l\u00e9vision, les industries de la moquette et du vinyle, ainsi que la conception de l&rsquo;int\u00e9rieur des avions de ligne. En 1949, il a \u00e9t\u00e9 co-laur\u00e9at du premier prix du concours du Mus\u00e9e d&rsquo;art moderne de New York pour le mobilier \u00e0 bas prix. En 1950, il commence \u00e0 dessiner pour Hille, une petite entreprise qui fabrique principalement des meubles de reproduction d&rsquo;\u00e9poque. Rapidement, il devient leur consultant en design et d\u00e9veloppe des gammes de meubles modernes. Cette entreprise est devenue un important producteur international de mobilier moderne. En 1951, il est charg\u00e9 de concevoir le mobilier du Royal Festival Hall, y compris les si\u00e8ges de l&rsquo;auditorium qui sont toujours en place. Il a con\u00e7u des meubles pour de nombreux b\u00e2timents importants au Royaume-Uni et \u00e0 l&rsquo;\u00e9tranger, notamment pour des salles de concert et des th\u00e9\u00e2tres, des a\u00e9roports, des gares et des stades. Il a \u00e9t\u00e9 l&rsquo;un des premiers \u00e0 d\u00e9velopper des chaises monobloc en plastique moul\u00e9 par injection, dont des dizaines de millions ont \u00e9t\u00e9 vendues dans le monde entier.<\/p>\n<p>&nbsp;<\/p>","protected":false},"featured_media":141847,"template":"","meta":{"site-sidebar-layout":"default","site-content-layout":"","ast-site-content-layout":"default","site-content-style":"default","site-sidebar-style":"default","ast-global-header-display":"","ast-banner-title-visibility":"","ast-main-header-display":"","ast-hfb-above-header-display":"","ast-hfb-below-header-display":"","ast-hfb-mobile-header-display":"","site-post-title":"","ast-breadcrumbs-content":"","ast-featured-img":"","footer-sml-layout":"","ast-disable-related-posts":"","theme-transparent-header-meta":"default","adv-header-id-meta":"","stick-header-meta":"default","header-above-stick-meta":"","header-main-stick-meta":"","header-below-stick-meta":"","astra-migrate-meta-layouts":"set","ast-page-background-enabled":"default","ast-page-background-meta":{"desktop":{"background-color":"","background-image":"","background-repeat":"repeat","background-position":"center center","background-size":"auto","background-attachment":"scroll","background-type":"","background-media":"","overlay-type":"","overlay-color":"","overlay-opacity":"","overlay-gradient":""},"tablet":{"background-color":"","background-image":"","background-repeat":"repeat","background-position":"center center","background-size":"auto","background-attachment":"scroll","background-type":"","background-media":"","overlay-type":"","overlay-color":"","overlay-opacity":"","overlay-gradient":""},"mobile":{"background-color":"","background-image":"","background-repeat":"repeat","background-position":"center center","background-size":"auto","background-attachment":"scroll","background-type":"","background-media":"","overlay-type":"","overlay-color":"","overlay-opacity":"","overlay-gradient":""}},"ast-content-background-meta":{"desktop":{"background-color":"var(--ast-global-color-5)","background-image":"","background-repeat":"repeat","background-position":"center center","background-size":"auto","background-attachment":"scroll","background-type":"","background-media":"","overlay-type":"","overlay-color":"","overlay-opacity":"","overlay-gradient":""},"tablet":{"background-color":"var(--ast-global-color-5)","background-image":"","background-repeat":"repeat","background-position":"center center","background-size":"auto","background-attachment":"scroll","background-type":"","background-media":"","overlay-type":"","overlay-color":"","overlay-opacity":"","overlay-gradient":""},"mobile":{"background-color":"var(--ast-global-color-5)","background-image":"","background-repeat":"repeat","background-position":"center center","background-size":"auto","background-attachment":"scroll","background-type":"","background-media":"","overlay-type":"","overlay-color":"","overlay-opacity":"","overlay-gradient":""}}},"product_brand":[],"product_cat":[146,201,199,299,570,493,494],"product_tag":[],"class_list":{"0":"post-141845","1":"product","2":"type-product","3":"status-publish","4":"has-post-thumbnail","6":"product_cat-e-shop","7":"product_cat-accessoires","8":"product_cat-art-de-vivre","9":"product_cat-cadeaux","10":"product_cat-collectors","11":"product_cat-stylos","12":"product_cat-stylos-art-de-vivre","13":"desktop-align-left","14":"tablet-align-left","15":"mobile-align-left","16":"ast-product-gallery-layout-horizontal","17":"ast-qv-on-image","19":"first","20":"instock","21":"taxable","22":"shipping-taxable","23":"purchasable","24":"product-type-simple"},"_links":{"self":[{"href":"https:\/\/sentou.fr\/el\/wp-json\/wp\/v2\/product\/141845","targetHints":{"allow":["GET"]}}],"collection":[{"href":"https:\/\/sentou.fr\/el\/wp-json\/wp\/v2\/product"}],"about":[{"href":"https:\/\/sentou.fr\/el\/wp-json\/wp\/v2\/types\/product"}],"wp:featuredmedia":[{"embeddable":true,"href":"https:\/\/sentou.fr\/el\/wp-json\/wp\/v2\/media\/141847"}],"wp:attachment":[{"href":"https:\/\/sentou.fr\/el\/wp-json\/wp\/v2\/media?parent=141845"}],"wp:term":[{"taxonomy":"product_brand","embeddable":true,"href":"https:\/\/sentou.fr\/el\/wp-json\/wp\/v2\/product_brand?post=141845"},{"taxonomy":"product_cat","embeddable":true,"href":"https:\/\/sentou.fr\/el\/wp-json\/wp\/v2\/product_cat?post=141845"},{"taxonomy":"product_tag","embeddable":true,"href":"https:\/\/sentou.fr\/el\/wp-json\/wp\/v2\/product_tag?post=141845"}],"curies":[{"name":"wp","href":"https:\/\/api.w.org\/{rel}","templated":true}]}}