{"id":141858,"date":"2024-11-12T16:17:16","date_gmt":"2024-11-12T14:17:16","guid":{"rendered":"https:\/\/sentou.fr\/?post_type=product&#038;p=141858"},"modified":"2025-12-12T15:44:10","modified_gmt":"2025-12-12T13:44:10","slug":"stylo-timo-sarpaneva","status":"publish","type":"product","link":"https:\/\/sentou.fr\/el\/produit\/stylo-timo-sarpaneva\/","title":{"rendered":"Stylo Timo Sarpaneva"},"content":{"rendered":"<ul>\n<li><strong>Dimensions : <\/strong>Diam\u00e8tre 1,5cm x Longueur 13,5 cm<\/li>\n<li><strong>Mat\u00e9riaux : <\/strong>Laiton et m\u00e9tal d\u00e9cor\u00e9, avec garniture chrom\u00e9e<\/li>\n<li><strong>Coloris :<\/strong> unique<\/li>\n<li><span style=\"font-size: 16px; font-style: normal;\"><strong>Type de stylo :<\/strong> Rollerball &#8211; Couleur de l&rsquo;encre : Noir<\/span><\/li>\n<li><strong>Design :<\/strong> Timo Sarpaneva &#8211; signature de l&rsquo;artiste \u00a0grav\u00e9e sur la bande du capuchon<\/li>\n<li><strong>Date d&rsquo;\u00e9dition: <\/strong>2005<\/li>\n<\/ul>\n<p>Fabriqu\u00e9 \u00e0 la main<br \/>\n\u00c9dition limit\u00e9e, id\u00e9ale pour les collectionneurs<\/p>\n<p>Le stylo est vendu dans une bo\u00eete m\u00e9tallique ACME<\/p>","protected":false},"excerpt":{"rendered":"<p style=\"font-weight: 400;\"><strong>PIECE COLLECTOR<\/strong><\/p>\n<p style=\"font-weight: 400;\">ACME Studio est une soci\u00e9t\u00e9 internationale de cr\u00e9ation qui produit et commercialise des instruments d&rsquo;\u00e9criture, des accessoires de papeterie, et d&rsquo;autres objets de design. Ses produits sont le fruit d&rsquo;une collaboration avec les plus grands architectes, designers, artistes du monde entier.<\/p>\n<p style=\"font-weight: 400;\">De nombreuses pi\u00e8ces de la collection ACME figurent dans les collections permanentes de mus\u00e9es de r\u00e9f\u00e9renc , notamment le mus\u00e9e des beaux-arts de Houston, le mus\u00e9e de Brooklyn, le mus\u00e9e des arts d\u00e9coratifs de Francfort, et l&rsquo;ensemble de la s\u00e9rie fait partie de la collection permanente du mus\u00e9e Groninger aux Pays-Bas.<\/p>\n<p>En tant que designer et sculpteur, <strong>TIMO SARPANEVA<\/strong> a toujours pr\u00f4n\u00e9 le renouveau. Tout au long de sa carri\u00e8re, il est rest\u00e9 un pionnier et un pr\u00e9curseur &#8211; un avant-gardiste, \u00e0 l&rsquo;avant-garde des signes du temps. Dans le domaine de l&rsquo;art, Timo Sarpaneva est un profil international, un comp\u00e9titeur et un champion de l&rsquo;ar\u00e8ne internationale. Au fil des ans, il a re\u00e7u trois grands prix \u00e0 la Triennale de Milan et, en 1954, l&rsquo;une de ses sculptures en verre a \u00e9t\u00e9 \u00e9lue \u00ab plus bel objet de l&rsquo;ann\u00e9e \u00bb aux \u00c9tats-Unis. Les \u0153uvres de Sarpaneva ornent les collections des plus grands mus\u00e9es d&rsquo;art du monde. Au cours des dix ou quinze derni\u00e8res ann\u00e9es, Sarpaneva a surtout travaill\u00e9 comme sculpteur. Parmi tous les mat\u00e9riaux qu&rsquo;il conna\u00eet et qu&rsquo;il ma\u00eetrise depuis cinquante ans, il a eu l&rsquo;audace de choisir le verre comme support de pr\u00e9dilection. Ce choix d\u00e9montre que Timo Sarpaneva a, une fois de plus, choisi de suivre sa propre voie, sans se laisser influencer par les attentes ou les conventions. La sculpture contemporaine est rarement r\u00e9alis\u00e9e en verre. Le verre est pourtant un m\u00e9dium qui offre les plus grandes possibilit\u00e9s, mais aussi les plus grands d\u00e9fis. La capacit\u00e9 cr\u00e9ative de Sarpaneva semble ne pas conna\u00eetre de limites.<\/p>\n<p style=\"font-weight: 400;\">","protected":false},"featured_media":141856,"template":"","meta":{"site-sidebar-layout":"default","site-content-layout":"","ast-site-content-layout":"default","site-content-style":"default","site-sidebar-style":"default","ast-global-header-display":"","ast-banner-title-visibility":"","ast-main-header-display":"","ast-hfb-above-header-display":"","ast-hfb-below-header-display":"","ast-hfb-mobile-header-display":"","site-post-title":"","ast-breadcrumbs-content":"","ast-featured-img":"","footer-sml-layout":"","ast-disable-related-posts":"","theme-transparent-header-meta":"default","adv-header-id-meta":"","stick-header-meta":"default","header-above-stick-meta":"","header-main-stick-meta":"","header-below-stick-meta":"","astra-migrate-meta-layouts":"set","ast-page-background-enabled":"default","ast-page-background-meta":{"desktop":{"background-color":"","background-image":"","background-repeat":"repeat","background-position":"center center","background-size":"auto","background-attachment":"scroll","background-type":"","background-media":"","overlay-type":"","overlay-color":"","overlay-opacity":"","overlay-gradient":""},"tablet":{"background-color":"","background-image":"","background-repeat":"repeat","background-position":"center center","background-size":"auto","background-attachment":"scroll","background-type":"","background-media":"","overlay-type":"","overlay-color":"","overlay-opacity":"","overlay-gradient":""},"mobile":{"background-color":"","background-image":"","background-repeat":"repeat","background-position":"center center","background-size":"auto","background-attachment":"scroll","background-type":"","background-media":"","overlay-type":"","overlay-color":"","overlay-opacity":"","overlay-gradient":""}},"ast-content-background-meta":{"desktop":{"background-color":"var(--ast-global-color-5)","background-image":"","background-repeat":"repeat","background-position":"center center","background-size":"auto","background-attachment":"scroll","background-type":"","background-media":"","overlay-type":"","overlay-color":"","overlay-opacity":"","overlay-gradient":""},"tablet":{"background-color":"var(--ast-global-color-5)","background-image":"","background-repeat":"repeat","background-position":"center center","background-size":"auto","background-attachment":"scroll","background-type":"","background-media":"","overlay-type":"","overlay-color":"","overlay-opacity":"","overlay-gradient":""},"mobile":{"background-color":"var(--ast-global-color-5)","background-image":"","background-repeat":"repeat","background-position":"center center","background-size":"auto","background-attachment":"scroll","background-type":"","background-media":"","overlay-type":"","overlay-color":"","overlay-opacity":"","overlay-gradient":""}}},"product_brand":[],"product_cat":[201,299,570,15,493,494],"product_tag":[],"class_list":{"0":"post-141858","1":"product","2":"type-product","3":"status-publish","4":"has-post-thumbnail","6":"product_cat-accessoires","7":"product_cat-cadeaux","8":"product_cat-collectors","9":"product_cat-non-classe","10":"product_cat-stylos","11":"product_cat-stylos-art-de-vivre","12":"desktop-align-left","13":"tablet-align-left","14":"mobile-align-left","15":"ast-product-gallery-layout-horizontal","16":"ast-qv-on-image","18":"first","19":"instock","20":"taxable","21":"shipping-taxable","22":"purchasable","23":"product-type-simple"},"_links":{"self":[{"href":"https:\/\/sentou.fr\/el\/wp-json\/wp\/v2\/product\/141858","targetHints":{"allow":["GET"]}}],"collection":[{"href":"https:\/\/sentou.fr\/el\/wp-json\/wp\/v2\/product"}],"about":[{"href":"https:\/\/sentou.fr\/el\/wp-json\/wp\/v2\/types\/product"}],"wp:featuredmedia":[{"embeddable":true,"href":"https:\/\/sentou.fr\/el\/wp-json\/wp\/v2\/media\/141856"}],"wp:attachment":[{"href":"https:\/\/sentou.fr\/el\/wp-json\/wp\/v2\/media?parent=141858"}],"wp:term":[{"taxonomy":"product_brand","embeddable":true,"href":"https:\/\/sentou.fr\/el\/wp-json\/wp\/v2\/product_brand?post=141858"},{"taxonomy":"product_cat","embeddable":true,"href":"https:\/\/sentou.fr\/el\/wp-json\/wp\/v2\/product_cat?post=141858"},{"taxonomy":"product_tag","embeddable":true,"href":"https:\/\/sentou.fr\/el\/wp-json\/wp\/v2\/product_tag?post=141858"}],"curies":[{"name":"wp","href":"https:\/\/api.w.org\/{rel}","templated":true}]}}