{"id":141860,"date":"2024-11-12T16:27:46","date_gmt":"2024-11-12T14:27:46","guid":{"rendered":"https:\/\/sentou.fr\/?post_type=product&#038;p=141860"},"modified":"2025-12-12T15:45:08","modified_gmt":"2025-12-12T13:45:08","slug":"stylo-james-wines","status":"publish","type":"product","link":"https:\/\/sentou.fr\/el\/produit\/stylo-james-wines\/","title":{"rendered":"Stylo James Wines"},"content":{"rendered":"<ul>\n<li><strong>Dimensions : <\/strong>Diam\u00e8tre 1,5cm x Longueur 13,5 cm<\/li>\n<li><strong>Mat\u00e9riaux : <\/strong>Laiton et m\u00e9tal d\u00e9cor\u00e9, avec garniture chrom\u00e9e<\/li>\n<li><strong>Coloris :<\/strong> unique<\/li>\n<li><span style=\"font-size: 16px; font-style: normal;\"><strong>Type de stylo :<\/strong> Rollerball &#8211; Couleur de l&rsquo;encre : Noir<\/span><\/li>\n<li><strong>Design :<\/strong> James Wines &#8211; signature de l&rsquo;artiste \u00a0grav\u00e9e sur la bande du capuchon<\/li>\n<li><strong>Date d&rsquo;\u00e9dition: <\/strong>2002<\/li>\n<\/ul>\n<p>Fabriqu\u00e9 \u00e0 la main<br \/>\n\u00c9dition limit\u00e9e, id\u00e9ale pour les collectionneurs<\/p>\n<p>Le stylo est vendu dans une bo\u00eete m\u00e9tallique ACME<\/p>","protected":false},"excerpt":{"rendered":"<p style=\"font-weight: 400;\"><strong>PIECE COLLECTOR<\/strong><\/p>\n<p style=\"font-weight: 400;\">ACME Studio est une soci\u00e9t\u00e9 internationale de cr\u00e9ation qui produit et commercialise des instruments d&rsquo;\u00e9criture, des accessoires de papeterie, et d&rsquo;autres objets de design. Ses produits sont le fruit d&rsquo;une collaboration avec les plus grands architectes, designers, artistes du monde entier.<\/p>\n<p style=\"font-weight: 400;\">De nombreuses pi\u00e8ces de la collection ACME figurent dans les collections permanentes de mus\u00e9es de r\u00e9f\u00e9renc , notamment le mus\u00e9e des beaux-arts de Houston, le mus\u00e9e de Brooklyn, le mus\u00e9e des arts d\u00e9coratifs de Francfort, et l&rsquo;ensemble de la s\u00e9rie fait partie de la collection permanente du mus\u00e9e Groninger aux Pays-Bas.<\/p>\n<p>JAMES WINES est le fondateur et le pr\u00e9sident de SITE, une organisation de renomm\u00e9e internationale sp\u00e9cialis\u00e9e dans l&rsquo;architecture et les arts environnementaux, cr\u00e9\u00e9e \u00e0 New York en 1970. Il dirige \u00e9galement l&rsquo;\u00e9cole d&rsquo;architecture de l&rsquo;universit\u00e9 d&rsquo;\u00c9tat de Pennsylvanie. Wines a con\u00e7u plus de 200 projets d&rsquo;architecture, d&rsquo;am\u00e9nagement int\u00e9rieur, d&rsquo;espaces publics et d&rsquo;architecture paysag\u00e8re, pour des clients tels que PepsiCo, General Mills, Swatch, MCA, Universal, MTV, McDonald&rsquo;s et Disney. Il est l&rsquo;ancien pr\u00e9sident du d\u00e9partement de conception environnementale de la Parsons School of Design, o\u00f9 il a d\u00e9velopp\u00e9 un programme d&rsquo;\u00e9tudes sup\u00e9rieures en architecture. Parmi ses projets les plus r\u00e9cents, il a con\u00e7u le pavillon des \u00c9tats-Unis pour l&rsquo;Expo 2000 en Allemagne. Il vit et travaille \u00e0 New York, expose \u00e0 la Max Protetch Gallery et continue d&rsquo;\u00e9crire pour des publications internationales d&rsquo;art et d&rsquo;architecture.<\/p>\n<p>&nbsp;<\/p>\n<p style=\"font-weight: 400;\">","protected":false},"featured_media":141863,"template":"","meta":{"site-sidebar-layout":"default","site-content-layout":"","ast-site-content-layout":"default","site-content-style":"default","site-sidebar-style":"default","ast-global-header-display":"","ast-banner-title-visibility":"","ast-main-header-display":"","ast-hfb-above-header-display":"","ast-hfb-below-header-display":"","ast-hfb-mobile-header-display":"","site-post-title":"","ast-breadcrumbs-content":"","ast-featured-img":"","footer-sml-layout":"","ast-disable-related-posts":"","theme-transparent-header-meta":"default","adv-header-id-meta":"","stick-header-meta":"default","header-above-stick-meta":"","header-main-stick-meta":"","header-below-stick-meta":"","astra-migrate-meta-layouts":"set","ast-page-background-enabled":"default","ast-page-background-meta":{"desktop":{"background-color":"","background-image":"","background-repeat":"repeat","background-position":"center center","background-size":"auto","background-attachment":"scroll","background-type":"","background-media":"","overlay-type":"","overlay-color":"","overlay-opacity":"","overlay-gradient":""},"tablet":{"background-color":"","background-image":"","background-repeat":"repeat","background-position":"center center","background-size":"auto","background-attachment":"scroll","background-type":"","background-media":"","overlay-type":"","overlay-color":"","overlay-opacity":"","overlay-gradient":""},"mobile":{"background-color":"","background-image":"","background-repeat":"repeat","background-position":"center center","background-size":"auto","background-attachment":"scroll","background-type":"","background-media":"","overlay-type":"","overlay-color":"","overlay-opacity":"","overlay-gradient":""}},"ast-content-background-meta":{"desktop":{"background-color":"var(--ast-global-color-5)","background-image":"","background-repeat":"repeat","background-position":"center center","background-size":"auto","background-attachment":"scroll","background-type":"","background-media":"","overlay-type":"","overlay-color":"","overlay-opacity":"","overlay-gradient":""},"tablet":{"background-color":"var(--ast-global-color-5)","background-image":"","background-repeat":"repeat","background-position":"center center","background-size":"auto","background-attachment":"scroll","background-type":"","background-media":"","overlay-type":"","overlay-color":"","overlay-opacity":"","overlay-gradient":""},"mobile":{"background-color":"var(--ast-global-color-5)","background-image":"","background-repeat":"repeat","background-position":"center center","background-size":"auto","background-attachment":"scroll","background-type":"","background-media":"","overlay-type":"","overlay-color":"","overlay-opacity":"","overlay-gradient":""}}},"product_brand":[],"product_cat":[201,199,299,493,494],"product_tag":[],"class_list":{"0":"post-141860","1":"product","2":"type-product","3":"status-publish","4":"has-post-thumbnail","6":"product_cat-accessoires","7":"product_cat-art-de-vivre","8":"product_cat-cadeaux","9":"product_cat-stylos","10":"product_cat-stylos-art-de-vivre","11":"desktop-align-left","12":"tablet-align-left","13":"mobile-align-left","14":"ast-product-gallery-layout-horizontal","15":"ast-qv-on-image","17":"first","18":"instock","19":"taxable","20":"shipping-taxable","21":"purchasable","22":"product-type-simple"},"_links":{"self":[{"href":"https:\/\/sentou.fr\/el\/wp-json\/wp\/v2\/product\/141860","targetHints":{"allow":["GET"]}}],"collection":[{"href":"https:\/\/sentou.fr\/el\/wp-json\/wp\/v2\/product"}],"about":[{"href":"https:\/\/sentou.fr\/el\/wp-json\/wp\/v2\/types\/product"}],"wp:featuredmedia":[{"embeddable":true,"href":"https:\/\/sentou.fr\/el\/wp-json\/wp\/v2\/media\/141863"}],"wp:attachment":[{"href":"https:\/\/sentou.fr\/el\/wp-json\/wp\/v2\/media?parent=141860"}],"wp:term":[{"taxonomy":"product_brand","embeddable":true,"href":"https:\/\/sentou.fr\/el\/wp-json\/wp\/v2\/product_brand?post=141860"},{"taxonomy":"product_cat","embeddable":true,"href":"https:\/\/sentou.fr\/el\/wp-json\/wp\/v2\/product_cat?post=141860"},{"taxonomy":"product_tag","embeddable":true,"href":"https:\/\/sentou.fr\/el\/wp-json\/wp\/v2\/product_tag?post=141860"}],"curies":[{"name":"wp","href":"https:\/\/api.w.org\/{rel}","templated":true}]}}