{"id":141873,"date":"2024-10-19T16:29:40","date_gmt":"2024-10-19T14:29:40","guid":{"rendered":"https:\/\/sentou.fr\/?post_type=product&#038;p=141873"},"modified":"2024-12-13T20:50:08","modified_gmt":"2024-12-13T18:50:08","slug":"montre-laps-twins","status":"publish","type":"product","link":"https:\/\/sentou.fr\/el\/produit\/montre-laps-twins\/","title":{"rendered":"Montre Laps Twins"},"content":{"rendered":"<ul style=\"font-weight: 400;\">\n<li><strong>Cadran :<\/strong> Tirage d&rsquo;art<\/li>\n<li><strong>Bracelet :<\/strong> Perlon tress\u00e9 &#8211; Taille 18mm<\/li>\n<li><strong>Mouvement Quartz :<\/strong>\u00a0Japonais Miyota<\/li>\n<li><strong>Verre :<\/strong>\u00a0Min\u00e9ral<\/li>\n<li><strong>Bo\u00eetier :<\/strong>\u00a0Acier inoxydable 316L<\/li>\n<li><strong>Dimensions :<\/strong> 35x26x8mm<\/li>\n<li><strong><span style=\"font-size: 16px;\">\u00c9tanch\u00e9it\u00e9 :<\/span><\/strong><span style=\"font-weight: 400;\">\u00a03ATM<\/span><\/li>\n<\/ul>\n<ul>\n<li><strong>Garantie 2 ans<\/strong><\/li>\n<li><strong>Fabriqu\u00e9e en France<\/strong><\/li>\n<\/ul>\n<p style=\"font-weight: 400;\">Les montres Laps sont garanties pour une dur\u00e9e de 24 mois apr\u00e8s leur date d\u2019achat. Cette garantie couvre le remplacement des pi\u00e8ces pr\u00e9sentant un d\u00e9faut de fabrication, tel que le mouvement quartz \u00e0 l\u2019exclusion de la batterie, le cadran, les index et les aiguilles.<\/p>\n<p style=\"font-weight: 400;\"><strong>Sont exclus de la garantie<\/strong><\/p>\n<p style=\"font-weight: 400;\">Les d\u00e9fauts et dommages dus :<\/p>\n<p style=\"font-weight: 400;\">&#8211; \u00e0 un usage non-appropri\u00e9 de votre montre.<\/p>\n<p style=\"font-weight: 400;\">&#8211; \u00e0 l&rsquo;usure et au vieillissement normal de votre montre comme les alt\u00e9rations esth\u00e9tiques sur le plaquage.<\/p>\n<p style=\"font-weight: 400;\">&#8211; \u00e0 un contact avec l\u2019eau de la montre ou du bracelet.<\/p>\n<p style=\"font-weight: 400;\">&#8211; \u00e0 une r\u00e9paration ou une modification r\u00e9alis\u00e9e par un r\u00e9parateur ext\u00e9rieur \u00e0 l\u2019atelier LAPS.<\/p>\n<p style=\"font-weight: 400;\">&#8211; \u00e0 un choc pouvant engendrer bris de verre, rayure ou d\u00e9collement d\u2019index.<\/p>\n<p style=\"font-weight: 400;\">Bracelets : La garantie ne couvre pas l\u2019usure naturelle de votre bracelet ni les t\u00e2ches dues \u00e0 son utilisation.<\/p>","protected":false},"excerpt":{"rendered":"<div>\n<p>Avec une production centenaire en Inde et l&rsquo;utilisation d&rsquo;une grande vari\u00e9t\u00e9 de visuels puis\u00e9s \u00e0 travers le pays, il n&rsquo;en fallait pas plus pour que la boite d&rsquo;allumettes devienne partie int\u00e9grante de la pop culture indienne.<\/p>\n<\/div>\n<div>\n<p>Cette \u00e9dition reprend l\u2019une de ces bo\u00eetes avec deux poussins aux couleurs p\u00e9tillantes. Dans la croyance populaire, trouver deux jaunes dans un \u0153uf porte bonheur.<\/p>\n<\/div>\n<p><strong>MONTRE COLLECTOR<\/strong><\/p>","protected":false},"featured_media":141902,"template":"","meta":{"site-sidebar-layout":"default","site-content-layout":"default","ast-site-content-layout":"default","site-content-style":"default","site-sidebar-style":"default","ast-global-header-display":"","ast-banner-title-visibility":"","ast-main-header-display":"","ast-hfb-above-header-display":"","ast-hfb-below-header-display":"","ast-hfb-mobile-header-display":"","site-post-title":"","ast-breadcrumbs-content":"","ast-featured-img":"","footer-sml-layout":"","ast-disable-related-posts":"","theme-transparent-header-meta":"default","adv-header-id-meta":"","stick-header-meta":"default","header-above-stick-meta":"","header-main-stick-meta":"","header-below-stick-meta":"","astra-migrate-meta-layouts":"set","ast-page-background-enabled":"default","ast-page-background-meta":{"desktop":{"background-color":"","background-image":"","background-repeat":"repeat","background-position":"center center","background-size":"auto","background-attachment":"scroll","background-type":"","background-media":"","overlay-type":"","overlay-color":"","overlay-opacity":"","overlay-gradient":""},"tablet":{"background-color":"","background-image":"","background-repeat":"repeat","background-position":"center center","background-size":"auto","background-attachment":"scroll","background-type":"","background-media":"","overlay-type":"","overlay-color":"","overlay-opacity":"","overlay-gradient":""},"mobile":{"background-color":"","background-image":"","background-repeat":"repeat","background-position":"center center","background-size":"auto","background-attachment":"scroll","background-type":"","background-media":"","overlay-type":"","overlay-color":"","overlay-opacity":"","overlay-gradient":""}},"ast-content-background-meta":{"desktop":{"background-color":"var(--ast-global-color-5)","background-image":"","background-repeat":"repeat","background-position":"center center","background-size":"auto","background-attachment":"scroll","background-type":"","background-media":"","overlay-type":"","overlay-color":"","overlay-opacity":"","overlay-gradient":""},"tablet":{"background-color":"var(--ast-global-color-5)","background-image":"","background-repeat":"repeat","background-position":"center center","background-size":"auto","background-attachment":"scroll","background-type":"","background-media":"","overlay-type":"","overlay-color":"","overlay-opacity":"","overlay-gradient":""},"mobile":{"background-color":"var(--ast-global-color-5)","background-image":"","background-repeat":"repeat","background-position":"center center","background-size":"auto","background-attachment":"scroll","background-type":"","background-media":"","overlay-type":"","overlay-color":"","overlay-opacity":"","overlay-gradient":""}}},"product_brand":[],"product_cat":[299,199,253,234],"product_tag":[],"class_list":{"0":"post-141873","1":"product","2":"type-product","3":"status-publish","4":"has-post-thumbnail","6":"product_cat-cadeaux","7":"product_cat-art-de-vivre","8":"product_cat-bijoux","9":"product_cat-montres","10":"desktop-align-left","11":"tablet-align-left","12":"mobile-align-left","13":"ast-product-gallery-layout-horizontal","14":"ast-product-gallery-with-no-image","15":"ast-product-single-variable","16":"ast-qv-on-image","18":"first","19":"instock","20":"taxable","21":"shipping-taxable","22":"purchasable","23":"product-type-variable"},"_links":{"self":[{"href":"https:\/\/sentou.fr\/el\/wp-json\/wp\/v2\/product\/141873","targetHints":{"allow":["GET"]}}],"collection":[{"href":"https:\/\/sentou.fr\/el\/wp-json\/wp\/v2\/product"}],"about":[{"href":"https:\/\/sentou.fr\/el\/wp-json\/wp\/v2\/types\/product"}],"wp:featuredmedia":[{"embeddable":true,"href":"https:\/\/sentou.fr\/el\/wp-json\/wp\/v2\/media\/141902"}],"wp:attachment":[{"href":"https:\/\/sentou.fr\/el\/wp-json\/wp\/v2\/media?parent=141873"}],"wp:term":[{"taxonomy":"product_brand","embeddable":true,"href":"https:\/\/sentou.fr\/el\/wp-json\/wp\/v2\/product_brand?post=141873"},{"taxonomy":"product_cat","embeddable":true,"href":"https:\/\/sentou.fr\/el\/wp-json\/wp\/v2\/product_cat?post=141873"},{"taxonomy":"product_tag","embeddable":true,"href":"https:\/\/sentou.fr\/el\/wp-json\/wp\/v2\/product_tag?post=141873"}],"curies":[{"name":"wp","href":"https:\/\/api.w.org\/{rel}","templated":true}]}}