{"id":141968,"date":"2024-10-21T18:34:28","date_gmt":"2024-10-21T16:34:28","guid":{"rendered":"https:\/\/sentou.fr\/?post_type=product&#038;p=141968"},"modified":"2025-07-07T22:01:59","modified_gmt":"2025-07-07T20:01:59","slug":"dominos-gradient","status":"publish","type":"product","link":"https:\/\/sentou.fr\/el\/produit\/dominos-gradient\/","title":{"rendered":"Dominos Gradient"},"content":{"rendered":"<ul>\n<li><strong>set compos\u00e9 de 28 dominos<\/strong><\/li>\n<li><strong>Dimensions : <\/strong>chaque pi\u00e8ce fait 25 mm x 50mm x \u00e9pais 8mm<\/li>\n<li><strong>Mat\u00e9riaux : <\/strong>bois\u00a0massif laqu\u00e9<\/li>\n<li><strong>Coloris :<\/strong> set compos\u00e9 de 28 pi\u00e8ces de multiples couleurs<\/li>\n<\/ul>\n<p style=\"font-weight: 400;\">Ne convient pas aux enfants de moins de 3 ans.<\/p>\n<p style=\"font-weight: 400;\">","protected":false},"excerpt":{"rendered":"<p style=\"font-weight: 400;\"><strong>Jeux de Dominos en couleurs\u00a0<\/strong><\/p>\n<p style=\"font-weight: 400;\">le jeu parfait avec nos dominos Gradient en bois inspir\u00e9s de la roue des couleurs.<\/p>\n<p style=\"font-weight: 400;\">Ces \u00a0dominos cr\u00e9ent un rallye parfait ! Vous avez envie de faire une partie??, voici les r\u00e8gles &#8230;<\/p>\n<ol>\n<li style=\"font-weight: 400;\">Placez les dominos face cach\u00e9e devant vous et m\u00e9langez-les.<\/li>\n<li style=\"font-weight: 400;\">Chaque joueur choisit un nombre \u00e9gal de dominos dans la pile (en les cachant \u00e0 ses adversaires). Le reste est laiss\u00e9 sur place.<\/li>\n<li style=\"font-weight: 400;\">Le premier joueur pose le domino qu&rsquo;il a choisi, face visible, au milieu de la pile.<\/li>\n<li style=\"font-weight: 400;\">Le joueur suivant choisit un domino qui correspond \u00e0 l&rsquo;un des points sur le domino de son adversaire et le place \u00e0 c\u00f4t\u00e9.<\/li>\n<li style=\"font-weight: 400;\">Si un joueur ne peut pas jouer un domino, il doit en prendre un dans la pile restante jusqu&rsquo;\u00e0 ce qu&rsquo;il trouve une correspondance.<\/li>\n<li style=\"font-weight: 400;\">Le gagnant du jeu est l&rsquo;adversaire qui a utilis\u00e9 tous ses dominos en premier !<\/li>\n<\/ol>\n<p style=\"font-weight: 400;\">Ne convient pas aux enfants de moins de 3 ans.<\/p>","protected":false},"featured_media":142672,"template":"","meta":{"site-sidebar-layout":"default","site-content-layout":"","ast-site-content-layout":"default","site-content-style":"default","site-sidebar-style":"default","ast-global-header-display":"","ast-banner-title-visibility":"","ast-main-header-display":"","ast-hfb-above-header-display":"","ast-hfb-below-header-display":"","ast-hfb-mobile-header-display":"","site-post-title":"","ast-breadcrumbs-content":"","ast-featured-img":"","footer-sml-layout":"","ast-disable-related-posts":"","theme-transparent-header-meta":"default","adv-header-id-meta":"","stick-header-meta":"default","header-above-stick-meta":"","header-main-stick-meta":"","header-below-stick-meta":"","astra-migrate-meta-layouts":"set","ast-page-background-enabled":"default","ast-page-background-meta":{"desktop":{"background-color":"","background-image":"","background-repeat":"repeat","background-position":"center center","background-size":"auto","background-attachment":"scroll","background-type":"","background-media":"","overlay-type":"","overlay-color":"","overlay-opacity":"","overlay-gradient":""},"tablet":{"background-color":"","background-image":"","background-repeat":"repeat","background-position":"center center","background-size":"auto","background-attachment":"scroll","background-type":"","background-media":"","overlay-type":"","overlay-color":"","overlay-opacity":"","overlay-gradient":""},"mobile":{"background-color":"","background-image":"","background-repeat":"repeat","background-position":"center center","background-size":"auto","background-attachment":"scroll","background-type":"","background-media":"","overlay-type":"","overlay-color":"","overlay-opacity":"","overlay-gradient":""}},"ast-content-background-meta":{"desktop":{"background-color":"var(--ast-global-color-5)","background-image":"","background-repeat":"repeat","background-position":"center center","background-size":"auto","background-attachment":"scroll","background-type":"","background-media":"","overlay-type":"","overlay-color":"","overlay-opacity":"","overlay-gradient":""},"tablet":{"background-color":"var(--ast-global-color-5)","background-image":"","background-repeat":"repeat","background-position":"center center","background-size":"auto","background-attachment":"scroll","background-type":"","background-media":"","overlay-type":"","overlay-color":"","overlay-opacity":"","overlay-gradient":""},"mobile":{"background-color":"var(--ast-global-color-5)","background-image":"","background-repeat":"repeat","background-position":"center center","background-size":"auto","background-attachment":"scroll","background-type":"","background-media":"","overlay-type":"","overlay-color":"","overlay-opacity":"","overlay-gradient":""}}},"product_brand":[],"product_cat":[199,299,146,420,15],"product_tag":[],"class_list":{"0":"post-141968","1":"product","2":"type-product","3":"status-publish","4":"has-post-thumbnail","6":"product_cat-art-de-vivre","7":"product_cat-cadeaux","8":"product_cat-e-shop","9":"product_cat-jeux","10":"product_cat-non-classe","11":"desktop-align-left","12":"tablet-align-left","13":"mobile-align-left","14":"ast-product-gallery-layout-horizontal","15":"ast-qv-on-image","17":"first","18":"instock","19":"taxable","20":"shipping-taxable","21":"purchasable","22":"product-type-simple"},"_links":{"self":[{"href":"https:\/\/sentou.fr\/el\/wp-json\/wp\/v2\/product\/141968","targetHints":{"allow":["GET"]}}],"collection":[{"href":"https:\/\/sentou.fr\/el\/wp-json\/wp\/v2\/product"}],"about":[{"href":"https:\/\/sentou.fr\/el\/wp-json\/wp\/v2\/types\/product"}],"wp:featuredmedia":[{"embeddable":true,"href":"https:\/\/sentou.fr\/el\/wp-json\/wp\/v2\/media\/142672"}],"wp:attachment":[{"href":"https:\/\/sentou.fr\/el\/wp-json\/wp\/v2\/media?parent=141968"}],"wp:term":[{"taxonomy":"product_brand","embeddable":true,"href":"https:\/\/sentou.fr\/el\/wp-json\/wp\/v2\/product_brand?post=141968"},{"taxonomy":"product_cat","embeddable":true,"href":"https:\/\/sentou.fr\/el\/wp-json\/wp\/v2\/product_cat?post=141968"},{"taxonomy":"product_tag","embeddable":true,"href":"https:\/\/sentou.fr\/el\/wp-json\/wp\/v2\/product_tag?post=141968"}],"curies":[{"name":"wp","href":"https:\/\/api.w.org\/{rel}","templated":true}]}}