{"id":141977,"date":"2024-10-22T13:59:12","date_gmt":"2024-10-22T11:59:12","guid":{"rendered":"https:\/\/sentou.fr\/?post_type=product&#038;p=141977"},"modified":"2025-01-08T23:36:52","modified_gmt":"2025-01-08T21:36:52","slug":"jeux-de-cartes-gradient","status":"publish","type":"product","link":"https:\/\/sentou.fr\/el\/produit\/jeux-de-cartes-gradient\/","title":{"rendered":"Jeux de cartes Gradient"},"content":{"rendered":"<ul>\n<li><strong>Jeux compos\u00e9 de 52 cartes<\/strong><\/li>\n<li><strong><strong>Dimensions des cartes: \u00a0<\/strong><\/strong><span style=\"font-size: 16px;\">89 x 64 mm<\/span><\/li>\n<li><strong>Mat\u00e9riaux : <\/strong>carton<\/li>\n<li><strong>Coloris :<\/strong> set compos\u00e9 de \u00a052 pi\u00e8ces de multiples couleurs<\/li>\n<\/ul>\n<p style=\"font-weight: 400;\">","protected":false},"excerpt":{"rendered":"<p style=\"font-weight: 400;\"><strong>Jeux de cartes en couleurs\u00a0<\/strong><\/p>\n<div>\n<p class=\"prd-productprice\">Chacune des cartes \u00e0 jouer affiche une teinte soigneusement s\u00e9lectionn\u00e9e dans la roue des couleurs&#8230; Combin\u00e9es, elles forment un magnifique d\u00e9grad\u00e9, ajoutant une touche de gaiet\u00e9 \u00e0 une partie de cartes.<\/p>\n<\/div>\n<div>\n<p class=\"prd-productprice\">Le jeu de cartes arc-en-ciel est joliment emball\u00e9 dans une bo\u00eete cadeau, ce qui en fait le cadeau id\u00e9al pour les amateurs de soir\u00e9es jeux.<\/p>\n<\/div>\n<div><\/div>\n<div>\n<p class=\"prd-productprice\">\n<\/div>","protected":false},"featured_media":141979,"template":"","meta":{"site-sidebar-layout":"default","site-content-layout":"","ast-site-content-layout":"default","site-content-style":"default","site-sidebar-style":"default","ast-global-header-display":"","ast-banner-title-visibility":"","ast-main-header-display":"","ast-hfb-above-header-display":"","ast-hfb-below-header-display":"","ast-hfb-mobile-header-display":"","site-post-title":"","ast-breadcrumbs-content":"","ast-featured-img":"","footer-sml-layout":"","ast-disable-related-posts":"","theme-transparent-header-meta":"default","adv-header-id-meta":"","stick-header-meta":"default","header-above-stick-meta":"","header-main-stick-meta":"","header-below-stick-meta":"","astra-migrate-meta-layouts":"set","ast-page-background-enabled":"default","ast-page-background-meta":{"desktop":{"background-color":"","background-image":"","background-repeat":"repeat","background-position":"center center","background-size":"auto","background-attachment":"scroll","background-type":"","background-media":"","overlay-type":"","overlay-color":"","overlay-opacity":"","overlay-gradient":""},"tablet":{"background-color":"","background-image":"","background-repeat":"repeat","background-position":"center center","background-size":"auto","background-attachment":"scroll","background-type":"","background-media":"","overlay-type":"","overlay-color":"","overlay-opacity":"","overlay-gradient":""},"mobile":{"background-color":"","background-image":"","background-repeat":"repeat","background-position":"center center","background-size":"auto","background-attachment":"scroll","background-type":"","background-media":"","overlay-type":"","overlay-color":"","overlay-opacity":"","overlay-gradient":""}},"ast-content-background-meta":{"desktop":{"background-color":"var(--ast-global-color-5)","background-image":"","background-repeat":"repeat","background-position":"center center","background-size":"auto","background-attachment":"scroll","background-type":"","background-media":"","overlay-type":"","overlay-color":"","overlay-opacity":"","overlay-gradient":""},"tablet":{"background-color":"var(--ast-global-color-5)","background-image":"","background-repeat":"repeat","background-position":"center center","background-size":"auto","background-attachment":"scroll","background-type":"","background-media":"","overlay-type":"","overlay-color":"","overlay-opacity":"","overlay-gradient":""},"mobile":{"background-color":"var(--ast-global-color-5)","background-image":"","background-repeat":"repeat","background-position":"center center","background-size":"auto","background-attachment":"scroll","background-type":"","background-media":"","overlay-type":"","overlay-color":"","overlay-opacity":"","overlay-gradient":""}}},"product_brand":[],"product_cat":[199,299,146,420,15],"product_tag":[],"class_list":{"0":"post-141977","1":"product","2":"type-product","3":"status-publish","4":"has-post-thumbnail","6":"product_cat-art-de-vivre","7":"product_cat-cadeaux","8":"product_cat-e-shop","9":"product_cat-jeux","10":"product_cat-non-classe","11":"desktop-align-left","12":"tablet-align-left","13":"mobile-align-left","14":"ast-product-gallery-layout-horizontal","15":"ast-qv-on-image","17":"first","18":"outofstock","19":"taxable","20":"shipping-taxable","21":"purchasable","22":"product-type-simple"},"_links":{"self":[{"href":"https:\/\/sentou.fr\/el\/wp-json\/wp\/v2\/product\/141977","targetHints":{"allow":["GET"]}}],"collection":[{"href":"https:\/\/sentou.fr\/el\/wp-json\/wp\/v2\/product"}],"about":[{"href":"https:\/\/sentou.fr\/el\/wp-json\/wp\/v2\/types\/product"}],"wp:featuredmedia":[{"embeddable":true,"href":"https:\/\/sentou.fr\/el\/wp-json\/wp\/v2\/media\/141979"}],"wp:attachment":[{"href":"https:\/\/sentou.fr\/el\/wp-json\/wp\/v2\/media?parent=141977"}],"wp:term":[{"taxonomy":"product_brand","embeddable":true,"href":"https:\/\/sentou.fr\/el\/wp-json\/wp\/v2\/product_brand?post=141977"},{"taxonomy":"product_cat","embeddable":true,"href":"https:\/\/sentou.fr\/el\/wp-json\/wp\/v2\/product_cat?post=141977"},{"taxonomy":"product_tag","embeddable":true,"href":"https:\/\/sentou.fr\/el\/wp-json\/wp\/v2\/product_tag?post=141977"}],"curies":[{"name":"wp","href":"https:\/\/api.w.org\/{rel}","templated":true}]}}