{"id":142244,"date":"2024-11-04T13:12:45","date_gmt":"2024-11-04T11:12:45","guid":{"rendered":"https:\/\/sentou.fr\/?post_type=product&#038;p=142244"},"modified":"2024-12-14T05:35:54","modified_gmt":"2024-12-14T03:35:54","slug":"boite-allumettes-longues","status":"publish","type":"product","link":"https:\/\/sentou.fr\/el\/produit\/boite-allumettes-longues\/","title":{"rendered":"BOITE ALLUMETTES longues"},"content":{"rendered":"<p><strong>Boite allumettes longues\u00a0<\/strong><\/p>\n<ul>\n<li><strong>Dimensions boite : <\/strong>Longueur 29cm x Largeur 6cm x Hauteur 5cm<\/li>\n<li><strong>Dimensions allumette : <\/strong>Longueur 28cm<\/li>\n<li><strong>Contenance :<\/strong> 45 allumettes<\/li>\n<li><strong>Mat\u00e9riaux : <\/strong>carton imprim\u00e9 en UK et allumettes bois<\/li>\n<li><strong>Coloris :<\/strong> 7 d\u00e9cors diff\u00e9rents<\/li>\n<li><strong>A faire br\u00fbler ou \u00e0 utiliser comme objet de d\u00e9coration<\/strong><\/li>\n<\/ul>","protected":false},"excerpt":{"rendered":"<p>Les boites d&rsquo;allumettes Archivist dans la version Longue et ses allumettes de 28cm sont parfaites pour la chemin\u00e9e, pour allumer les bougies mais \u00e9galement comme objet de d\u00e9coration.<\/p>\n<p style=\"font-weight: 400;\">Chaque motif est un dessin original r\u00e9alis\u00e9 par la marque, imprim\u00e9es et assembl\u00e9es au Royaume Uni.<\/p>","protected":false},"featured_media":142255,"template":"","meta":{"site-sidebar-layout":"default","site-content-layout":"","ast-site-content-layout":"default","site-content-style":"default","site-sidebar-style":"default","ast-global-header-display":"","ast-banner-title-visibility":"","ast-main-header-display":"","ast-hfb-above-header-display":"","ast-hfb-below-header-display":"","ast-hfb-mobile-header-display":"","site-post-title":"","ast-breadcrumbs-content":"","ast-featured-img":"","footer-sml-layout":"","ast-disable-related-posts":"","theme-transparent-header-meta":"default","adv-header-id-meta":"","stick-header-meta":"default","header-above-stick-meta":"","header-main-stick-meta":"","header-below-stick-meta":"","astra-migrate-meta-layouts":"set","ast-page-background-enabled":"default","ast-page-background-meta":{"desktop":{"background-color":"","background-image":"","background-repeat":"repeat","background-position":"center center","background-size":"auto","background-attachment":"scroll","background-type":"","background-media":"","overlay-type":"","overlay-color":"","overlay-opacity":"","overlay-gradient":""},"tablet":{"background-color":"","background-image":"","background-repeat":"repeat","background-position":"center center","background-size":"auto","background-attachment":"scroll","background-type":"","background-media":"","overlay-type":"","overlay-color":"","overlay-opacity":"","overlay-gradient":""},"mobile":{"background-color":"","background-image":"","background-repeat":"repeat","background-position":"center center","background-size":"auto","background-attachment":"scroll","background-type":"","background-media":"","overlay-type":"","overlay-color":"","overlay-opacity":"","overlay-gradient":""}},"ast-content-background-meta":{"desktop":{"background-color":"var(--ast-global-color-5)","background-image":"","background-repeat":"repeat","background-position":"center center","background-size":"auto","background-attachment":"scroll","background-type":"","background-media":"","overlay-type":"","overlay-color":"","overlay-opacity":"","overlay-gradient":""},"tablet":{"background-color":"var(--ast-global-color-5)","background-image":"","background-repeat":"repeat","background-position":"center center","background-size":"auto","background-attachment":"scroll","background-type":"","background-media":"","overlay-type":"","overlay-color":"","overlay-opacity":"","overlay-gradient":""},"mobile":{"background-color":"var(--ast-global-color-5)","background-image":"","background-repeat":"repeat","background-position":"center center","background-size":"auto","background-attachment":"scroll","background-type":"","background-media":"","overlay-type":"","overlay-color":"","overlay-opacity":"","overlay-gradient":""}}},"product_brand":[],"product_cat":[199,299,146,15],"product_tag":[],"class_list":{"0":"post-142244","1":"product","2":"type-product","3":"status-publish","4":"has-post-thumbnail","6":"product_cat-art-de-vivre","7":"product_cat-cadeaux","8":"product_cat-e-shop","9":"product_cat-non-classe","10":"desktop-align-left","11":"tablet-align-left","12":"mobile-align-left","13":"ast-product-gallery-layout-horizontal","14":"ast-product-single-variable","15":"ast-qv-on-image","17":"first","18":"instock","19":"taxable","20":"shipping-taxable","21":"purchasable","22":"product-type-variable"},"_links":{"self":[{"href":"https:\/\/sentou.fr\/el\/wp-json\/wp\/v2\/product\/142244","targetHints":{"allow":["GET"]}}],"collection":[{"href":"https:\/\/sentou.fr\/el\/wp-json\/wp\/v2\/product"}],"about":[{"href":"https:\/\/sentou.fr\/el\/wp-json\/wp\/v2\/types\/product"}],"wp:featuredmedia":[{"embeddable":true,"href":"https:\/\/sentou.fr\/el\/wp-json\/wp\/v2\/media\/142255"}],"wp:attachment":[{"href":"https:\/\/sentou.fr\/el\/wp-json\/wp\/v2\/media?parent=142244"}],"wp:term":[{"taxonomy":"product_brand","embeddable":true,"href":"https:\/\/sentou.fr\/el\/wp-json\/wp\/v2\/product_brand?post=142244"},{"taxonomy":"product_cat","embeddable":true,"href":"https:\/\/sentou.fr\/el\/wp-json\/wp\/v2\/product_cat?post=142244"},{"taxonomy":"product_tag","embeddable":true,"href":"https:\/\/sentou.fr\/el\/wp-json\/wp\/v2\/product_tag?post=142244"}],"curies":[{"name":"wp","href":"https:\/\/api.w.org\/{rel}","templated":true}]}}