{"id":142330,"date":"2024-11-08T21:12:53","date_gmt":"2024-11-08T19:12:53","guid":{"rendered":"https:\/\/sentou.fr\/?post_type=product&#038;p=142330"},"modified":"2024-12-13T20:43:22","modified_gmt":"2024-12-13T18:43:22","slug":"tapis-berbere-n3","status":"publish","type":"product","link":"https:\/\/sentou.fr\/el\/produit\/tapis-berbere-n3\/","title":{"rendered":"Tapis Berb\u00e8re N\u00b03"},"content":{"rendered":"<p><strong>Mat\u00e9riau :<\/strong><\/p>\n<ul>\n<li>100% Pure laine \/trame coton<\/li>\n<li>tiss\u00e9 main au Maroc<\/li>\n<\/ul>\n<p><strong>Dimensions :<\/strong><\/p>\n<ul>\n<li>Largeur 155 cm<\/li>\n<li>Longueur \u00a0245 cm<\/li>\n<li>Pi\u00e8ce unique<\/li>\n<\/ul>","protected":false},"excerpt":{"rendered":"<div>\n<p>100% laine, tiss\u00e9 \u00e0 la main par des artisans marocains.<\/p>\n<\/div>\n<div>\n<p><strong>Dimensions : 245 x 155 cm<\/strong><\/p>\n<\/div>\n<div>\n<p>Chaque tapis est une \u00a0pi\u00e8ce unique<\/p>\n<\/div>\n<div>\n<p>Un d\u00e9tail \u00e0 conna\u00eetre: les tapis n&rsquo;ont pas de franges des 2 cot\u00e9s mais seulement sur l&rsquo;extr\u00e9mit\u00e9 o\u00f9 l&rsquo;artisane terminent son travail. C&rsquo;est un peu la signature de ce travail artisanal marocain.<\/p>\n<\/div>\n<div>\n<p><strong>Conseil d&rsquo;entretien :<\/strong><span class=\"apple-converted-space\">\u00a0<\/span>Votre tapis pourra perdre des poils pendant une quinzaine de jours apr\u00e8s votre achat, c&rsquo;est tout \u00e0 fait normal, ce sont les fils de laine coinc\u00e9s pendant le tissage. Entretien r\u00e9gulier avec une brosse \u00e0 sec, vous frottez d\u00e9licatement pour enlever poussi\u00e8res et salet\u00e9s. \u00a0N&rsquo;h\u00e9sitez pas \u00e0 le retourner et \u00e0 le secouer r\u00e9guli\u00e8rement. En cas de t\u00e2che, nettoyez imm\u00e9diatement avec de l&rsquo;eau et du savon de Marseille. Vous pouvez \u00e9galement le confier \u00e0 votre pressing<\/p>\n<\/div>","protected":false},"featured_media":142010,"template":"","meta":{"site-sidebar-layout":"default","site-content-layout":"","ast-site-content-layout":"default","site-content-style":"default","site-sidebar-style":"default","ast-global-header-display":"","ast-banner-title-visibility":"","ast-main-header-display":"","ast-hfb-above-header-display":"","ast-hfb-below-header-display":"","ast-hfb-mobile-header-display":"","site-post-title":"","ast-breadcrumbs-content":"","ast-featured-img":"","footer-sml-layout":"","ast-disable-related-posts":"","theme-transparent-header-meta":"default","adv-header-id-meta":"","stick-header-meta":"default","header-above-stick-meta":"","header-main-stick-meta":"","header-below-stick-meta":"","astra-migrate-meta-layouts":"set","ast-page-background-enabled":"default","ast-page-background-meta":{"desktop":{"background-color":"","background-image":"","background-repeat":"repeat","background-position":"center center","background-size":"auto","background-attachment":"scroll","background-type":"","background-media":"","overlay-type":"","overlay-color":"","overlay-opacity":"","overlay-gradient":""},"tablet":{"background-color":"","background-image":"","background-repeat":"repeat","background-position":"center center","background-size":"auto","background-attachment":"scroll","background-type":"","background-media":"","overlay-type":"","overlay-color":"","overlay-opacity":"","overlay-gradient":""},"mobile":{"background-color":"","background-image":"","background-repeat":"repeat","background-position":"center center","background-size":"auto","background-attachment":"scroll","background-type":"","background-media":"","overlay-type":"","overlay-color":"","overlay-opacity":"","overlay-gradient":""}},"ast-content-background-meta":{"desktop":{"background-color":"var(--ast-global-color-5)","background-image":"","background-repeat":"repeat","background-position":"center center","background-size":"auto","background-attachment":"scroll","background-type":"","background-media":"","overlay-type":"","overlay-color":"","overlay-opacity":"","overlay-gradient":""},"tablet":{"background-color":"var(--ast-global-color-5)","background-image":"","background-repeat":"repeat","background-position":"center center","background-size":"auto","background-attachment":"scroll","background-type":"","background-media":"","overlay-type":"","overlay-color":"","overlay-opacity":"","overlay-gradient":""},"mobile":{"background-color":"var(--ast-global-color-5)","background-image":"","background-repeat":"repeat","background-position":"center center","background-size":"auto","background-attachment":"scroll","background-type":"","background-media":"","overlay-type":"","overlay-color":"","overlay-opacity":"","overlay-gradient":""}}},"product_brand":[],"product_cat":[299,19,146,15,514,572],"product_tag":[],"class_list":{"0":"post-142330","1":"product","2":"type-product","3":"status-publish","4":"has-post-thumbnail","6":"product_cat-cadeaux","7":"product_cat-deco","8":"product_cat-e-shop","9":"product_cat-non-classe","10":"product_cat-tapis","11":"product_cat-textiles","12":"desktop-align-left","13":"tablet-align-left","14":"mobile-align-left","15":"ast-product-gallery-layout-horizontal","16":"ast-product-gallery-with-no-image","17":"ast-qv-on-image","19":"first","20":"instock","21":"taxable","22":"shipping-taxable","23":"purchasable","24":"product-type-simple"},"_links":{"self":[{"href":"https:\/\/sentou.fr\/el\/wp-json\/wp\/v2\/product\/142330","targetHints":{"allow":["GET"]}}],"collection":[{"href":"https:\/\/sentou.fr\/el\/wp-json\/wp\/v2\/product"}],"about":[{"href":"https:\/\/sentou.fr\/el\/wp-json\/wp\/v2\/types\/product"}],"wp:featuredmedia":[{"embeddable":true,"href":"https:\/\/sentou.fr\/el\/wp-json\/wp\/v2\/media\/142010"}],"wp:attachment":[{"href":"https:\/\/sentou.fr\/el\/wp-json\/wp\/v2\/media?parent=142330"}],"wp:term":[{"taxonomy":"product_brand","embeddable":true,"href":"https:\/\/sentou.fr\/el\/wp-json\/wp\/v2\/product_brand?post=142330"},{"taxonomy":"product_cat","embeddable":true,"href":"https:\/\/sentou.fr\/el\/wp-json\/wp\/v2\/product_cat?post=142330"},{"taxonomy":"product_tag","embeddable":true,"href":"https:\/\/sentou.fr\/el\/wp-json\/wp\/v2\/product_tag?post=142330"}],"curies":[{"name":"wp","href":"https:\/\/api.w.org\/{rel}","templated":true}]}}