{"id":142384,"date":"2024-11-12T22:05:04","date_gmt":"2024-11-12T20:05:04","guid":{"rendered":"https:\/\/sentou.fr\/?post_type=product&#038;p=142384"},"modified":"2025-04-04T17:56:26","modified_gmt":"2025-04-04T15:56:26","slug":"metal-wall-relief-heart","status":"publish","type":"product","link":"https:\/\/sentou.fr\/el\/produit\/metal-wall-relief-heart\/","title":{"rendered":"Metal Wall Relief Heart"},"content":{"rendered":"<p><strong>Designer: Alexander Girard, 1966<\/strong><\/p>\n<p><strong>Mat\u00e9riau : \u00a0<\/strong>100% Cuivre<\/p>\n<p><strong>Editeur : <\/strong>Vitra<\/p>\n<p><strong>Dimensions :<\/strong><\/p>\n<ul>\n<li>Hauteur \u00a038 cm<\/li>\n<li>Largeur \u00a0 43 cm<\/li>\n<li>Epaisseur 6cm<\/li>\n<\/ul>","protected":false},"excerpt":{"rendered":"<p><strong>COEUR par Alexander Girard, 1966<\/strong><\/p>\n<p><strong>COLLECTOR &#8211; l&rsquo;\u00e9dition VITRA est \u00e9puis\u00e9e depuis plusieurs ann\u00e9es, il nous en reste quelques exemplaires&#8230;<\/strong><\/p>\n<p style=\"font-weight: 400;\">Alexander Girard dessina les Metal Wall Reliefs en tant que d\u00e9corations murales pour le restaurant The Compound et pour sa propre maison \u00e0 Santa Fe.<\/p>\n<p style=\"font-weight: 400;\">Le motif Heart est r\u00e9alis\u00e9 en cuivre massif<\/p>\n<p style=\"font-weight: 400;\">Le designer Alexander Girard compte parmi les personnalit\u00e9s marquantes de l\u2019histoire du design am\u00e9ricain de l\u2019apr\u00e8s-guerre, au m\u00eame titre que ses coll\u00e8gues George Nelson et Charles et Ray Eames. L&rsquo;\u0153uvre de Girard \u00e9tait ax\u00e9e avant tout sur le design textile, mais il se distingua \u00e9galement en tant que graphiste, cr\u00e9ateur de mobilier, sc\u00e9nographe et designer d\u2019int\u00e9rieur. Girard a apport\u00e9 au design du XXe si\u00e8cle une dimension s\u00e9duisante et ludique qui manquait \u00e0 l&rsquo;esth\u00e9tique aust\u00e8re du modernisme classique.<\/p>\n<p style=\"font-weight: 400;\">Girard a accord\u00e9 la m\u00eame attention \u00e0 chaque surface visible dans un int\u00e9rieur. Les plafonds, les murs et les sols ont \u00e9t\u00e9 \u00e9labor\u00e9s avec le plus grand soin et assortis aux objets mobiliers de la pi\u00e8ce. S\u00e9lectionn\u00e9s en coop\u00e9ration avec la famille Girard, les motifs Sun and Heart sont fabriqu\u00e9s en mat\u00e9riaux m\u00e9talliques robustes.<\/p>","protected":false},"featured_media":142359,"template":"","meta":{"site-sidebar-layout":"default","site-content-layout":"","ast-site-content-layout":"default","site-content-style":"default","site-sidebar-style":"default","ast-global-header-display":"","ast-banner-title-visibility":"","ast-main-header-display":"","ast-hfb-above-header-display":"","ast-hfb-below-header-display":"","ast-hfb-mobile-header-display":"","site-post-title":"","ast-breadcrumbs-content":"","ast-featured-img":"","footer-sml-layout":"","ast-disable-related-posts":"","theme-transparent-header-meta":"default","adv-header-id-meta":"","stick-header-meta":"default","header-above-stick-meta":"","header-main-stick-meta":"","header-below-stick-meta":"","astra-migrate-meta-layouts":"set","ast-page-background-enabled":"default","ast-page-background-meta":{"desktop":{"background-color":"","background-image":"","background-repeat":"repeat","background-position":"center center","background-size":"auto","background-attachment":"scroll","background-type":"","background-media":"","overlay-type":"","overlay-color":"","overlay-opacity":"","overlay-gradient":""},"tablet":{"background-color":"","background-image":"","background-repeat":"repeat","background-position":"center center","background-size":"auto","background-attachment":"scroll","background-type":"","background-media":"","overlay-type":"","overlay-color":"","overlay-opacity":"","overlay-gradient":""},"mobile":{"background-color":"","background-image":"","background-repeat":"repeat","background-position":"center center","background-size":"auto","background-attachment":"scroll","background-type":"","background-media":"","overlay-type":"","overlay-color":"","overlay-opacity":"","overlay-gradient":""}},"ast-content-background-meta":{"desktop":{"background-color":"var(--ast-global-color-5)","background-image":"","background-repeat":"repeat","background-position":"center center","background-size":"auto","background-attachment":"scroll","background-type":"","background-media":"","overlay-type":"","overlay-color":"","overlay-opacity":"","overlay-gradient":""},"tablet":{"background-color":"var(--ast-global-color-5)","background-image":"","background-repeat":"repeat","background-position":"center center","background-size":"auto","background-attachment":"scroll","background-type":"","background-media":"","overlay-type":"","overlay-color":"","overlay-opacity":"","overlay-gradient":""},"mobile":{"background-color":"var(--ast-global-color-5)","background-image":"","background-repeat":"repeat","background-position":"center center","background-size":"auto","background-attachment":"scroll","background-type":"","background-media":"","overlay-type":"","overlay-color":"","overlay-opacity":"","overlay-gradient":""}}},"product_brand":[],"product_cat":[436,299,236,570,146,91,15],"product_tag":[],"class_list":{"0":"post-142384","1":"product","2":"type-product","3":"status-publish","4":"has-post-thumbnail","6":"product_cat-alexander-girard","7":"product_cat-cadeaux","8":"product_cat-cadres","9":"product_cat-collectors","10":"product_cat-e-shop","11":"product_cat-miroirs","12":"product_cat-non-classe","13":"desktop-align-left","14":"tablet-align-left","15":"mobile-align-left","16":"ast-product-gallery-layout-horizontal","17":"ast-product-gallery-with-no-image","18":"ast-qv-on-image","20":"first","21":"outofstock","22":"taxable","23":"shipping-taxable","24":"purchasable","25":"product-type-simple"},"_links":{"self":[{"href":"https:\/\/sentou.fr\/el\/wp-json\/wp\/v2\/product\/142384","targetHints":{"allow":["GET"]}}],"collection":[{"href":"https:\/\/sentou.fr\/el\/wp-json\/wp\/v2\/product"}],"about":[{"href":"https:\/\/sentou.fr\/el\/wp-json\/wp\/v2\/types\/product"}],"wp:featuredmedia":[{"embeddable":true,"href":"https:\/\/sentou.fr\/el\/wp-json\/wp\/v2\/media\/142359"}],"wp:attachment":[{"href":"https:\/\/sentou.fr\/el\/wp-json\/wp\/v2\/media?parent=142384"}],"wp:term":[{"taxonomy":"product_brand","embeddable":true,"href":"https:\/\/sentou.fr\/el\/wp-json\/wp\/v2\/product_brand?post=142384"},{"taxonomy":"product_cat","embeddable":true,"href":"https:\/\/sentou.fr\/el\/wp-json\/wp\/v2\/product_cat?post=142384"},{"taxonomy":"product_tag","embeddable":true,"href":"https:\/\/sentou.fr\/el\/wp-json\/wp\/v2\/product_tag?post=142384"}],"curies":[{"name":"wp","href":"https:\/\/api.w.org\/{rel}","templated":true}]}}