{"id":142390,"date":"2024-11-13T20:14:45","date_gmt":"2024-11-13T18:14:45","guid":{"rendered":"https:\/\/sentou.fr\/?post_type=product&#038;p=142390"},"modified":"2025-04-24T21:55:38","modified_gmt":"2025-04-24T19:55:38","slug":"neon-oeil","status":"publish","type":"product","link":"https:\/\/sentou.fr\/el\/produit\/neon-oeil\/","title":{"rendered":"Lampe N\u00e9on Oeil"},"content":{"rendered":"<ul style=\"font-weight: 400;\">\n<li><strong>Dimensions<\/strong> : largeur 48 x \u00a0hauteur 27,5 cm<\/li>\n<li><strong>Couleurs :<\/strong> rose et blanc<\/li>\n<li><strong>Mat\u00e9riaux:<\/strong> support acrylique recycl\u00e9 transparent invisible et fil lumineux LED<\/li>\n<li><strong>Alimentation<\/strong> : USB ( la lampe est vendue avec la prise USB int\u00e9gr\u00e9e)<\/li>\n<\/ul>","protected":false},"excerpt":{"rendered":"<p style=\"font-weight: 400;\">Un n\u00e9on qui vous tape \u00e0 l&rsquo;oeil\u00a0!<\/p>\n<p style=\"font-weight: 400;\">Un objet lumineux, un clin d&rsquo;oeil dans votre int\u00e9rieur,&#8230; il trouvera sa place dans votre chambre en lampe de chevet, dans votre biblioth\u00e8que illuminant vos livres et vos objets, dans votre entr\u00e9e comme un clin d&rsquo;oeil \u00e0 vos invit\u00e9s, bref,&#8230; dans chaque recoin de la maison il ne laissera personne indiff\u00e8rent&#8230;<\/p>\n<p>Tr\u00e8s int\u00e9ressante lumi\u00e8re d&rsquo;ambiance, facile \u00e0 installer et vendu avec sa prise USB<\/p>","protected":false},"featured_media":142392,"template":"","meta":{"site-sidebar-layout":"default","site-content-layout":"","ast-site-content-layout":"default","site-content-style":"default","site-sidebar-style":"default","ast-global-header-display":"","ast-banner-title-visibility":"","ast-main-header-display":"","ast-hfb-above-header-display":"","ast-hfb-below-header-display":"","ast-hfb-mobile-header-display":"","site-post-title":"","ast-breadcrumbs-content":"","ast-featured-img":"","footer-sml-layout":"","ast-disable-related-posts":"","theme-transparent-header-meta":"default","adv-header-id-meta":"","stick-header-meta":"default","header-above-stick-meta":"","header-main-stick-meta":"","header-below-stick-meta":"","astra-migrate-meta-layouts":"set","ast-page-background-enabled":"default","ast-page-background-meta":{"desktop":{"background-color":"","background-image":"","background-repeat":"repeat","background-position":"center center","background-size":"auto","background-attachment":"scroll","background-type":"","background-media":"","overlay-type":"","overlay-color":"","overlay-opacity":"","overlay-gradient":""},"tablet":{"background-color":"","background-image":"","background-repeat":"repeat","background-position":"center center","background-size":"auto","background-attachment":"scroll","background-type":"","background-media":"","overlay-type":"","overlay-color":"","overlay-opacity":"","overlay-gradient":""},"mobile":{"background-color":"","background-image":"","background-repeat":"repeat","background-position":"center center","background-size":"auto","background-attachment":"scroll","background-type":"","background-media":"","overlay-type":"","overlay-color":"","overlay-opacity":"","overlay-gradient":""}},"ast-content-background-meta":{"desktop":{"background-color":"var(--ast-global-color-5)","background-image":"","background-repeat":"repeat","background-position":"center center","background-size":"auto","background-attachment":"scroll","background-type":"","background-media":"","overlay-type":"","overlay-color":"","overlay-opacity":"","overlay-gradient":""},"tablet":{"background-color":"var(--ast-global-color-5)","background-image":"","background-repeat":"repeat","background-position":"center center","background-size":"auto","background-attachment":"scroll","background-type":"","background-media":"","overlay-type":"","overlay-color":"","overlay-opacity":"","overlay-gradient":""},"mobile":{"background-color":"var(--ast-global-color-5)","background-image":"","background-repeat":"repeat","background-position":"center center","background-size":"auto","background-attachment":"scroll","background-type":"","background-media":"","overlay-type":"","overlay-color":"","overlay-opacity":"","overlay-gradient":""}}},"product_brand":[],"product_cat":[299,236,19,573,146,17,15],"product_tag":[],"class_list":{"0":"post-142390","1":"product","2":"type-product","3":"status-publish","4":"has-post-thumbnail","6":"product_cat-cadeaux","7":"product_cat-cadres","8":"product_cat-deco","9":"product_cat-design","10":"product_cat-e-shop","11":"product_cat-luminaires","12":"product_cat-non-classe","13":"desktop-align-left","14":"tablet-align-left","15":"mobile-align-left","16":"ast-product-gallery-layout-horizontal","17":"ast-qv-on-image","19":"first","20":"instock","21":"taxable","22":"shipping-taxable","23":"purchasable","24":"product-type-simple"},"_links":{"self":[{"href":"https:\/\/sentou.fr\/el\/wp-json\/wp\/v2\/product\/142390","targetHints":{"allow":["GET"]}}],"collection":[{"href":"https:\/\/sentou.fr\/el\/wp-json\/wp\/v2\/product"}],"about":[{"href":"https:\/\/sentou.fr\/el\/wp-json\/wp\/v2\/types\/product"}],"wp:featuredmedia":[{"embeddable":true,"href":"https:\/\/sentou.fr\/el\/wp-json\/wp\/v2\/media\/142392"}],"wp:attachment":[{"href":"https:\/\/sentou.fr\/el\/wp-json\/wp\/v2\/media?parent=142390"}],"wp:term":[{"taxonomy":"product_brand","embeddable":true,"href":"https:\/\/sentou.fr\/el\/wp-json\/wp\/v2\/product_brand?post=142390"},{"taxonomy":"product_cat","embeddable":true,"href":"https:\/\/sentou.fr\/el\/wp-json\/wp\/v2\/product_cat?post=142390"},{"taxonomy":"product_tag","embeddable":true,"href":"https:\/\/sentou.fr\/el\/wp-json\/wp\/v2\/product_tag?post=142390"}],"curies":[{"name":"wp","href":"https:\/\/api.w.org\/{rel}","templated":true}]}}