{"id":142444,"date":"2024-11-15T20:07:43","date_gmt":"2024-11-15T18:07:43","guid":{"rendered":"https:\/\/sentou.fr\/?post_type=product&#038;p=142444"},"modified":"2024-12-18T15:38:48","modified_gmt":"2024-12-18T13:38:48","slug":"coussins-wax-rectangle-gm-60-x-40","status":"publish","type":"product","link":"https:\/\/sentou.fr\/el\/produit\/coussins-wax-rectangle-gm-60-x-40\/","title":{"rendered":"Coussins WAX rectangle GM 60 x 40"},"content":{"rendered":"<ul>\n<li><strong>Mat\u00e9riau: <\/strong>Housse <span style=\"font-size: 16px;\">Wax \u00a0100% coton <\/span><\/li>\n<li><strong><span style=\"font-size: 16px;\">Dimensions Housses: \u00a0 <\/span><\/strong><span style=\"font-size: 16px;\">Rectangle GM : 40cm x 60cm<\/span><\/li>\n<li><strong style=\"font-size: 16px; font-style: normal;\">Int\u00e9rieur Garnissage :<\/strong><span style=\"font-size: 16px; font-style: normal;\"> 100% Flotex (fibre polyester creuse silicon\u00e9e)<\/span><\/li>\n<\/ul>\n<ul>\n<li><strong>Entretien: \u00a0<\/strong><span style=\"font-size: 16px;\">Nettoyage \u00e0 sec recommand\u00e9 \/ <\/span><span style=\"font-size: 16px;\">Lavage \u00e0 froid \u00e0 la main ou en machine cycle court et d\u00e9licat possible\/ <\/span><span style=\"font-size: 16px;\">Laver seul ou avec des couleurs similaires \/ <\/span><span style=\"font-size: 16px;\">S\u00e9chage \u00e0 plat \u00e0 l&rsquo;air libre\/ S\u00e9chage en tambour interdit<\/span><\/li>\n<\/ul>","protected":false},"excerpt":{"rendered":"<p>Une collection exclusive de coussins Wax aux motifs graphiques et color\u00e9s,<\/p>\n<p>Les housses de coussin WAX de Sentou sont produites en toute petite s\u00e9rie \u00e0 partir de tissus africains WAX 100% coton que nous avons s\u00e9lectionn\u00e9.<\/p>\n<p>Tr\u00e8s d\u00e9coratifs, ils se marient facilement \u00e0 tous les styles de d\u00e9co, du plus classique au plus contemporain, n&rsquo;h\u00e9sitez pas \u00e0 les assortir !<\/p>\n<p><strong>Coussin complet incluant la housse et le garnissage<\/strong><\/p>","protected":false},"featured_media":141944,"template":"","meta":{"site-sidebar-layout":"default","site-content-layout":"default","ast-site-content-layout":"default","site-content-style":"default","site-sidebar-style":"default","ast-global-header-display":"","ast-banner-title-visibility":"","ast-main-header-display":"","ast-hfb-above-header-display":"","ast-hfb-below-header-display":"","ast-hfb-mobile-header-display":"","site-post-title":"","ast-breadcrumbs-content":"","ast-featured-img":"","footer-sml-layout":"","ast-disable-related-posts":"","theme-transparent-header-meta":"default","adv-header-id-meta":"","stick-header-meta":"default","header-above-stick-meta":"","header-main-stick-meta":"","header-below-stick-meta":"","astra-migrate-meta-layouts":"set","ast-page-background-enabled":"default","ast-page-background-meta":{"desktop":{"background-color":"","background-image":"","background-repeat":"repeat","background-position":"center center","background-size":"auto","background-attachment":"scroll","background-type":"","background-media":"","overlay-type":"","overlay-color":"","overlay-opacity":"","overlay-gradient":""},"tablet":{"background-color":"","background-image":"","background-repeat":"repeat","background-position":"center center","background-size":"auto","background-attachment":"scroll","background-type":"","background-media":"","overlay-type":"","overlay-color":"","overlay-opacity":"","overlay-gradient":""},"mobile":{"background-color":"","background-image":"","background-repeat":"repeat","background-position":"center center","background-size":"auto","background-attachment":"scroll","background-type":"","background-media":"","overlay-type":"","overlay-color":"","overlay-opacity":"","overlay-gradient":""}},"ast-content-background-meta":{"desktop":{"background-color":"var(--ast-global-color-5)","background-image":"","background-repeat":"repeat","background-position":"center center","background-size":"auto","background-attachment":"scroll","background-type":"","background-media":"","overlay-type":"","overlay-color":"","overlay-opacity":"","overlay-gradient":""},"tablet":{"background-color":"var(--ast-global-color-5)","background-image":"","background-repeat":"repeat","background-position":"center center","background-size":"auto","background-attachment":"scroll","background-type":"","background-media":"","overlay-type":"","overlay-color":"","overlay-opacity":"","overlay-gradient":""},"mobile":{"background-color":"var(--ast-global-color-5)","background-image":"","background-repeat":"repeat","background-position":"center center","background-size":"auto","background-attachment":"scroll","background-type":"","background-media":"","overlay-type":"","overlay-color":"","overlay-opacity":"","overlay-gradient":""}}},"product_brand":[],"product_cat":[348,19,572],"product_tag":[],"class_list":{"0":"post-142444","1":"product","2":"type-product","3":"status-publish","4":"has-post-thumbnail","6":"product_cat-coussins","7":"product_cat-deco","8":"product_cat-textiles","9":"desktop-align-left","10":"tablet-align-left","11":"mobile-align-left","12":"ast-product-gallery-layout-horizontal","13":"ast-product-single-variable","14":"ast-qv-on-image","16":"first","17":"instock","18":"taxable","19":"shipping-taxable","20":"purchasable","21":"product-type-variable"},"_links":{"self":[{"href":"https:\/\/sentou.fr\/el\/wp-json\/wp\/v2\/product\/142444","targetHints":{"allow":["GET"]}}],"collection":[{"href":"https:\/\/sentou.fr\/el\/wp-json\/wp\/v2\/product"}],"about":[{"href":"https:\/\/sentou.fr\/el\/wp-json\/wp\/v2\/types\/product"}],"wp:featuredmedia":[{"embeddable":true,"href":"https:\/\/sentou.fr\/el\/wp-json\/wp\/v2\/media\/141944"}],"wp:attachment":[{"href":"https:\/\/sentou.fr\/el\/wp-json\/wp\/v2\/media?parent=142444"}],"wp:term":[{"taxonomy":"product_brand","embeddable":true,"href":"https:\/\/sentou.fr\/el\/wp-json\/wp\/v2\/product_brand?post=142444"},{"taxonomy":"product_cat","embeddable":true,"href":"https:\/\/sentou.fr\/el\/wp-json\/wp\/v2\/product_cat?post=142444"},{"taxonomy":"product_tag","embeddable":true,"href":"https:\/\/sentou.fr\/el\/wp-json\/wp\/v2\/product_tag?post=142444"}],"curies":[{"name":"wp","href":"https:\/\/api.w.org\/{rel}","templated":true}]}}