{"id":142611,"date":"2024-11-19T13:27:51","date_gmt":"2024-11-19T11:27:51","guid":{"rendered":"https:\/\/sentou.fr\/?post_type=product&#038;p=142611"},"modified":"2024-12-14T13:38:37","modified_gmt":"2024-12-14T11:38:37","slug":"etoiles-twinkle-2","status":"publish","type":"product","link":"https:\/\/sentou.fr\/el\/produit\/etoiles-twinkle-2\/","title":{"rendered":"ETOILES TWINKLE"},"content":{"rendered":"<p style=\"font-weight: 400;\"><strong>Packaging : \u00a0 <\/strong><strong>Small <\/strong>: vendu par set de 6 \u00e9toiles coloris assortis \u00a0 \/ <strong>M\u00e9dium<\/strong> : vendu par set de 3 \u00e9toiles \u00a0\/ \u00a0<strong>Large<\/strong>\u00a0: vendu par set de 2 \u00e9toiles<\/p>\n<p style=\"font-weight: 400;\"><strong>Dimensions : \u00a0 Small<\/strong> : 12 cm \u00a0\/ <strong>Medium<\/strong> : 19 cm \u00a0\/ <strong>\u00a0Large<\/strong>\u00a0: 22,5 cm<\/p>\n<p style=\"font-weight: 400;\"><strong>Finition\/mati\u00e8re :\u00a0<\/strong>Papier s\u00e9rigraphi\u00e9<\/p>\n<p><strong>Coloris:<\/strong><\/p>\n<p><strong>Small\u00a0<\/strong>: 3 variantes couleurs \/prune\/bleu\/argent\/rose\/vert\/jaune fluo\/orange fluo\/<\/p>\n<p><strong>M\u00e9dium<\/strong>\u00a0: 1 variante couleurs \/argent\/rose\/orange fluo\/<\/p>\n<p><strong>Large<\/strong>\u00a0: 1 variante couleurs \/argent\/rose\/jaune fluo\/vert\/<\/p>\n<p style=\"font-weight: 400;\"><strong>Fils inclus dans les sachets pour suspendre les \u00e9toiles<\/strong><\/p>\n<p style=\"font-weight: 400;\">","protected":false},"excerpt":{"rendered":"<p><strong>Etoiles d\u00e9coratives en papier pour d\u00e9corer son sapin, sa table, pour cr\u00e9er un mobile et donner une touche Design \u00e0 l&rsquo;esprit de No\u00ebl<\/strong><\/p>\n<p style=\"font-weight: 400;\">Dessin\u00e9es par Clara von Zweigbergk, les \u00e9toiles \u00ab\u00a0Twinkle\u00a0\u00bb sont emball\u00e9es \u00e0 plat.<\/p>\n<p style=\"font-weight: 400;\">Elles peuvent \u00eatre pli\u00e9es pour leur donner un aspect plus tridimensionnel ou laiss\u00e9es \u00e0 plat. Livr\u00e9es avec un fil permettant de les suspendre \u00e0 votre arbre de No\u00ebl ou \u00e0 tout autre endroit de votre choix.<\/p>","protected":false},"featured_media":140454,"template":"","meta":{"site-sidebar-layout":"default","site-content-layout":"","ast-site-content-layout":"default","site-content-style":"default","site-sidebar-style":"default","ast-global-header-display":"","ast-banner-title-visibility":"","ast-main-header-display":"","ast-hfb-above-header-display":"","ast-hfb-below-header-display":"","ast-hfb-mobile-header-display":"","site-post-title":"","ast-breadcrumbs-content":"","ast-featured-img":"","footer-sml-layout":"","ast-disable-related-posts":"","theme-transparent-header-meta":"default","adv-header-id-meta":"","stick-header-meta":"default","header-above-stick-meta":"","header-main-stick-meta":"","header-below-stick-meta":"","astra-migrate-meta-layouts":"set","ast-page-background-enabled":"default","ast-page-background-meta":{"desktop":{"background-color":"","background-image":"","background-repeat":"repeat","background-position":"center center","background-size":"auto","background-attachment":"scroll","background-type":"","background-media":"","overlay-type":"","overlay-color":"","overlay-opacity":"","overlay-gradient":""},"tablet":{"background-color":"","background-image":"","background-repeat":"repeat","background-position":"center center","background-size":"auto","background-attachment":"scroll","background-type":"","background-media":"","overlay-type":"","overlay-color":"","overlay-opacity":"","overlay-gradient":""},"mobile":{"background-color":"","background-image":"","background-repeat":"repeat","background-position":"center center","background-size":"auto","background-attachment":"scroll","background-type":"","background-media":"","overlay-type":"","overlay-color":"","overlay-opacity":"","overlay-gradient":""}},"ast-content-background-meta":{"desktop":{"background-color":"var(--ast-global-color-5)","background-image":"","background-repeat":"repeat","background-position":"center center","background-size":"auto","background-attachment":"scroll","background-type":"","background-media":"","overlay-type":"","overlay-color":"","overlay-opacity":"","overlay-gradient":""},"tablet":{"background-color":"var(--ast-global-color-5)","background-image":"","background-repeat":"repeat","background-position":"center center","background-size":"auto","background-attachment":"scroll","background-type":"","background-media":"","overlay-type":"","overlay-color":"","overlay-opacity":"","overlay-gradient":""},"mobile":{"background-color":"var(--ast-global-color-5)","background-image":"","background-repeat":"repeat","background-position":"center center","background-size":"auto","background-attachment":"scroll","background-type":"","background-media":"","overlay-type":"","overlay-color":"","overlay-opacity":"","overlay-gradient":""}}},"product_brand":[],"product_cat":[299,19,146,90,15],"product_tag":[],"class_list":{"0":"post-142611","1":"product","2":"type-product","3":"status-publish","4":"has-post-thumbnail","6":"product_cat-cadeaux","7":"product_cat-deco","8":"product_cat-e-shop","9":"product_cat-mobiles","10":"product_cat-non-classe","11":"desktop-align-left","12":"tablet-align-left","13":"mobile-align-left","14":"ast-product-gallery-layout-horizontal","15":"ast-product-single-variable","16":"ast-qv-on-image","18":"first","19":"instock","20":"taxable","21":"shipping-taxable","22":"purchasable","23":"product-type-variable"},"_links":{"self":[{"href":"https:\/\/sentou.fr\/el\/wp-json\/wp\/v2\/product\/142611","targetHints":{"allow":["GET"]}}],"collection":[{"href":"https:\/\/sentou.fr\/el\/wp-json\/wp\/v2\/product"}],"about":[{"href":"https:\/\/sentou.fr\/el\/wp-json\/wp\/v2\/types\/product"}],"wp:featuredmedia":[{"embeddable":true,"href":"https:\/\/sentou.fr\/el\/wp-json\/wp\/v2\/media\/140454"}],"wp:attachment":[{"href":"https:\/\/sentou.fr\/el\/wp-json\/wp\/v2\/media?parent=142611"}],"wp:term":[{"taxonomy":"product_brand","embeddable":true,"href":"https:\/\/sentou.fr\/el\/wp-json\/wp\/v2\/product_brand?post=142611"},{"taxonomy":"product_cat","embeddable":true,"href":"https:\/\/sentou.fr\/el\/wp-json\/wp\/v2\/product_cat?post=142611"},{"taxonomy":"product_tag","embeddable":true,"href":"https:\/\/sentou.fr\/el\/wp-json\/wp\/v2\/product_tag?post=142611"}],"curies":[{"name":"wp","href":"https:\/\/api.w.org\/{rel}","templated":true}]}}