{"id":143197,"date":"2025-01-28T18:44:25","date_gmt":"2025-01-28T16:44:25","guid":{"rendered":"https:\/\/sentou.fr\/?post_type=product&#038;p=143197"},"modified":"2026-01-25T23:19:12","modified_gmt":"2026-01-25T21:19:12","slug":"livre-sentou-70ans-dhistoires","status":"publish","type":"product","link":"https:\/\/sentou.fr\/el\/produit\/livre-sentou-70ans-dhistoires\/","title":{"rendered":"Livre SENTOU 70ans d&rsquo;histoires"},"content":{"rendered":"<ul>\n<li><strong>Couverture: <\/strong>Souple reli\u00e9e<\/li>\n<li><strong>Format:<\/strong> 24<span style=\"font-size: 16px;\">cm \u00a0x 16,5cm<\/span><\/li>\n<li><strong>Edition: <\/strong>SENTOU<\/li>\n<li><strong>Ann\u00e9e de parution<\/strong> : 2017<\/li>\n<li><strong>Langue:<\/strong> Francais<\/li>\n<li><strong>Nombre de Pages :<\/strong> 112, <span style=\"font-size: 16px; font-style: normal;\">tr\u00e8s abondamment illustr\u00e9es en couleurs et en noir\/blanc\u00a0<\/span><\/li>\n<\/ul>\n<p>&nbsp;<\/p>\n<p>&nbsp;<\/p>","protected":false},"excerpt":{"rendered":"<p class=\"9ab89a9d\"><strong>L&rsquo;histoire de Sentou&#8230;<\/strong><\/p>\n<p>Ce livre raconte les 70 premi\u00e8res ann\u00e9es de Sentou, de la cr\u00e9ation de la soci\u00e9t\u00e9 par Robert Sentou en 1947 dans le P\u00e9rigord, son arriv\u00e9e \u00e0 Paris, les rencontres et collaborations avec les designers, les architectes, les prescripteurs, puis la p\u00e9riode sous la direction de Pierre Romanet, arriv\u00e9 en 1991&#8230; avec de nombreuses \u00e9ditions, de multiples expositions,&#8230;<\/p>\n<p>Un grand nombre d&rsquo;images d&rsquo;archives&#8230;<\/p>\n<p class=\"9ab89a9d\">","protected":false},"featured_media":143199,"template":"","meta":{"site-sidebar-layout":"default","site-content-layout":"default","ast-site-content-layout":"default","site-content-style":"default","site-sidebar-style":"default","ast-global-header-display":"","ast-banner-title-visibility":"","ast-main-header-display":"","ast-hfb-above-header-display":"","ast-hfb-below-header-display":"","ast-hfb-mobile-header-display":"","site-post-title":"","ast-breadcrumbs-content":"","ast-featured-img":"","footer-sml-layout":"","ast-disable-related-posts":"","theme-transparent-header-meta":"default","adv-header-id-meta":"","stick-header-meta":"default","header-above-stick-meta":"","header-main-stick-meta":"","header-below-stick-meta":"","astra-migrate-meta-layouts":"set","ast-page-background-enabled":"default","ast-page-background-meta":{"desktop":{"background-color":"","background-image":"","background-repeat":"repeat","background-position":"center center","background-size":"auto","background-attachment":"scroll","background-type":"","background-media":"","overlay-type":"","overlay-color":"","overlay-opacity":"","overlay-gradient":""},"tablet":{"background-color":"","background-image":"","background-repeat":"repeat","background-position":"center center","background-size":"auto","background-attachment":"scroll","background-type":"","background-media":"","overlay-type":"","overlay-color":"","overlay-opacity":"","overlay-gradient":""},"mobile":{"background-color":"","background-image":"","background-repeat":"repeat","background-position":"center center","background-size":"auto","background-attachment":"scroll","background-type":"","background-media":"","overlay-type":"","overlay-color":"","overlay-opacity":"","overlay-gradient":""}},"ast-content-background-meta":{"desktop":{"background-color":"var(--ast-global-color-5)","background-image":"","background-repeat":"repeat","background-position":"center center","background-size":"auto","background-attachment":"scroll","background-type":"","background-media":"","overlay-type":"","overlay-color":"","overlay-opacity":"","overlay-gradient":""},"tablet":{"background-color":"var(--ast-global-color-5)","background-image":"","background-repeat":"repeat","background-position":"center center","background-size":"auto","background-attachment":"scroll","background-type":"","background-media":"","overlay-type":"","overlay-color":"","overlay-opacity":"","overlay-gradient":""},"mobile":{"background-color":"var(--ast-global-color-5)","background-image":"","background-repeat":"repeat","background-position":"center center","background-size":"auto","background-attachment":"scroll","background-type":"","background-media":"","overlay-type":"","overlay-color":"","overlay-opacity":"","overlay-gradient":""}}},"product_brand":[],"product_cat":[199,299,570,67,200,73,72],"product_tag":[220],"class_list":{"0":"post-143197","1":"product","2":"type-product","3":"status-publish","4":"has-post-thumbnail","6":"product_cat-art-de-vivre","7":"product_cat-cadeaux","8":"product_cat-collectors","9":"product_cat-designers","10":"product_cat-livres","11":"product_cat-pierre-romanet","12":"product_cat-sentou","13":"product_tag-isamu-noguchi","14":"desktop-align-left","15":"tablet-align-left","16":"mobile-align-left","17":"ast-product-gallery-layout-horizontal","18":"ast-qv-on-image","20":"first","21":"instock","22":"taxable","23":"shipping-taxable","24":"purchasable","25":"product-type-simple"},"_links":{"self":[{"href":"https:\/\/sentou.fr\/el\/wp-json\/wp\/v2\/product\/143197","targetHints":{"allow":["GET"]}}],"collection":[{"href":"https:\/\/sentou.fr\/el\/wp-json\/wp\/v2\/product"}],"about":[{"href":"https:\/\/sentou.fr\/el\/wp-json\/wp\/v2\/types\/product"}],"wp:featuredmedia":[{"embeddable":true,"href":"https:\/\/sentou.fr\/el\/wp-json\/wp\/v2\/media\/143199"}],"wp:attachment":[{"href":"https:\/\/sentou.fr\/el\/wp-json\/wp\/v2\/media?parent=143197"}],"wp:term":[{"taxonomy":"product_brand","embeddable":true,"href":"https:\/\/sentou.fr\/el\/wp-json\/wp\/v2\/product_brand?post=143197"},{"taxonomy":"product_cat","embeddable":true,"href":"https:\/\/sentou.fr\/el\/wp-json\/wp\/v2\/product_cat?post=143197"},{"taxonomy":"product_tag","embeddable":true,"href":"https:\/\/sentou.fr\/el\/wp-json\/wp\/v2\/product_tag?post=143197"}],"curies":[{"name":"wp","href":"https:\/\/api.w.org\/{rel}","templated":true}]}}