{"id":143946,"date":"2025-11-27T12:21:25","date_gmt":"2025-11-27T10:21:25","guid":{"rendered":"https:\/\/sentou.fr\/?post_type=product&#038;p=143946"},"modified":"2025-12-11T17:40:46","modified_gmt":"2025-12-11T15:40:46","slug":"bouteilles-cosmos-xxl","status":"publish","type":"product","link":"https:\/\/sentou.fr\/el\/produit\/bouteilles-cosmos-xxl\/","title":{"rendered":"Bouteilles COSMOS XXL"},"content":{"rendered":"<p>Verre teint\u00e9 dans la masse<\/p>\n<p>Usage alimentaire \/ lave-vaisselle<\/p>\n<p><strong>Bouteille haute<\/strong> : diam\u00e8tre 17,5cm x Hauteur 87 cm<\/p>\n<ul>\n<li>Turquoise\/bouchon jaune<\/li>\n<li>Aubergine\/bouchon turquoise<\/li>\n<\/ul>\n<p><strong>Bouteille basse<\/strong> : diam\u00e8tre 24,5cm x Hauteur 60,5cm<\/p>\n<ul>\n<li>Verte\/bouchon rouge<\/li>\n<li>Rouge\/bouchon orange<\/li>\n<\/ul>\n<p>Bouchon : diam\u00e8tre 9cm x Hauteur 12cm<\/p>","protected":false},"excerpt":{"rendered":"<p>Les bouteilles COSMOS XXL sont spectaculaires dans cette grande taille, pr\u00e8s de 90cm pour la version haute et de 65cm pour la version basse. Elles sont fabriqu\u00e9es en verre color\u00e9, souffl\u00e9es \u00e0 la bouche et travaill\u00e9es \u00e0 la main Elles sont vendues \u00e0 l&rsquo;unit\u00e9 par mod\u00e8le.<\/p>\n<p><strong>Bouteille haute<\/strong> : diam\u00e8tre 17,5cm x Hauteur 87 cm<\/p>\n<ul>\n<li>Turquoise\/bouchon jaune<\/li>\n<li>Aubergine\/bouchon turquoise<\/li>\n<\/ul>\n<p><strong>Bouteille basse<\/strong> : diam\u00e8tre 24,5cm x Hauteur 60,5cm<\/p>\n<ul>\n<li>Verte\/bouchon rouge<\/li>\n<li>Rouge\/bouchon orange<\/li>\n<\/ul>\n<p>Usage alimentaire\/ Lave-vaisselle<\/p>","protected":false},"featured_media":11544,"template":"","meta":{"site-sidebar-layout":"default","site-content-layout":"default","ast-site-content-layout":"default","site-content-style":"default","site-sidebar-style":"default","ast-global-header-display":"","ast-banner-title-visibility":"","ast-main-header-display":"","ast-hfb-above-header-display":"","ast-hfb-below-header-display":"","ast-hfb-mobile-header-display":"","site-post-title":"","ast-breadcrumbs-content":"","ast-featured-img":"","footer-sml-layout":"","ast-disable-related-posts":"","theme-transparent-header-meta":"default","adv-header-id-meta":"","stick-header-meta":"default","header-above-stick-meta":"","header-main-stick-meta":"","header-below-stick-meta":"","astra-migrate-meta-layouts":"set","ast-page-background-enabled":"default","ast-page-background-meta":{"desktop":{"background-color":"","background-image":"","background-repeat":"repeat","background-position":"center center","background-size":"auto","background-attachment":"scroll","background-type":"","background-media":"","overlay-type":"","overlay-color":"","overlay-opacity":"","overlay-gradient":""},"tablet":{"background-color":"","background-image":"","background-repeat":"repeat","background-position":"center center","background-size":"auto","background-attachment":"scroll","background-type":"","background-media":"","overlay-type":"","overlay-color":"","overlay-opacity":"","overlay-gradient":""},"mobile":{"background-color":"","background-image":"","background-repeat":"repeat","background-position":"center center","background-size":"auto","background-attachment":"scroll","background-type":"","background-media":"","overlay-type":"","overlay-color":"","overlay-opacity":"","overlay-gradient":""}},"ast-content-background-meta":{"desktop":{"background-color":"var(--ast-global-color-5)","background-image":"","background-repeat":"repeat","background-position":"center center","background-size":"auto","background-attachment":"scroll","background-type":"","background-media":"","overlay-type":"","overlay-color":"","overlay-opacity":"","overlay-gradient":""},"tablet":{"background-color":"var(--ast-global-color-5)","background-image":"","background-repeat":"repeat","background-position":"center center","background-size":"auto","background-attachment":"scroll","background-type":"","background-media":"","overlay-type":"","overlay-color":"","overlay-opacity":"","overlay-gradient":""},"mobile":{"background-color":"var(--ast-global-color-5)","background-image":"","background-repeat":"repeat","background-position":"center center","background-size":"auto","background-attachment":"scroll","background-type":"","background-media":"","overlay-type":"","overlay-color":"","overlay-opacity":"","overlay-gradient":""}}},"product_brand":[],"product_cat":[26,299,146,87,88],"product_tag":[],"class_list":{"0":"post-143946","1":"product","2":"type-product","3":"status-publish","4":"has-post-thumbnail","6":"product_cat-art-de-la-table","7":"product_cat-cadeaux","8":"product_cat-e-shop","9":"product_cat-vaisselle","10":"product_cat-vases","11":"desktop-align-left","12":"tablet-align-left","13":"mobile-align-left","14":"ast-product-gallery-layout-horizontal","15":"ast-product-gallery-with-no-image","16":"ast-product-single-variable","17":"ast-qv-on-image","19":"first","20":"instock","21":"taxable","22":"shipping-taxable","23":"purchasable","24":"product-type-variable"},"_links":{"self":[{"href":"https:\/\/sentou.fr\/el\/wp-json\/wp\/v2\/product\/143946","targetHints":{"allow":["GET"]}}],"collection":[{"href":"https:\/\/sentou.fr\/el\/wp-json\/wp\/v2\/product"}],"about":[{"href":"https:\/\/sentou.fr\/el\/wp-json\/wp\/v2\/types\/product"}],"wp:featuredmedia":[{"embeddable":true,"href":"https:\/\/sentou.fr\/el\/wp-json\/wp\/v2\/media\/11544"}],"wp:attachment":[{"href":"https:\/\/sentou.fr\/el\/wp-json\/wp\/v2\/media?parent=143946"}],"wp:term":[{"taxonomy":"product_brand","embeddable":true,"href":"https:\/\/sentou.fr\/el\/wp-json\/wp\/v2\/product_brand?post=143946"},{"taxonomy":"product_cat","embeddable":true,"href":"https:\/\/sentou.fr\/el\/wp-json\/wp\/v2\/product_cat?post=143946"},{"taxonomy":"product_tag","embeddable":true,"href":"https:\/\/sentou.fr\/el\/wp-json\/wp\/v2\/product_tag?post=143946"}],"curies":[{"name":"wp","href":"https:\/\/api.w.org\/{rel}","templated":true}]}}