{"id":143967,"date":"2025-11-28T13:18:18","date_gmt":"2025-11-28T11:18:18","guid":{"rendered":"https:\/\/sentou.fr\/?post_type=product&#038;p=143967"},"modified":"2025-11-28T14:47:30","modified_gmt":"2025-11-28T12:47:30","slug":"mobile-posido","status":"publish","type":"product","link":"https:\/\/sentou.fr\/el\/produit\/mobile-posido\/","title":{"rendered":"Mobile POSIDO"},"content":{"rendered":"<ul>\n<li><strong>Dimensions :\u00a0<\/strong>\n<p style=\"font-weight: 400;\">Petit Mod\u00e8le: Largeur 50cm x Hauteur 75cm<\/p>\n<p style=\"font-weight: 400;\">Moyen Mod\u00e8le: Largeur 50cm x Hauteur 127cm<\/p>\n<p style=\"font-weight: 400;\">Grand Mod\u00e8le: Largeur 50cm x Hauteur 180cm<\/p>\n<\/li>\n<li><strong>Mat\u00e9riaux : <\/strong>boules h\u00eatre massif laqu\u00e9 et tiges en acier inoxydable<\/li>\n<li><strong>Peint \u00e0 la main avec une peinture \u00e9cologique \u00e0 base d&rsquo;eau.<\/strong><\/li>\n<li><strong>Coloris:<\/strong> blanc<\/li>\n<li><strong>Informations compl\u00e9mentaires :<\/strong> <span data-sheets-value=\"{&quot;1&quot;:2,&quot;2&quot;:&quot;Usage r\u00e9serv\u00e9 \u00e0 l'int\u00e9rieur&quot;}\" data-sheets-userformat=\"{&quot;2&quot;:6659,&quot;3&quot;:{&quot;1&quot;:0},&quot;4&quot;:{&quot;1&quot;:2,&quot;2&quot;:16777215},&quot;12&quot;:0,&quot;14&quot;:{&quot;1&quot;:2,&quot;2&quot;:0},&quot;15&quot;:&quot;Roboto, RobotoDraft, Helvetica, Arial, sans-serif&quot;}\">Usage r\u00e9serv\u00e9 \u00e0 l&rsquo;int\u00e9rieur<\/span><\/li>\n<\/ul>\n<hr \/>\n<p>Tout a commenc\u00e9 par une passion pour les mobiles suspendus, Judit Benach a commenc\u00e9 \u00e0 en cr\u00e9er pour son plaisir, d&rsquo;abord pour sa maison, puis pour quelques amis. Petit \u00e0 petit, elle a donn\u00e9 naissance \u00e0 SOLITO MOBILES.<\/p>\n<p>Judit fabrique ses mobiles artisanalement \u00e0 Majorque, en Espagne, influenc\u00e9e par la lumi\u00e8re de cette \u00eele m\u00e9diterran\u00e9enne qu\u2019elle aime plus que tout , mais aussi par l&rsquo;h\u00e9ritage artistique des grands artistes pluridisciplinaires du XXe si\u00e8cle tels qu\u2019Alexandre Calder, Joan Mir\u00f3 et ses couleurs dominantes, Malevich et sa g\u00e9om\u00e9trie sans pr\u00e9c\u00e9dent ou le design inventif de Bruno Munari.<\/p>","protected":false},"excerpt":{"rendered":"<p style=\"font-weight: 400;\">Posidon tire son nom de la Posidonia Oceanica, une esp\u00e8ce d&rsquo;herbe marine m\u00e9diterran\u00e9enne qui contribue grandement \u00e0 la transparence des eaux bleues de la M\u00e9diterran\u00e9e et qui joue un r\u00f4le essentiel dans l&rsquo;\u00e9cosyst\u00e8me sous-marin. Les courants et les frottements sur le fond marin des feuilles de la Posidonia forment de petites boules de fibres qui sont souvent rejet\u00e9es sur les plages, de la taille des boules de notre mobile. L\u00e0 est notre inspiration&#8230;<\/p>\n<p>Le mobile Posidon existe en trois tailles.<\/p>\n<p>Les mobiles SOLITO sont fabriqu\u00e9s \u00e0 la main et soigneusement \u00e9quilibr\u00e9s un par un<\/p>\n<ul>\n<li><strong>Mat\u00e9riaux : <\/strong>boules h\u00eatre massif laqu\u00e9 et tiges en acier inoxydable<\/li>\n<li><strong>Couleurs :<\/strong> blanc<\/li>\n<\/ul>","protected":false},"featured_media":143973,"template":"","meta":{"site-sidebar-layout":"default","site-content-layout":"default","ast-site-content-layout":"default","site-content-style":"default","site-sidebar-style":"default","ast-global-header-display":"","ast-banner-title-visibility":"","ast-main-header-display":"","ast-hfb-above-header-display":"","ast-hfb-below-header-display":"","ast-hfb-mobile-header-display":"","site-post-title":"","ast-breadcrumbs-content":"","ast-featured-img":"","footer-sml-layout":"","ast-disable-related-posts":"","theme-transparent-header-meta":"default","adv-header-id-meta":"","stick-header-meta":"default","header-above-stick-meta":"","header-main-stick-meta":"","header-below-stick-meta":"","astra-migrate-meta-layouts":"set","ast-page-background-enabled":"default","ast-page-background-meta":{"desktop":{"background-color":"","background-image":"","background-repeat":"repeat","background-position":"center center","background-size":"auto","background-attachment":"scroll","background-type":"","background-media":"","overlay-type":"","overlay-color":"","overlay-opacity":"","overlay-gradient":""},"tablet":{"background-color":"","background-image":"","background-repeat":"repeat","background-position":"center center","background-size":"auto","background-attachment":"scroll","background-type":"","background-media":"","overlay-type":"","overlay-color":"","overlay-opacity":"","overlay-gradient":""},"mobile":{"background-color":"","background-image":"","background-repeat":"repeat","background-position":"center center","background-size":"auto","background-attachment":"scroll","background-type":"","background-media":"","overlay-type":"","overlay-color":"","overlay-opacity":"","overlay-gradient":""}},"ast-content-background-meta":{"desktop":{"background-color":"var(--ast-global-color-5)","background-image":"","background-repeat":"repeat","background-position":"center center","background-size":"auto","background-attachment":"scroll","background-type":"","background-media":"","overlay-type":"","overlay-color":"","overlay-opacity":"","overlay-gradient":""},"tablet":{"background-color":"var(--ast-global-color-5)","background-image":"","background-repeat":"repeat","background-position":"center center","background-size":"auto","background-attachment":"scroll","background-type":"","background-media":"","overlay-type":"","overlay-color":"","overlay-opacity":"","overlay-gradient":""},"mobile":{"background-color":"var(--ast-global-color-5)","background-image":"","background-repeat":"repeat","background-position":"center center","background-size":"auto","background-attachment":"scroll","background-type":"","background-media":"","overlay-type":"","overlay-color":"","overlay-opacity":"","overlay-gradient":""}}},"product_brand":[],"product_cat":[19,299,573,146,202,90],"product_tag":[224,208],"class_list":{"0":"post-143967","1":"product","2":"type-product","3":"status-publish","4":"has-post-thumbnail","6":"product_cat-deco","7":"product_cat-cadeaux","8":"product_cat-design","9":"product_cat-e-shop","10":"product_cat-judit-benach","11":"product_cat-mobiles","12":"product_tag-judit-benach","13":"product_tag-solito-mobiles","14":"desktop-align-left","15":"tablet-align-left","16":"mobile-align-left","17":"ast-product-gallery-layout-horizontal","18":"ast-product-single-variable","19":"ast-qv-on-image","21":"first","22":"instock","23":"featured","24":"taxable","25":"shipping-taxable","26":"purchasable","27":"product-type-variable"},"_links":{"self":[{"href":"https:\/\/sentou.fr\/el\/wp-json\/wp\/v2\/product\/143967","targetHints":{"allow":["GET"]}}],"collection":[{"href":"https:\/\/sentou.fr\/el\/wp-json\/wp\/v2\/product"}],"about":[{"href":"https:\/\/sentou.fr\/el\/wp-json\/wp\/v2\/types\/product"}],"wp:featuredmedia":[{"embeddable":true,"href":"https:\/\/sentou.fr\/el\/wp-json\/wp\/v2\/media\/143973"}],"wp:attachment":[{"href":"https:\/\/sentou.fr\/el\/wp-json\/wp\/v2\/media?parent=143967"}],"wp:term":[{"taxonomy":"product_brand","embeddable":true,"href":"https:\/\/sentou.fr\/el\/wp-json\/wp\/v2\/product_brand?post=143967"},{"taxonomy":"product_cat","embeddable":true,"href":"https:\/\/sentou.fr\/el\/wp-json\/wp\/v2\/product_cat?post=143967"},{"taxonomy":"product_tag","embeddable":true,"href":"https:\/\/sentou.fr\/el\/wp-json\/wp\/v2\/product_tag?post=143967"}],"curies":[{"name":"wp","href":"https:\/\/api.w.org\/{rel}","templated":true}]}}