{"id":144021,"date":"2025-12-01T17:55:44","date_gmt":"2025-12-01T15:55:44","guid":{"rendered":"https:\/\/sentou.fr\/?post_type=product&#038;p=144021"},"modified":"2026-02-24T22:14:44","modified_gmt":"2026-02-24T20:14:44","slug":"pateres-tulip-set-de-4","status":"publish","type":"product","link":"https:\/\/sentou.fr\/el\/produit\/pateres-tulip-set-de-4\/","title":{"rendered":"Pat\u00e8res TULIP (set de 4)"},"content":{"rendered":"<ul>\n<li>\n<ul style=\"font-weight: 400;\">\n<li><strong>Dimensions:<\/strong><\/li>\n<li>Petite pat\u00e8re \u00a0D 4,7cm \u00a0x \u00e9paisseur 4,7 cm<\/li>\n<li>Grande pat\u00e8re \u00a0D 8,3cm x \u00e9paisseur 4,7 cm<\/li>\n<li><strong>Mat\u00e9riau :<\/strong> Polyr\u00e9sine<\/li>\n<li><strong>Autre :<\/strong> Vis M4 fournies<\/li>\n<\/ul>\n<p><strong>Couleurs assort\u00eement Multicolore<\/strong><\/p>\n<p>&nbsp;<\/li>\n<\/ul>","protected":false},"excerpt":{"rendered":"<p style=\"font-weight: 400;\"><strong>Mettez de la couleur dans votre quotidien<\/strong>\u00a0!<\/p>\n<p style=\"font-weight: 400;\"><strong>Set de 4 pat\u00e8res<\/strong><\/p>\n<p style=\"font-weight: 400;\">Rangez avec style gr\u00e2ce \u00e0 ce set de 4 crochets multicolores au design ludique : deux grands, deux petits crochets pour accrocher sacs, manteaux ou accessoires avec originalit\u00e9.<\/p>\n<p style=\"font-weight: 400;\"><strong>Pratiques dans toutes les pi\u00e8ces <\/strong>Fabriqu\u00e9s en polyr\u00e9sine r\u00e9sistante, ces pat\u00e8res sont aussi d\u00e9coratives qu&rsquo;utiles, Entr\u00e9e, salle de bain, chambre ou cuisine \u2013 elles s&rsquo;adaptent \u00e0 tous les espaces !<\/p>","protected":false},"featured_media":144033,"template":"","meta":{"site-sidebar-layout":"default","site-content-layout":"default","ast-site-content-layout":"default","site-content-style":"default","site-sidebar-style":"default","ast-global-header-display":"","ast-banner-title-visibility":"","ast-main-header-display":"","ast-hfb-above-header-display":"","ast-hfb-below-header-display":"","ast-hfb-mobile-header-display":"","site-post-title":"","ast-breadcrumbs-content":"","ast-featured-img":"","footer-sml-layout":"","ast-disable-related-posts":"","theme-transparent-header-meta":"default","adv-header-id-meta":"","stick-header-meta":"default","header-above-stick-meta":"","header-main-stick-meta":"","header-below-stick-meta":"","astra-migrate-meta-layouts":"set","ast-page-background-enabled":"default","ast-page-background-meta":{"desktop":{"background-color":"","background-image":"","background-repeat":"repeat","background-position":"center center","background-size":"auto","background-attachment":"scroll","background-type":"","background-media":"","overlay-type":"","overlay-color":"","overlay-opacity":"","overlay-gradient":""},"tablet":{"background-color":"","background-image":"","background-repeat":"repeat","background-position":"center center","background-size":"auto","background-attachment":"scroll","background-type":"","background-media":"","overlay-type":"","overlay-color":"","overlay-opacity":"","overlay-gradient":""},"mobile":{"background-color":"","background-image":"","background-repeat":"repeat","background-position":"center center","background-size":"auto","background-attachment":"scroll","background-type":"","background-media":"","overlay-type":"","overlay-color":"","overlay-opacity":"","overlay-gradient":""}},"ast-content-background-meta":{"desktop":{"background-color":"var(--ast-global-color-5)","background-image":"","background-repeat":"repeat","background-position":"center center","background-size":"auto","background-attachment":"scroll","background-type":"","background-media":"","overlay-type":"","overlay-color":"","overlay-opacity":"","overlay-gradient":""},"tablet":{"background-color":"var(--ast-global-color-5)","background-image":"","background-repeat":"repeat","background-position":"center center","background-size":"auto","background-attachment":"scroll","background-type":"","background-media":"","overlay-type":"","overlay-color":"","overlay-opacity":"","overlay-gradient":""},"mobile":{"background-color":"var(--ast-global-color-5)","background-image":"","background-repeat":"repeat","background-position":"center center","background-size":"auto","background-attachment":"scroll","background-type":"","background-media":"","overlay-type":"","overlay-color":"","overlay-opacity":"","overlay-gradient":""}}},"product_brand":[],"product_cat":[18,299,19,573,146,475,474],"product_tag":[221,211],"class_list":{"0":"post-144021","1":"product","2":"type-product","3":"status-publish","4":"has-post-thumbnail","6":"product_cat-mobilier","7":"product_cat-cadeaux","8":"product_cat-deco","9":"product_cat-design","10":"product_cat-e-shop","11":"product_cat-portemanteaux","12":"product_cat-porte-manteaux","13":"product_tag-roger-tallon","14":"product_tag-ts","15":"desktop-align-left","16":"tablet-align-left","17":"mobile-align-left","18":"ast-product-gallery-layout-horizontal","19":"ast-qv-on-image","21":"first","22":"instock","23":"taxable","24":"shipping-taxable","25":"purchasable","26":"product-type-simple"},"_links":{"self":[{"href":"https:\/\/sentou.fr\/el\/wp-json\/wp\/v2\/product\/144021","targetHints":{"allow":["GET"]}}],"collection":[{"href":"https:\/\/sentou.fr\/el\/wp-json\/wp\/v2\/product"}],"about":[{"href":"https:\/\/sentou.fr\/el\/wp-json\/wp\/v2\/types\/product"}],"wp:featuredmedia":[{"embeddable":true,"href":"https:\/\/sentou.fr\/el\/wp-json\/wp\/v2\/media\/144033"}],"wp:attachment":[{"href":"https:\/\/sentou.fr\/el\/wp-json\/wp\/v2\/media?parent=144021"}],"wp:term":[{"taxonomy":"product_brand","embeddable":true,"href":"https:\/\/sentou.fr\/el\/wp-json\/wp\/v2\/product_brand?post=144021"},{"taxonomy":"product_cat","embeddable":true,"href":"https:\/\/sentou.fr\/el\/wp-json\/wp\/v2\/product_cat?post=144021"},{"taxonomy":"product_tag","embeddable":true,"href":"https:\/\/sentou.fr\/el\/wp-json\/wp\/v2\/product_tag?post=144021"}],"curies":[{"name":"wp","href":"https:\/\/api.w.org\/{rel}","templated":true}]}}