{"id":144034,"date":"2025-12-01T13:23:57","date_gmt":"2025-12-01T11:23:57","guid":{"rendered":"https:\/\/sentou.fr\/?post_type=product&#038;p=144034"},"modified":"2026-02-07T15:04:48","modified_gmt":"2026-02-07T13:04:48","slug":"moulin-a-epices-remember","status":"publish","type":"product","link":"https:\/\/sentou.fr\/el\/produit\/moulin-a-epices-remember\/","title":{"rendered":"Moulin \u00e0 \u00e9pices Remember"},"content":{"rendered":"<p><strong>. Dimensions :<\/strong>\u00a0 Hauteur 18cm x diam 5.5 cm<\/p>\n<p><strong>. Mati\u00e8re :<\/strong> bois, acier, m\u00e9canisme de meulage en c\u00e9ramique<\/p>\n<p><strong>. Contenance :<\/strong> 18.5 ml<\/p>\n<p><strong>. Coloris:<\/strong>\u00a0 Ashley ( beige &amp; Tilleul) \u00a0et \u00a0Oliver ( vert &amp;Bleu)<\/p>","protected":false},"excerpt":{"rendered":"<p style=\"font-weight: 400;\">Ajoutez la touche finale \u00e0 vos plats avec style et apportez de l&rsquo;allure \u00e0 votre table avec ce moulin \u00e0 \u00e9pices.<\/p>\n<p style=\"font-weight: 400;\">Disposant d&rsquo;un int\u00e9rieur en acier et d&rsquo;un broyeur en c\u00e9ramique r\u00e9glable, ce moulin peut \u00eatre ajust\u00e9 selon les go\u00fbts.<\/p>\n<p style=\"font-weight: 400;\">Parfait pour le sel, le poivre ainsi que tous les autres grains d&rsquo;\u00e9pices !<\/p>\n<p style=\"font-weight: 400;\">","protected":false},"featured_media":144223,"template":"","meta":{"site-sidebar-layout":"default","site-content-layout":"default","ast-site-content-layout":"default","site-content-style":"default","site-sidebar-style":"default","ast-global-header-display":"","ast-banner-title-visibility":"","ast-main-header-display":"","ast-hfb-above-header-display":"","ast-hfb-below-header-display":"","ast-hfb-mobile-header-display":"","site-post-title":"","ast-breadcrumbs-content":"","ast-featured-img":"","footer-sml-layout":"","ast-disable-related-posts":"","theme-transparent-header-meta":"default","adv-header-id-meta":"","stick-header-meta":"default","header-above-stick-meta":"","header-main-stick-meta":"","header-below-stick-meta":"","astra-migrate-meta-layouts":"set","ast-page-background-enabled":"default","ast-page-background-meta":{"desktop":{"background-color":"","background-image":"","background-repeat":"repeat","background-position":"center center","background-size":"auto","background-attachment":"scroll","background-type":"","background-media":"","overlay-type":"","overlay-color":"","overlay-opacity":"","overlay-gradient":""},"tablet":{"background-color":"","background-image":"","background-repeat":"repeat","background-position":"center center","background-size":"auto","background-attachment":"scroll","background-type":"","background-media":"","overlay-type":"","overlay-color":"","overlay-opacity":"","overlay-gradient":""},"mobile":{"background-color":"","background-image":"","background-repeat":"repeat","background-position":"center center","background-size":"auto","background-attachment":"scroll","background-type":"","background-media":"","overlay-type":"","overlay-color":"","overlay-opacity":"","overlay-gradient":""}},"ast-content-background-meta":{"desktop":{"background-color":"var(--ast-global-color-5)","background-image":"","background-repeat":"repeat","background-position":"center center","background-size":"auto","background-attachment":"scroll","background-type":"","background-media":"","overlay-type":"","overlay-color":"","overlay-opacity":"","overlay-gradient":""},"tablet":{"background-color":"var(--ast-global-color-5)","background-image":"","background-repeat":"repeat","background-position":"center center","background-size":"auto","background-attachment":"scroll","background-type":"","background-media":"","overlay-type":"","overlay-color":"","overlay-opacity":"","overlay-gradient":""},"mobile":{"background-color":"var(--ast-global-color-5)","background-image":"","background-repeat":"repeat","background-position":"center center","background-size":"auto","background-attachment":"scroll","background-type":"","background-media":"","overlay-type":"","overlay-color":"","overlay-opacity":"","overlay-gradient":""}}},"product_brand":[],"product_cat":[201,26,199,299,146,87],"product_tag":[],"class_list":{"0":"post-144034","1":"product","2":"type-product","3":"status-publish","4":"has-post-thumbnail","6":"product_cat-accessoires","7":"product_cat-art-de-la-table","8":"product_cat-art-de-vivre","9":"product_cat-cadeaux","10":"product_cat-e-shop","11":"product_cat-vaisselle","12":"desktop-align-left","13":"tablet-align-left","14":"mobile-align-left","15":"ast-product-gallery-layout-horizontal","16":"ast-product-single-variable","17":"ast-qv-on-image","19":"first","20":"instock","21":"taxable","22":"shipping-taxable","23":"purchasable","24":"product-type-variable"},"_links":{"self":[{"href":"https:\/\/sentou.fr\/el\/wp-json\/wp\/v2\/product\/144034","targetHints":{"allow":["GET"]}}],"collection":[{"href":"https:\/\/sentou.fr\/el\/wp-json\/wp\/v2\/product"}],"about":[{"href":"https:\/\/sentou.fr\/el\/wp-json\/wp\/v2\/types\/product"}],"wp:featuredmedia":[{"embeddable":true,"href":"https:\/\/sentou.fr\/el\/wp-json\/wp\/v2\/media\/144223"}],"wp:attachment":[{"href":"https:\/\/sentou.fr\/el\/wp-json\/wp\/v2\/media?parent=144034"}],"wp:term":[{"taxonomy":"product_brand","embeddable":true,"href":"https:\/\/sentou.fr\/el\/wp-json\/wp\/v2\/product_brand?post=144034"},{"taxonomy":"product_cat","embeddable":true,"href":"https:\/\/sentou.fr\/el\/wp-json\/wp\/v2\/product_cat?post=144034"},{"taxonomy":"product_tag","embeddable":true,"href":"https:\/\/sentou.fr\/el\/wp-json\/wp\/v2\/product_tag?post=144034"}],"curies":[{"name":"wp","href":"https:\/\/api.w.org\/{rel}","templated":true}]}}