{"id":144039,"date":"2025-11-01T13:33:40","date_gmt":"2025-11-01T11:33:40","guid":{"rendered":"https:\/\/sentou.fr\/?post_type=product&#038;p=144039"},"modified":"2025-12-06T10:58:46","modified_gmt":"2025-12-06T08:58:46","slug":"boites-cosmos","status":"publish","type":"product","link":"https:\/\/sentou.fr\/el\/produit\/boites-cosmos\/","title":{"rendered":"Boites COSMOS"},"content":{"rendered":"<p>Verre teint\u00e9 dans la masse<\/p>\n<p>Usage alimentaire \/ lave-vaisselle<\/p>\n<p style=\"font-weight: 400;\"><strong>Boite Mod\u00e8le bas \u00d8 15cm x H18 cm<\/strong><\/p>\n<p style=\"font-weight: 400;\">mod\u00e8le corps aubergine, couvercle jaune<\/p>\n<p style=\"font-weight: 400;\"><strong>Boite Mod\u00e8le moyen \u00d815cm x H25 cm<\/strong><\/p>\n<p style=\"font-weight: 400;\">mod\u00e8le corps vert, couvercle rouge<\/p>\n<p style=\"font-weight: 400;\"><strong>Boite Mod\u00e8le haut \u00d812cm \u00a0x H30,5 cm<\/strong><\/p>\n<p style=\"font-weight: 400;\">mod\u00e8le corps bleu, couvercle rouge<\/p>\n<p style=\"font-weight: 400;\">","protected":false},"excerpt":{"rendered":"<p>Les bo\u00eetes COSMOS sont parfaites pour mettre de la couleur dans la maison. Elles sont fabriqu\u00e9es en verre color\u00e9, souffl\u00e9es \u00e0 la bouche et travaill\u00e9es \u00e0 la main.<\/p>\n<p>Elles sont vendues \u00e0 l&rsquo;unit\u00e9 par mod\u00e8le.<\/p>\n<p style=\"font-weight: 400;\"><strong>Boite Mod\u00e8le bas \u00d824,6cm x H25 cm<\/strong><\/p>\n<p style=\"font-weight: 400;\"><strong>Boite Mod\u00e8le moyen \u00d824,6cm x H25 cm<\/strong><\/p>\n<p style=\"font-weight: 400;\"><strong>Boite Mod\u00e8le haut \u00d822cm \u00a0x H30,6 cm<\/strong><\/p>\n<p><span style=\"font-size: 16px;\">Usage alimentaire\/ Lave-vaisselle<\/span><\/p>","protected":false},"featured_media":144050,"template":"","meta":{"site-sidebar-layout":"default","site-content-layout":"default","ast-site-content-layout":"default","site-content-style":"default","site-sidebar-style":"default","ast-global-header-display":"","ast-banner-title-visibility":"","ast-main-header-display":"","ast-hfb-above-header-display":"","ast-hfb-below-header-display":"","ast-hfb-mobile-header-display":"","site-post-title":"","ast-breadcrumbs-content":"","ast-featured-img":"","footer-sml-layout":"","ast-disable-related-posts":"","theme-transparent-header-meta":"default","adv-header-id-meta":"","stick-header-meta":"default","header-above-stick-meta":"","header-main-stick-meta":"","header-below-stick-meta":"","astra-migrate-meta-layouts":"set","ast-page-background-enabled":"default","ast-page-background-meta":{"desktop":{"background-color":"","background-image":"","background-repeat":"repeat","background-position":"center center","background-size":"auto","background-attachment":"scroll","background-type":"","background-media":"","overlay-type":"","overlay-color":"","overlay-opacity":"","overlay-gradient":""},"tablet":{"background-color":"","background-image":"","background-repeat":"repeat","background-position":"center center","background-size":"auto","background-attachment":"scroll","background-type":"","background-media":"","overlay-type":"","overlay-color":"","overlay-opacity":"","overlay-gradient":""},"mobile":{"background-color":"","background-image":"","background-repeat":"repeat","background-position":"center center","background-size":"auto","background-attachment":"scroll","background-type":"","background-media":"","overlay-type":"","overlay-color":"","overlay-opacity":"","overlay-gradient":""}},"ast-content-background-meta":{"desktop":{"background-color":"var(--ast-global-color-5)","background-image":"","background-repeat":"repeat","background-position":"center center","background-size":"auto","background-attachment":"scroll","background-type":"","background-media":"","overlay-type":"","overlay-color":"","overlay-opacity":"","overlay-gradient":""},"tablet":{"background-color":"var(--ast-global-color-5)","background-image":"","background-repeat":"repeat","background-position":"center center","background-size":"auto","background-attachment":"scroll","background-type":"","background-media":"","overlay-type":"","overlay-color":"","overlay-opacity":"","overlay-gradient":""},"mobile":{"background-color":"var(--ast-global-color-5)","background-image":"","background-repeat":"repeat","background-position":"center center","background-size":"auto","background-attachment":"scroll","background-type":"","background-media":"","overlay-type":"","overlay-color":"","overlay-opacity":"","overlay-gradient":""}}},"product_brand":[],"product_cat":[201,26,199,299,146,87],"product_tag":[],"class_list":{"0":"post-144039","1":"product","2":"type-product","3":"status-publish","4":"has-post-thumbnail","6":"product_cat-accessoires","7":"product_cat-art-de-la-table","8":"product_cat-art-de-vivre","9":"product_cat-cadeaux","10":"product_cat-e-shop","11":"product_cat-vaisselle","12":"desktop-align-left","13":"tablet-align-left","14":"mobile-align-left","15":"ast-product-gallery-layout-horizontal","16":"ast-product-single-variable","17":"ast-qv-on-image","19":"first","20":"instock","21":"taxable","22":"shipping-taxable","23":"purchasable","24":"product-type-variable"},"_links":{"self":[{"href":"https:\/\/sentou.fr\/el\/wp-json\/wp\/v2\/product\/144039","targetHints":{"allow":["GET"]}}],"collection":[{"href":"https:\/\/sentou.fr\/el\/wp-json\/wp\/v2\/product"}],"about":[{"href":"https:\/\/sentou.fr\/el\/wp-json\/wp\/v2\/types\/product"}],"wp:featuredmedia":[{"embeddable":true,"href":"https:\/\/sentou.fr\/el\/wp-json\/wp\/v2\/media\/144050"}],"wp:attachment":[{"href":"https:\/\/sentou.fr\/el\/wp-json\/wp\/v2\/media?parent=144039"}],"wp:term":[{"taxonomy":"product_brand","embeddable":true,"href":"https:\/\/sentou.fr\/el\/wp-json\/wp\/v2\/product_brand?post=144039"},{"taxonomy":"product_cat","embeddable":true,"href":"https:\/\/sentou.fr\/el\/wp-json\/wp\/v2\/product_cat?post=144039"},{"taxonomy":"product_tag","embeddable":true,"href":"https:\/\/sentou.fr\/el\/wp-json\/wp\/v2\/product_tag?post=144039"}],"curies":[{"name":"wp","href":"https:\/\/api.w.org\/{rel}","templated":true}]}}