{"id":144216,"date":"2025-11-30T19:27:12","date_gmt":"2025-11-30T17:27:12","guid":{"rendered":"https:\/\/sentou.fr\/?post_type=product&#038;p=144216"},"modified":"2025-12-01T19:38:47","modified_gmt":"2025-12-01T17:38:47","slug":"kyoto-set-de-6-verres","status":"publish","type":"product","link":"https:\/\/sentou.fr\/el\/produit\/kyoto-set-de-6-verres\/","title":{"rendered":"Kyoto Set de 6 verres"},"content":{"rendered":"<ul>\n<li>Vendu en set de 6 verres aux coloris assortis<\/li>\n<li><span style=\"color: #000000;\"><strong style=\"font-weight: bold; color: #4f4f4f;\">Dimensions :<\/strong><span style=\"color: #4f4f4f;\"> format de chaque verre <span data-sheets-value=\"{&quot;1&quot;:2,&quot;2&quot;:&quot;H 11,3 cm, \u00d8 4,6 - 7,5 cm&quot;}\" data-sheets-userformat=\"{&quot;2&quot;:641,&quot;3&quot;:{&quot;1&quot;:0},&quot;10&quot;:2,&quot;12&quot;:0}\">H 8,5 cm cm, \u00d8 8 cm<\/span><\/span><br style=\"color: #4f4f4f;\" \/><\/span><\/li>\n<li><span style=\"color: #000000;\"><strong style=\"font-weight: bold; color: #4f4f4f;\">Mat\u00e9riau :<\/strong><span style=\"color: #4f4f4f;\"> verre cristallin teint\u00e9 grav\u00e9<\/span><br \/>\n<\/span><\/li>\n<li><strong>coloris : <\/strong>rouge, bleu, am\u00e9thyste, vert, \u00a0turquoise et orange<\/li>\n<li><strong>motifs :<\/strong> grav\u00e9s de branches de cerisiers en fleurs<\/li>\n<li><strong><span style=\"font-size: 16px; font-style: normal;\">Passe au lave-vaiselle\u00a0<\/span><\/strong><\/li>\n<\/ul>","protected":false},"excerpt":{"rendered":"<p>Les verres KYOTO sont fabriqu\u00e9s \u00e0 partir de verre teint\u00e9, grav\u00e9s de branches de fleurs de cerisier.<\/p>\n<p>Six verres, six couleurs, un m\u00eame motif, un classique&#8230;<\/p>","protected":false},"featured_media":144217,"template":"","meta":{"site-sidebar-layout":"default","site-content-layout":"default","ast-site-content-layout":"default","site-content-style":"default","site-sidebar-style":"default","ast-global-header-display":"","ast-banner-title-visibility":"","ast-main-header-display":"","ast-hfb-above-header-display":"","ast-hfb-below-header-display":"","ast-hfb-mobile-header-display":"","site-post-title":"","ast-breadcrumbs-content":"","ast-featured-img":"","footer-sml-layout":"","ast-disable-related-posts":"","theme-transparent-header-meta":"default","adv-header-id-meta":"","stick-header-meta":"default","header-above-stick-meta":"","header-main-stick-meta":"","header-below-stick-meta":"","astra-migrate-meta-layouts":"set","ast-page-background-enabled":"default","ast-page-background-meta":{"desktop":{"background-color":"","background-image":"","background-repeat":"repeat","background-position":"center center","background-size":"auto","background-attachment":"scroll","background-type":"","background-media":"","overlay-type":"","overlay-color":"","overlay-opacity":"","overlay-gradient":""},"tablet":{"background-color":"","background-image":"","background-repeat":"repeat","background-position":"center center","background-size":"auto","background-attachment":"scroll","background-type":"","background-media":"","overlay-type":"","overlay-color":"","overlay-opacity":"","overlay-gradient":""},"mobile":{"background-color":"","background-image":"","background-repeat":"repeat","background-position":"center center","background-size":"auto","background-attachment":"scroll","background-type":"","background-media":"","overlay-type":"","overlay-color":"","overlay-opacity":"","overlay-gradient":""}},"ast-content-background-meta":{"desktop":{"background-color":"var(--ast-global-color-5)","background-image":"","background-repeat":"repeat","background-position":"center center","background-size":"auto","background-attachment":"scroll","background-type":"","background-media":"","overlay-type":"","overlay-color":"","overlay-opacity":"","overlay-gradient":""},"tablet":{"background-color":"var(--ast-global-color-5)","background-image":"","background-repeat":"repeat","background-position":"center center","background-size":"auto","background-attachment":"scroll","background-type":"","background-media":"","overlay-type":"","overlay-color":"","overlay-opacity":"","overlay-gradient":""},"mobile":{"background-color":"var(--ast-global-color-5)","background-image":"","background-repeat":"repeat","background-position":"center center","background-size":"auto","background-attachment":"scroll","background-type":"","background-media":"","overlay-type":"","overlay-color":"","overlay-opacity":"","overlay-gradient":""}}},"product_brand":[],"product_cat":[26,299,573,146,87],"product_tag":[206,221],"class_list":{"0":"post-144216","1":"product","2":"type-product","3":"status-publish","4":"has-post-thumbnail","6":"product_cat-art-de-la-table","7":"product_cat-cadeaux","8":"product_cat-design","9":"product_cat-e-shop","10":"product_cat-vaisselle","11":"product_tag-cryptogamme","12":"product_tag-roger-tallon","13":"desktop-align-left","14":"tablet-align-left","15":"mobile-align-left","16":"ast-product-gallery-layout-horizontal","17":"ast-product-gallery-with-no-image","18":"ast-qv-on-image","20":"first","21":"instock","22":"taxable","23":"shipping-taxable","24":"purchasable","25":"product-type-simple"},"_links":{"self":[{"href":"https:\/\/sentou.fr\/el\/wp-json\/wp\/v2\/product\/144216","targetHints":{"allow":["GET"]}}],"collection":[{"href":"https:\/\/sentou.fr\/el\/wp-json\/wp\/v2\/product"}],"about":[{"href":"https:\/\/sentou.fr\/el\/wp-json\/wp\/v2\/types\/product"}],"wp:featuredmedia":[{"embeddable":true,"href":"https:\/\/sentou.fr\/el\/wp-json\/wp\/v2\/media\/144217"}],"wp:attachment":[{"href":"https:\/\/sentou.fr\/el\/wp-json\/wp\/v2\/media?parent=144216"}],"wp:term":[{"taxonomy":"product_brand","embeddable":true,"href":"https:\/\/sentou.fr\/el\/wp-json\/wp\/v2\/product_brand?post=144216"},{"taxonomy":"product_cat","embeddable":true,"href":"https:\/\/sentou.fr\/el\/wp-json\/wp\/v2\/product_cat?post=144216"},{"taxonomy":"product_tag","embeddable":true,"href":"https:\/\/sentou.fr\/el\/wp-json\/wp\/v2\/product_tag?post=144216"}],"curies":[{"name":"wp","href":"https:\/\/api.w.org\/{rel}","templated":true}]}}