{"id":144281,"date":"2025-12-11T15:05:44","date_gmt":"2025-12-11T13:05:44","guid":{"rendered":"https:\/\/sentou.fr\/?post_type=product&#038;p=144281"},"modified":"2025-12-11T15:05:44","modified_gmt":"2025-12-11T13:05:44","slug":"photophore-gold","status":"publish","type":"product","link":"https:\/\/sentou.fr\/el\/produit\/photophore-gold\/","title":{"rendered":"Photophore GOLD"},"content":{"rendered":"<p><strong>Taille unique <\/strong><\/p>\n<p><strong>Dimensions : <\/strong>\u00a0Hauteur \u00a011 cm \u00a0x diam\u00e8tre \u00d8 10,5 cm<\/p>\n<p><strong style=\"font-size: 16px;\">Mat\u00e9riaux :<\/strong><span style=\"font-size: 16px;\"> verre recouvert partiellement d&rsquo;une finition OR<\/span><\/p>\n<p><strong>Emballage:<\/strong> vendu dans un coffret<\/p>","protected":false},"excerpt":{"rendered":"<p style=\"font-weight: 400;\">Le photophore GOLD est un grand photophore de 11cm de hauteur, fabriqu\u00e9 en verre transparent sublim\u00e9 par une finition dor\u00e9e \u00e9clatante sur la partie basse et un effet verre glac\u00e9e sur la partie haute. On peut y mettre 3 bougies chauffe-plat pour plus de scintillement<\/p>\n<p style=\"font-weight: 400;\">Cr\u00e9ant des jeux de lumi\u00e8re chaleureux et sophistiqu\u00e9s, son design vibrant est \u00e0 la fois moderne et \u00e9l\u00e9gant, et s\u2019int\u00e8gre parfaitement dans tout type de d\u00e9coration.<\/p>\n<p style=\"font-weight: 400;\">Magnifique sur une table, sur un bahut, une chemin\u00e9e\u2026 simple et \u00e9l\u00e9gant\u2026<\/p>","protected":false},"featured_media":144282,"template":"","meta":{"site-sidebar-layout":"default","site-content-layout":"","ast-site-content-layout":"default","site-content-style":"default","site-sidebar-style":"default","ast-global-header-display":"","ast-banner-title-visibility":"","ast-main-header-display":"","ast-hfb-above-header-display":"","ast-hfb-below-header-display":"","ast-hfb-mobile-header-display":"","site-post-title":"","ast-breadcrumbs-content":"","ast-featured-img":"","footer-sml-layout":"","ast-disable-related-posts":"","theme-transparent-header-meta":"default","adv-header-id-meta":"","stick-header-meta":"default","header-above-stick-meta":"","header-main-stick-meta":"","header-below-stick-meta":"","astra-migrate-meta-layouts":"set","ast-page-background-enabled":"default","ast-page-background-meta":{"desktop":{"background-color":"","background-image":"","background-repeat":"repeat","background-position":"center center","background-size":"auto","background-attachment":"scroll","background-type":"","background-media":"","overlay-type":"","overlay-color":"","overlay-opacity":"","overlay-gradient":""},"tablet":{"background-color":"","background-image":"","background-repeat":"repeat","background-position":"center center","background-size":"auto","background-attachment":"scroll","background-type":"","background-media":"","overlay-type":"","overlay-color":"","overlay-opacity":"","overlay-gradient":""},"mobile":{"background-color":"","background-image":"","background-repeat":"repeat","background-position":"center center","background-size":"auto","background-attachment":"scroll","background-type":"","background-media":"","overlay-type":"","overlay-color":"","overlay-opacity":"","overlay-gradient":""}},"ast-content-background-meta":{"desktop":{"background-color":"var(--ast-global-color-5)","background-image":"","background-repeat":"repeat","background-position":"center center","background-size":"auto","background-attachment":"scroll","background-type":"","background-media":"","overlay-type":"","overlay-color":"","overlay-opacity":"","overlay-gradient":""},"tablet":{"background-color":"var(--ast-global-color-5)","background-image":"","background-repeat":"repeat","background-position":"center center","background-size":"auto","background-attachment":"scroll","background-type":"","background-media":"","overlay-type":"","overlay-color":"","overlay-opacity":"","overlay-gradient":""},"mobile":{"background-color":"var(--ast-global-color-5)","background-image":"","background-repeat":"repeat","background-position":"center center","background-size":"auto","background-attachment":"scroll","background-type":"","background-media":"","overlay-type":"","overlay-color":"","overlay-opacity":"","overlay-gradient":""}}},"product_brand":[],"product_cat":[26,299,573,146],"product_tag":[],"class_list":{"0":"post-144281","1":"product","2":"type-product","3":"status-publish","4":"has-post-thumbnail","6":"product_cat-art-de-la-table","7":"product_cat-cadeaux","8":"product_cat-design","9":"product_cat-e-shop","10":"desktop-align-left","11":"tablet-align-left","12":"mobile-align-left","13":"ast-product-gallery-layout-horizontal","14":"ast-product-gallery-with-no-image","15":"ast-qv-on-image","17":"first","18":"instock","19":"taxable","20":"shipping-taxable","21":"purchasable","22":"product-type-simple"},"_links":{"self":[{"href":"https:\/\/sentou.fr\/el\/wp-json\/wp\/v2\/product\/144281","targetHints":{"allow":["GET"]}}],"collection":[{"href":"https:\/\/sentou.fr\/el\/wp-json\/wp\/v2\/product"}],"about":[{"href":"https:\/\/sentou.fr\/el\/wp-json\/wp\/v2\/types\/product"}],"wp:featuredmedia":[{"embeddable":true,"href":"https:\/\/sentou.fr\/el\/wp-json\/wp\/v2\/media\/144282"}],"wp:attachment":[{"href":"https:\/\/sentou.fr\/el\/wp-json\/wp\/v2\/media?parent=144281"}],"wp:term":[{"taxonomy":"product_brand","embeddable":true,"href":"https:\/\/sentou.fr\/el\/wp-json\/wp\/v2\/product_brand?post=144281"},{"taxonomy":"product_cat","embeddable":true,"href":"https:\/\/sentou.fr\/el\/wp-json\/wp\/v2\/product_cat?post=144281"},{"taxonomy":"product_tag","embeddable":true,"href":"https:\/\/sentou.fr\/el\/wp-json\/wp\/v2\/product_tag?post=144281"}],"curies":[{"name":"wp","href":"https:\/\/api.w.org\/{rel}","templated":true}]}}