{"id":360,"date":"2023-09-10T12:45:21","date_gmt":"2023-09-10T10:45:21","guid":{"rendered":"https:\/\/www.sentou2021.malibellule.com\/produit\/dnk-black-blue-sport-shoes\/"},"modified":"2026-03-01T11:47:59","modified_gmt":"2026-03-01T09:47:59","slug":"chaise-ts","status":"publish","type":"product","link":"https:\/\/sentou.fr\/el\/produit\/chaise-ts\/","title":{"rendered":"Chaise TS"},"content":{"rendered":"<ul>\n<li><strong>Dimensions :<\/strong> H 73 x L 46 cm<\/li>\n<li><strong>Epaisseur \u00e0 plat :<\/strong> 2,4 cm<\/li>\n<li><strong>Assise :<\/strong> H 45 x P 32 cm<\/li>\n<li><strong>Mat\u00e9riaux :<\/strong> H\u00eatre multiplis<\/li>\n<\/ul>\n<hr \/>\n<p>Cette chaise d&rsquo;appoint a \u00e9t\u00e9 con\u00e7ue dans l&rsquo;id\u00e9e d&rsquo;une \u00e9conomie de mati\u00e8re maximum : d\u00e9coup\u00e9e dans un seul panneau de contreplaqu\u00e9, elle est la chaise la plus fine jamais produite tout en offrant solidit\u00e9 et r\u00e9sistance.<\/p>\n<p>Veritable exercice de design, la chaise TS passe d&rsquo;un seul geste de la surface au volume, et redevient compl\u00e8tement plate une fois pli\u00e9e, pour un stockage simple et efficace. Elle peut s&rsquo;accrocher au mur gr\u00e2ce \u00e0 une pat\u00e8re vendue s\u00e9par\u00e9ment.<\/p>","protected":false},"excerpt":{"rendered":"<p>T pour Tallon, S pour Sentou.<\/p>\n<p>Cousin germain de Robert Sentou, Roger Tallon n\u2019est pas \u00e9tranger \u00e0 la vocation de son cousin du P\u00e9rigord.<\/p>\n<p>Leur collaboration a d\u00e9but\u00e9 d\u00e8s les premi\u00e8res ann\u00e9es dans l\u2019atelier de Lalinde, pour r\u00e9pondre \u00e0 des projets cr\u00e9atifs sp\u00e9cifiques et les produire ensemble. Laur\u00e9ate en 1977 d\u2019un concours de design sur le th\u00e8me du gain de place initi\u00e9 par le V.I.A, la chaise TS fut \u00e9dit\u00e9e par Robert Sentou jusque dans les ann\u00e9es 90. Elle est r\u00e9\u00e9dit\u00e9e par Sentou Edition depuis 2016.<\/p>","protected":false},"featured_media":4767,"template":"","meta":{"site-sidebar-layout":"default","site-content-layout":"default","ast-site-content-layout":"default","site-content-style":"default","site-sidebar-style":"default","ast-global-header-display":"","ast-banner-title-visibility":"","ast-main-header-display":"","ast-hfb-above-header-display":"","ast-hfb-below-header-display":"","ast-hfb-mobile-header-display":"","site-post-title":"","ast-breadcrumbs-content":"","ast-featured-img":"","footer-sml-layout":"","ast-disable-related-posts":"","theme-transparent-header-meta":"default","adv-header-id-meta":"","stick-header-meta":"default","header-above-stick-meta":"","header-main-stick-meta":"","header-below-stick-meta":"","astra-migrate-meta-layouts":"set","ast-page-background-enabled":"default","ast-page-background-meta":{"desktop":{"background-color":"","background-image":"","background-repeat":"repeat","background-position":"center center","background-size":"auto","background-attachment":"scroll","background-type":"","background-media":"","overlay-type":"","overlay-color":"","overlay-opacity":"","overlay-gradient":""},"tablet":{"background-color":"","background-image":"","background-repeat":"repeat","background-position":"center center","background-size":"auto","background-attachment":"scroll","background-type":"","background-media":"","overlay-type":"","overlay-color":"","overlay-opacity":"","overlay-gradient":""},"mobile":{"background-color":"","background-image":"","background-repeat":"repeat","background-position":"center center","background-size":"auto","background-attachment":"scroll","background-type":"","background-media":"","overlay-type":"","overlay-color":"","overlay-opacity":"","overlay-gradient":""}},"ast-content-background-meta":{"desktop":{"background-color":"var(--ast-global-color-5)","background-image":"","background-repeat":"repeat","background-position":"center center","background-size":"auto","background-attachment":"scroll","background-type":"","background-media":"","overlay-type":"","overlay-color":"","overlay-opacity":"","overlay-gradient":""},"tablet":{"background-color":"var(--ast-global-color-5)","background-image":"","background-repeat":"repeat","background-position":"center center","background-size":"auto","background-attachment":"scroll","background-type":"","background-media":"","overlay-type":"","overlay-color":"","overlay-opacity":"","overlay-gradient":""},"mobile":{"background-color":"var(--ast-global-color-5)","background-image":"","background-repeat":"repeat","background-position":"center center","background-size":"auto","background-attachment":"scroll","background-type":"","background-media":"","overlay-type":"","overlay-color":"","overlay-opacity":"","overlay-gradient":""}}},"product_brand":[],"product_cat":[18,573,74,89],"product_tag":[221,211],"class_list":{"0":"post-360","1":"product","2":"type-product","3":"status-publish","4":"has-post-thumbnail","6":"product_cat-mobilier","7":"product_cat-design","8":"product_cat-roger-tallon","9":"product_cat-sieges","10":"product_tag-roger-tallon","11":"product_tag-ts","12":"desktop-align-left","13":"tablet-align-left","14":"mobile-align-left","15":"ast-product-gallery-layout-horizontal","16":"ast-product-single-variable","17":"ast-qv-on-image","19":"first","20":"instock","21":"taxable","22":"shipping-taxable","23":"purchasable","24":"product-type-variable"},"_links":{"self":[{"href":"https:\/\/sentou.fr\/el\/wp-json\/wp\/v2\/product\/360","targetHints":{"allow":["GET"]}}],"collection":[{"href":"https:\/\/sentou.fr\/el\/wp-json\/wp\/v2\/product"}],"about":[{"href":"https:\/\/sentou.fr\/el\/wp-json\/wp\/v2\/types\/product"}],"wp:featuredmedia":[{"embeddable":true,"href":"https:\/\/sentou.fr\/el\/wp-json\/wp\/v2\/media\/4767"}],"wp:attachment":[{"href":"https:\/\/sentou.fr\/el\/wp-json\/wp\/v2\/media?parent=360"}],"wp:term":[{"taxonomy":"product_brand","embeddable":true,"href":"https:\/\/sentou.fr\/el\/wp-json\/wp\/v2\/product_brand?post=360"},{"taxonomy":"product_cat","embeddable":true,"href":"https:\/\/sentou.fr\/el\/wp-json\/wp\/v2\/product_cat?post=360"},{"taxonomy":"product_tag","embeddable":true,"href":"https:\/\/sentou.fr\/el\/wp-json\/wp\/v2\/product_tag?post=360"}],"curies":[{"name":"wp","href":"https:\/\/api.w.org\/{rel}","templated":true}]}}