{"id":3699,"date":"2021-08-07T12:49:59","date_gmt":"2021-08-07T10:49:59","guid":{"rendered":"https:\/\/www.sentou2021.malibellule.com\/?post_type=product&#038;p=3699"},"modified":"2026-03-31T17:18:12","modified_gmt":"2026-03-31T15:18:12","slug":"patere-ts","status":"publish","type":"product","link":"https:\/\/sentou.fr\/el\/produit\/patere-ts\/","title":{"rendered":"Pat\u00e8re TS"},"content":{"rendered":"<ul>\n<li><strong>Dimensions : <\/strong>prof 5 cm, \u00d8 6 cm<\/li>\n<li><strong>Mat\u00e9riau :<\/strong> H\u00eatre multiplis<\/li>\n<\/ul>","protected":false},"excerpt":{"rendered":"<p class=\"translation-block\">La pat\u00e8re TS est le compl\u00e9ment id\u00e9al de la <span style=\"color: #ff6600;\">Chaise TS<\/span>. Ultra-pratique, elle permet de suspendre votre chaise, mais aussi de la mettre en valeur quand elle n\u2019est pas utilis\u00e9e.<\/p>\n<p>Une seule pat\u00e8re permet de suspendre 2 chaises ensemble<\/p>\n<p>Laur\u00e9ate en 1977 d\u2019un concours de design sur le th\u00e8me du gain de place initi\u00e9 par le V.I.A, la chaise TS fut \u00e9dit\u00e9e par Robert Sentou jusque dans les ann\u00e9es 90. Elle est r\u00e9\u00e9dit\u00e9e par Sentou Edition depuis 2016.<\/p>\n<p>Cette chaise d&rsquo;appoint a \u00e9t\u00e9 con\u00e7ue dans l&rsquo;id\u00e9e d&rsquo;une \u00e9conomie de mati\u00e8re maximum : d\u00e9coup\u00e9e dans un seul panneau de contreplaqu\u00e9, elle est la chaise la plus fine jamais produite tout en offrant solidit\u00e9 et r\u00e9sistance.<\/p>\n<p>Veritable exercice de design, la chaise TS passe d&rsquo;un seul geste de la surface au volume, et redevient compl\u00e8tement plate une fois pli\u00e9e, pour un stockage simple et efficace.<\/p>","protected":false},"featured_media":4761,"template":"","meta":{"site-sidebar-layout":"default","site-content-layout":"default","ast-site-content-layout":"default","site-content-style":"default","site-sidebar-style":"default","ast-global-header-display":"","ast-banner-title-visibility":"","ast-main-header-display":"","ast-hfb-above-header-display":"","ast-hfb-below-header-display":"","ast-hfb-mobile-header-display":"","site-post-title":"","ast-breadcrumbs-content":"","ast-featured-img":"","footer-sml-layout":"","ast-disable-related-posts":"","theme-transparent-header-meta":"default","adv-header-id-meta":"","stick-header-meta":"default","header-above-stick-meta":"","header-main-stick-meta":"","header-below-stick-meta":"","astra-migrate-meta-layouts":"set","ast-page-background-enabled":"default","ast-page-background-meta":{"desktop":{"background-color":"","background-image":"","background-repeat":"repeat","background-position":"center center","background-size":"auto","background-attachment":"scroll","background-type":"","background-media":"","overlay-type":"","overlay-color":"","overlay-opacity":"","overlay-gradient":""},"tablet":{"background-color":"","background-image":"","background-repeat":"repeat","background-position":"center center","background-size":"auto","background-attachment":"scroll","background-type":"","background-media":"","overlay-type":"","overlay-color":"","overlay-opacity":"","overlay-gradient":""},"mobile":{"background-color":"","background-image":"","background-repeat":"repeat","background-position":"center center","background-size":"auto","background-attachment":"scroll","background-type":"","background-media":"","overlay-type":"","overlay-color":"","overlay-opacity":"","overlay-gradient":""}},"ast-content-background-meta":{"desktop":{"background-color":"var(--ast-global-color-5)","background-image":"","background-repeat":"repeat","background-position":"center center","background-size":"auto","background-attachment":"scroll","background-type":"","background-media":"","overlay-type":"","overlay-color":"","overlay-opacity":"","overlay-gradient":""},"tablet":{"background-color":"var(--ast-global-color-5)","background-image":"","background-repeat":"repeat","background-position":"center center","background-size":"auto","background-attachment":"scroll","background-type":"","background-media":"","overlay-type":"","overlay-color":"","overlay-opacity":"","overlay-gradient":""},"mobile":{"background-color":"var(--ast-global-color-5)","background-image":"","background-repeat":"repeat","background-position":"center center","background-size":"auto","background-attachment":"scroll","background-type":"","background-media":"","overlay-type":"","overlay-color":"","overlay-opacity":"","overlay-gradient":""}}},"product_brand":[],"product_cat":[18,74,89],"product_tag":[221,211],"class_list":{"0":"post-3699","1":"product","2":"type-product","3":"status-publish","4":"has-post-thumbnail","6":"product_cat-mobilier","7":"product_cat-roger-tallon","8":"product_cat-sieges","9":"product_tag-roger-tallon","10":"product_tag-ts","11":"desktop-align-left","12":"tablet-align-left","13":"mobile-align-left","14":"ast-product-gallery-layout-horizontal","15":"ast-product-single-variable","16":"ast-qv-on-image","18":"first","19":"instock","20":"taxable","21":"shipping-taxable","22":"purchasable","23":"product-type-variable"},"_links":{"self":[{"href":"https:\/\/sentou.fr\/el\/wp-json\/wp\/v2\/product\/3699","targetHints":{"allow":["GET"]}}],"collection":[{"href":"https:\/\/sentou.fr\/el\/wp-json\/wp\/v2\/product"}],"about":[{"href":"https:\/\/sentou.fr\/el\/wp-json\/wp\/v2\/types\/product"}],"wp:featuredmedia":[{"embeddable":true,"href":"https:\/\/sentou.fr\/el\/wp-json\/wp\/v2\/media\/4761"}],"wp:attachment":[{"href":"https:\/\/sentou.fr\/el\/wp-json\/wp\/v2\/media?parent=3699"}],"wp:term":[{"taxonomy":"product_brand","embeddable":true,"href":"https:\/\/sentou.fr\/el\/wp-json\/wp\/v2\/product_brand?post=3699"},{"taxonomy":"product_cat","embeddable":true,"href":"https:\/\/sentou.fr\/el\/wp-json\/wp\/v2\/product_cat?post=3699"},{"taxonomy":"product_tag","embeddable":true,"href":"https:\/\/sentou.fr\/el\/wp-json\/wp\/v2\/product_tag?post=3699"}],"curies":[{"name":"wp","href":"https:\/\/api.w.org\/{rel}","templated":true}]}}