{"id":3967,"date":"2021-08-08T12:40:10","date_gmt":"2021-08-08T10:40:10","guid":{"rendered":"https:\/\/www.sentou2021.malibellule.com\/?post_type=product&#038;p=3967"},"modified":"2024-06-20T16:42:12","modified_gmt":"2024-06-20T14:42:12","slug":"akari-5ad","status":"publish","type":"product","link":"https:\/\/sentou.fr\/el\/produit\/akari-5ad\/","title":{"rendered":"Akari 5AD"},"content":{"rendered":"<ul>\n<li><strong style=\"font-weight: bold; color: #4f4f4f;\">Dimensions :<\/strong><span style=\"color: #4f4f4f;\"> L 33 x H 60 cm<\/span><\/li>\n<li><strong style=\"font-weight: bold; color: #4f4f4f;\">Ann\u00e9e de cr\u00e9ation: <\/strong>1952<\/li>\n<li><strong style=\"font-weight: bold; color: #4f4f4f;\">Mat\u00e9riaux :<\/strong><span style=\"color: #4f4f4f;\"> Papier washi s\u00e9rigraphi\u00e9, structure bambou, pied m\u00e9tal.<\/span><\/li>\n<li><strong style=\"font-weight: bold; color: #4f4f4f;\">Informations compl\u00e9mentaires :<\/strong><span style=\"color: #4f4f4f;\"> La lampe AKARI 5AD est livr\u00e9e avec un montage \u00e9lectrique aux normes Europ\u00e9ennes &#8211; Douille E27.<\/span><\/li>\n<\/ul>\n<hr \/>\n<p>Les sculptures lumineuses AKARI, mot qui signifie lumi\u00e8re en japonais, diffusent une lumi\u00e8re douce et solaire.<\/p>\n<p>Isamu Noguchi aimait \u00e0 dire que \u00ab pour se cr\u00e9er un chez-\u00adsoi, il suffit d\u2019une pi\u00e8ce, d\u2019un tatami et d\u2019une AKARI \u00bb.<\/p>\n<p>La collection de luminaires AKARI, dessin\u00e9e par Isamu Noguchi \u00e0 partir de 1952 et inspir\u00e9e par les lanternes traditionnelles japonaises, est le fruit d\u2019un v\u00e9ritable travail artisanal perp\u00e9tu\u00e9 depuis le VIIe si\u00e8cle.<\/p>\n<p>Fabriqu\u00e9e artisanalement au Japon, dans le m\u00eame atelier depuis les ann\u00e9es 50, la collection AKARI est r\u00e9alis\u00e9e \u00e0 la main en papier Washi, fabriqu\u00e9 de mani\u00e8re traditionnelle \u00e0 partir de l\u2019\u00e9corce interne du m\u00fbrier. Le papier est ensuite coll\u00e9 \u00e0 la main sur une armature flexible en lamelles de bambou, qui lui donne cette allure si l\u00e9g\u00e8re et d\u00e9licate.<\/p>\n<p>Consid\u00e9r\u00e9 comme un talent universel, Isamu Noguchi marqua son \u0153uvre d\u2019un style sculptural vou\u00e9 \u00e0 un langage formel organique qui influencera durablement le design.<\/p>","protected":false},"excerpt":{"rendered":"<p>LAMPE A POSER<\/p>\n<p><strong style=\"font-weight: bold; color: #4f4f4f;\">Dimensions :<\/strong><span style=\"color: #4f4f4f;\"> L 33 x H 60 cm<\/span><\/p>\n<p>La lampe Akari 5AD est un mod\u00e8le unique, dont la forme circulaire et le motif s\u00e9rigraphi\u00e9 \u00e9voquent le yin et le yang. Pos\u00e9e au sol ou sur un meuble, elle devient un v\u00e9ritable objet de d\u00e9coration, sobre et intemporel.<\/p>","protected":false},"featured_media":4863,"template":"","meta":{"site-sidebar-layout":"default","site-content-layout":"default","ast-site-content-layout":"default","site-content-style":"default","site-sidebar-style":"default","ast-global-header-display":"","ast-banner-title-visibility":"","ast-main-header-display":"","ast-hfb-above-header-display":"","ast-hfb-below-header-display":"","ast-hfb-mobile-header-display":"","site-post-title":"","ast-breadcrumbs-content":"","ast-featured-img":"","footer-sml-layout":"","ast-disable-related-posts":"","theme-transparent-header-meta":"default","adv-header-id-meta":"","stick-header-meta":"default","header-above-stick-meta":"","header-main-stick-meta":"","header-below-stick-meta":"","astra-migrate-meta-layouts":"set","ast-page-background-enabled":"default","ast-page-background-meta":{"desktop":{"background-color":"","background-image":"","background-repeat":"repeat","background-position":"center center","background-size":"auto","background-attachment":"scroll","background-type":"","background-media":"","overlay-type":"","overlay-color":"","overlay-opacity":"","overlay-gradient":""},"tablet":{"background-color":"","background-image":"","background-repeat":"repeat","background-position":"center center","background-size":"auto","background-attachment":"scroll","background-type":"","background-media":"","overlay-type":"","overlay-color":"","overlay-opacity":"","overlay-gradient":""},"mobile":{"background-color":"","background-image":"","background-repeat":"repeat","background-position":"center center","background-size":"auto","background-attachment":"scroll","background-type":"","background-media":"","overlay-type":"","overlay-color":"","overlay-opacity":"","overlay-gradient":""}},"ast-content-background-meta":{"desktop":{"background-color":"var(--ast-global-color-5)","background-image":"","background-repeat":"repeat","background-position":"center center","background-size":"auto","background-attachment":"scroll","background-type":"","background-media":"","overlay-type":"","overlay-color":"","overlay-opacity":"","overlay-gradient":""},"tablet":{"background-color":"var(--ast-global-color-5)","background-image":"","background-repeat":"repeat","background-position":"center center","background-size":"auto","background-attachment":"scroll","background-type":"","background-media":"","overlay-type":"","overlay-color":"","overlay-opacity":"","overlay-gradient":""},"mobile":{"background-color":"var(--ast-global-color-5)","background-image":"","background-repeat":"repeat","background-position":"center center","background-size":"auto","background-attachment":"scroll","background-type":"","background-media":"","overlay-type":"","overlay-color":"","overlay-opacity":"","overlay-gradient":""}}},"product_brand":[],"product_cat":[17,75,94],"product_tag":[197,220],"class_list":{"0":"post-3967","1":"product","2":"type-product","3":"status-publish","4":"has-post-thumbnail","6":"product_cat-luminaires","7":"product_cat-isamu-noguchi","8":"product_cat-lampes-a-poser","9":"product_tag-akari","10":"product_tag-isamu-noguchi","11":"desktop-align-left","12":"tablet-align-left","13":"mobile-align-left","14":"ast-product-gallery-layout-horizontal","15":"ast-product-gallery-with-no-image","16":"ast-qv-on-image","18":"first","19":"instock","20":"taxable","21":"shipping-taxable","22":"purchasable","23":"product-type-simple"},"_links":{"self":[{"href":"https:\/\/sentou.fr\/el\/wp-json\/wp\/v2\/product\/3967","targetHints":{"allow":["GET"]}}],"collection":[{"href":"https:\/\/sentou.fr\/el\/wp-json\/wp\/v2\/product"}],"about":[{"href":"https:\/\/sentou.fr\/el\/wp-json\/wp\/v2\/types\/product"}],"wp:featuredmedia":[{"embeddable":true,"href":"https:\/\/sentou.fr\/el\/wp-json\/wp\/v2\/media\/4863"}],"wp:attachment":[{"href":"https:\/\/sentou.fr\/el\/wp-json\/wp\/v2\/media?parent=3967"}],"wp:term":[{"taxonomy":"product_brand","embeddable":true,"href":"https:\/\/sentou.fr\/el\/wp-json\/wp\/v2\/product_brand?post=3967"},{"taxonomy":"product_cat","embeddable":true,"href":"https:\/\/sentou.fr\/el\/wp-json\/wp\/v2\/product_cat?post=3967"},{"taxonomy":"product_tag","embeddable":true,"href":"https:\/\/sentou.fr\/el\/wp-json\/wp\/v2\/product_tag?post=3967"}],"curies":[{"name":"wp","href":"https:\/\/api.w.org\/{rel}","templated":true}]}}